{"id":23281,"date":"2023-12-06T09:58:09","date_gmt":"2023-12-06T08:58:09","guid":{"rendered":"https:\/\/e-adams.pl\/produkt\/mieszarka-hm19vs-stalco-perfect-s-98542\/"},"modified":"2024-07-15T11:31:23","modified_gmt":"2024-07-15T09:31:23","slug":"mieszarka-stalco-perfect-hm19vs","status":"publish","type":"product","link":"https:\/\/e-adams.pl\/de\/produkt\/mieszarka-stalco-perfect-hm19vs\/","title":{"rendered":"Mieszarka STALCO PERFECT HM19VS"},"content":{"rendered":"<h3>OPIS:<\/h3>\n<p>Mieszarka STALCO PERFECT HM19VS to niezast\u0105pione narz\u0119dzie na ka\u017cdym placu budowy, idealnie sprawdzaj\u0105ce si\u0119 przy przygotowywaniu chemii budowlanej. Doskonale nadaje si\u0119 do mieszania sk\u0142adnik\u00f3w w zaprawach tynkarskich, g\u0142adziach oraz farbach, zar\u00f3wno w warunkach budowy, jak i w mieszalniach, gdzie \u0142atwo mo\u017cna j\u0105 osadzi\u0107 na stojakach.<\/p>\n<p>Innowacyjna konstrukcja Mieszarki HM19VS pozwala zast\u0105pi\u0107 inne narz\u0119dzia, znacz\u0105co przyspieszaj\u0105c procesy mieszania. Wrzeciono z gwintem M14 umo\u017cliwia \u0142atwe mocowanie r\u00f3\u017cnorodnych akcesori\u00f3w do mieszania. Mieszarka charakteryzuje si\u0119 imponuj\u0105cymi parametrami roboczymi, osi\u0105gaj\u0105c pr\u0119dko\u015b\u0107 obrotow\u0105 do 650 obrot\u00f3w na minut\u0119. Dost\u0119pno\u015b\u0107 dw\u00f3ch bieg\u00f3w pozwala wybiera\u0107 optymalne ustawienia w zale\u017cno\u015bci od rodzaju mieszanki, co eliminuje konieczno\u015b\u0107 cz\u0119stej zmiany narz\u0119dzi.<\/p>\n<p>Mieszarka HM19VS z linii Perfect STALCO zosta\u0142a wyposa\u017cona w zabezpieczenie przed samoczynnym uruchomieniem po przywr\u00f3ceniu zasilania, co stanowi dodatkowy element bezpiecze\u0144stwa. Jej por\u0119czna konstrukcja zapewnia wygodn\u0105 obs\u0142ug\u0119, a mo\u017cliwo\u015b\u0107 osadzenia na stojakach sprawia, \u017ce jest wszechstronnym narz\u0119dziem zar\u00f3wno na placu budowy, jak i w specjalistycznych zak\u0142adach. To nie tylko efektywne, ale r\u00f3wnie\u017c komfortowe rozwi\u0105zanie dla profesjonalist\u00f3w.<\/p>\n<p><b>Najwa\u017cniejsze cechy narz\u0119dzia to:<\/b><\/p>\n<p><b>znaczna moc silnika\u00a0<\/b>&#8211; to najmocniejsze urz\u0105dzenie tego typu od STALCO dysponuje moc\u0105 1900 W, co pozwala na prac\u0119 nawet z bardzo g\u0119stymi mieszankami;<\/p>\n<p><b>system Soft-Start<\/b>\u00a0&#8211; tryb tak zwanego mi\u0119kkiego startu sprawia, \u017ce urz\u0105dzenie nie osi\u0105ga maksymalnych obrot\u00f3w natychmiast po uruchomieniu, co chroni przed zachlapaniem i wylewaniem si\u0119 mieszanej substancji;<\/p>\n<p><b>wygodna zmiana bieg\u00f3w<\/b>\u00a0&#8211; pokr\u0119t\u0142o do zmiany bieg\u00f3w znajduje si\u0119 w pobli\u017cu uchwytu mieszad\u0142a, dlatego zmiana pr\u0119dko\u015bci obrotowej jest mo\u017cliwa nawet bez przerywania pracy.<\/p>\n<p><b>W zestawie:<\/b>\u00a0mieszad\u0142o o160x600, dwa klucze p\u0142askie do monta\u017cu mieszad\u0142a.<\/p>\n<h3>DANE TECHNICZNE:<\/h3>\n<ul>\n<li>Moc znamionowa [W] 1900<\/li>\n<li>Napi\u0119cie znamionowe [V] 230<\/li>\n<li>Cz\u0119stotliwo\u015b\u0107 znamionowa [Hz] 50<\/li>\n<li>Pr\u0119dko\u015b\u0107 obrotowa bez obci\u0105\u017cenia [obr\/min]1 bieg 150-3002 bieg 300-650<\/li>\n<li>Gwint wrzeciona M14<\/li>\n<li>Uchwyt wrzeciona [mm] 22<\/li>\n<li>Stopie\u0144 ochrony IPX0<\/li>\n<li>Waga [kg] 5,8<\/li>\n<li>Klasa ochronno\u015bci II<\/li>\n<li>D\u0142ugo\u015b\u0107 przewodu [m] 4<\/li>\n<li>Indeks : S-98542<\/li>\n<li>Kod EAN: 5901466171950<\/li>\n<\/ul>\n","protected":false},"excerpt":{"rendered":"<p>Mieszarka STALCO PERFECT HM19VS to niezast\u0105pione narz\u0119dzie na ka\u017cdym placu budowy, idealnie sprawdzaj\u0105ce si\u0119 przy przygotowywaniu chemii budowlanej. Doskonale nadaje si\u0119 do mieszania sk\u0142adnik\u00f3w w zaprawach tynkarskich, g\u0142adziach oraz farbach, zar\u00f3wno w warunkach budowy, jak i w mieszalniach, gdzie \u0142atwo mo\u017cna j\u0105 osadzi\u0107 na stojakach.<\/p>\n","protected":false},"featured_media":23814,"comment_status":"open","ping_status":"closed","template":"","meta":{"_acf_changed":false,"inline_featured_image":false},"product_cat":[2895],"product_tag":[1961,1505],"class_list":{"0":"post-23281","1":"product","2":"type-product","3":"status-publish","4":"has-post-thumbnail","6":"product_cat-stalco","7":"product_tag-mieszarka","8":"product_tag-stalco","10":"first","11":"outofstock","12":"shipping-taxable","13":"purchasable","14":"product-type-simple"},"acf":[],"_links":{"self":[{"href":"https:\/\/e-adams.pl\/de\/wp-json\/wp\/v2\/product\/23281","targetHints":{"allow":["GET"]}}],"collection":[{"href":"https:\/\/e-adams.pl\/de\/wp-json\/wp\/v2\/product"}],"about":[{"href":"https:\/\/e-adams.pl\/de\/wp-json\/wp\/v2\/types\/product"}],"replies":[{"embeddable":true,"href":"https:\/\/e-adams.pl\/de\/wp-json\/wp\/v2\/comments?post=23281"}],"wp:featuredmedia":[{"embeddable":true,"href":"https:\/\/e-adams.pl\/de\/wp-json\/wp\/v2\/media\/23814"}],"wp:attachment":[{"href":"https:\/\/e-adams.pl\/de\/wp-json\/wp\/v2\/media?parent=23281"}],"wp:term":[{"taxonomy":"product_cat","embeddable":true,"href":"https:\/\/e-adams.pl\/de\/wp-json\/wp\/v2\/product_cat?post=23281"},{"taxonomy":"product_tag","embeddable":true,"href":"https:\/\/e-adams.pl\/de\/wp-json\/wp\/v2\/product_tag?post=23281"}],"curies":[{"name":"wp","href":"https:\/\/api.w.org\/{rel}","templated":true}]}}