{"id":23282,"date":"2023-12-06T09:58:09","date_gmt":"2023-12-06T08:58:09","guid":{"rendered":"https:\/\/e-adams.pl\/produkt\/mlot-wyburzeniowy-1050w-sds-max-dh10j-stalco-ppemium-s-97520\/"},"modified":"2024-07-15T11:31:20","modified_gmt":"2024-07-15T09:31:20","slug":"mlot-wyburzeniowy-sds-max-stalco-ppemium-1050w-dh10j","status":"publish","type":"product","link":"https:\/\/e-adams.pl\/de\/produkt\/mlot-wyburzeniowy-sds-max-stalco-ppemium-1050w-dh10j\/","title":{"rendered":"M\u0142ot wyburzeniowy SDS MAX STALCO PPEMIUM 1050W DH10J"},"content":{"rendered":"<h3>OPIS:<\/h3>\n<p>M\u0142ot wyburzeniowy SDS MAX STALCO PPEMIUM 1050W DH10J to praktyczne elektronarz\u0119dzie stworzone specjalnie do skuwania w materia\u0142ach budowlanych. Doskonale sprawdza si\u0119 podczas remont\u00f3w i drobnych prac wyburzeniowych, umo\u017cliwiaj\u0105c efektywne zdejmowanie p\u0142ytek ceramicznych, skucie wylewki, wyburzanie \u015bcianek dzia\u0142owych czy wykonywanie otwor\u00f3w w powierzchniach betonowych.<\/p>\n<p>Funkcjonalny M\u0142ot Wyburzeniowy SDS-MAX DHS10J jest wyposa\u017cony w silnik elektryczny o mocy 1050 W, co pozwala na osi\u0105gni\u0119cie imponuj\u0105cej liczby do 2100 uderze\u0144 na minut\u0119, z energi\u0105 10J. Te zaawansowane parametry umo\u017cliwiaj\u0105 szybkie i komfortowe wykonywanie r\u00f3\u017cnorodnych prac budowlanych.<\/p>\n<p>Dodatkowo, os\u0142ona przek\u0142adni wykonana ze stopu magnezowego wp\u0142ywa na lekko\u015b\u0107 narz\u0119dzia i efektywnie odprowadza temperatur\u0119, co przek\u0142ada si\u0119 na wygod\u0119 u\u017cytkowania.<\/p>\n<p>Uchwyt SDS-MAX gwarantuje pewne trzymanie d\u0142uta nawet podczas najtrudniejszych prac, a tak\u017ce umo\u017cliwia b\u0142yskawiczn\u0105 wymian\u0119 akcesori\u00f3w. \u0141OT WYBURZENIOWY SDS MAX DHS10J to niezawodne narz\u0119dzie, kt\u00f3re znacznie u\u0142atwia prace zwi\u0105zane z rozbi\u00f3rk\u0105 czy przygotowywaniem powierzchni do kolejnych etap\u00f3w budowy.<\/p>\n<p>Jego wydajno\u015b\u0107, solidna konstrukcja i \u0142atwo\u015b\u0107 obs\u0142ugi sprawiaj\u0105, \u017ce stanowi nieocenione wsparcie w ka\u017cdym profesjonalnym warsztacie.<\/p>\n<p><strong>WYPOSA\u017bENIE STANDARDOWE<\/strong><\/p>\n<ul>\n<li>1 x d\u0142uto szpiczaste 350mm<\/li>\n<li>1 x d\u0142uto p\u0142askie 25x350mm<\/li>\n<li>1 x zestaw szczotek w\u0119glowych<\/li>\n<li>Uchwyt dodatkowy<\/li>\n<li>Os\u0142ona przed py\u0142em<\/li>\n<li>Smar do uchwytu roboczego<\/li>\n<\/ul>\n<h3>DANE TECHNICZNE:<\/h3>\n<ul>\n<li>Uchwyt wiertarski: SDS-MAX<\/li>\n<li>Napi\u0119cie znamionowe [V]: 220-240<\/li>\n<li>Cz\u0119stotliwo\u015b\u0107 znamionowa [Hz]: 50<\/li>\n<li>Znamionowa moc wej\u015bciowa [W]: 1050<\/li>\n<li>Wsp\u00f3\u0142czynnik udaru [1\/min]: 2100<\/li>\n<li>Energia udaru [J]: 10<\/li>\n<li>Waga [kg]: 5,3<\/li>\n<li>D\u0142ugo\u015b\u0107 przewodu zasilaj\u0105cego [m]: 4<\/li>\n<li>Klasa ochronno\u015bci: II<\/li>\n<li>Poziom ha\u0142asu [dB]: 105<\/li>\n<li>Indeks: S-97520<\/li>\n<li>Kod EAN: 5901466157503<\/li>\n<\/ul>\n","protected":false},"excerpt":{"rendered":"<p>M\u0142ot wyburzeniowy SDS MAX STALCO PPEMIUM 1050W DH10J to praktyczne elektronarz\u0119dzie stworzone specjalnie do skuwania w materia\u0142ach budowlanych. Doskonale sprawdza si\u0119 podczas remont\u00f3w i drobnych prac wyburzeniowych, umo\u017cliwiaj\u0105c efektywne zdejmowanie p\u0142ytek ceramicznych, skucie wylewki, wyburzanie \u015bcianek dzia\u0142owych czy wykonywanie otwor\u00f3w w powierzchniach betonowych.<\/p>\n","protected":false},"featured_media":23812,"comment_status":"open","ping_status":"closed","template":"","meta":{"_acf_changed":false,"inline_featured_image":false},"product_cat":[2895],"product_tag":[2479,2671,1505],"class_list":{"0":"post-23282","1":"product","2":"type-product","3":"status-publish","4":"has-post-thumbnail","6":"product_cat-stalco","7":"product_tag-mlot-wyburzeniowy","8":"product_tag-sds-max","9":"product_tag-stalco","11":"first","12":"outofstock","13":"shipping-taxable","14":"purchasable","15":"product-type-simple"},"acf":[],"_links":{"self":[{"href":"https:\/\/e-adams.pl\/de\/wp-json\/wp\/v2\/product\/23282","targetHints":{"allow":["GET"]}}],"collection":[{"href":"https:\/\/e-adams.pl\/de\/wp-json\/wp\/v2\/product"}],"about":[{"href":"https:\/\/e-adams.pl\/de\/wp-json\/wp\/v2\/types\/product"}],"replies":[{"embeddable":true,"href":"https:\/\/e-adams.pl\/de\/wp-json\/wp\/v2\/comments?post=23282"}],"wp:featuredmedia":[{"embeddable":true,"href":"https:\/\/e-adams.pl\/de\/wp-json\/wp\/v2\/media\/23812"}],"wp:attachment":[{"href":"https:\/\/e-adams.pl\/de\/wp-json\/wp\/v2\/media?parent=23282"}],"wp:term":[{"taxonomy":"product_cat","embeddable":true,"href":"https:\/\/e-adams.pl\/de\/wp-json\/wp\/v2\/product_cat?post=23282"},{"taxonomy":"product_tag","embeddable":true,"href":"https:\/\/e-adams.pl\/de\/wp-json\/wp\/v2\/product_tag?post=23282"}],"curies":[{"name":"wp","href":"https:\/\/api.w.org\/{rel}","templated":true}]}}