{"id":23283,"date":"2023-12-06T09:58:10","date_gmt":"2023-12-06T08:58:10","guid":{"rendered":"https:\/\/e-adams.pl\/produkt\/mlot-wyburzeniowy-1750w-hex-30mm-dhh48j-stalco-perfect-s-98524\/"},"modified":"2024-05-23T08:48:33","modified_gmt":"2024-05-23T06:48:33","slug":"mlot-wyburzeniowy-1750w-stalco-perfect-hex-30mm-dhh48j","status":"publish","type":"product","link":"https:\/\/e-adams.pl\/de\/produkt\/mlot-wyburzeniowy-1750w-stalco-perfect-hex-30mm-dhh48j\/","title":{"rendered":"M\u0142ot wyburzeniowy 1750W STALCO PERFECT HEX 30mm DHH48J"},"content":{"rendered":"<h3>OPIS:<\/h3>\n<p>M\u0142ot Wyburzeniowy 1750W STALCO PERFECT HEX 30mm DHHP48J to jedno z najmocniejszych elektronarz\u0119dzi budowlanych dost\u0119pnych w ofercie STALCO i jednocze\u015bnie najmocniejsze w swojej kategorii. Jest specjalnie zaprojektowany do prac wyburzeniowych, umo\u017cliwiaj\u0105c skuteczne usuwanie \u015bcian, strop\u00f3w, fundament\u00f3w oraz powierzchni drogowych.<\/p>\n<p>M\u0142ot zosta\u0142 wyposa\u017cony w szereg zabezpiecze\u0144, kt\u00f3re nie tylko wyd\u0142u\u017caj\u0105 jego \u017cywotno\u015b\u0107, ale tak\u017ce poprawiaj\u0105 komfort pracy operatora. Kontrolki serwisowe, system antywibracyjny oraz elektroniczna stabilizacja obrot\u00f3w to kluczowe elementy, kt\u00f3re zapewniaj\u0105 szybki post\u0119p prac, zwi\u0119kszaj\u0105 komfort obs\u0142ugi i eliminuj\u0105 obawy zwi\u0105zane z potencjalnymi awariami sprz\u0119tu.<\/p>\n<p>Lekka i trwa\u0142a obudowa m\u0142ota, wykonana ze stopu magnezowego, nadaje mu nie tylko solidn\u0105 struktur\u0119, ale tak\u017ce umo\u017cliwia wygodne przenoszenie i obs\u0142ug\u0119. Dzi\u0119ki temu operator mo\u017ce efektywnie wykonywa\u0107 prace bez nadmiernego obci\u0105\u017cenia.<\/p>\n<p>M\u0142ot Wyburzeniowy HEX 30mm DHHP48J to niezast\u0105pione narz\u0119dzie dla profesjonalist\u00f3w, kt\u00f3rzy wymagaj\u0105 nie tylko maksymalnej mocy, ale tak\u017ce trwa\u0142o\u015bci, komfortu i bezpiecze\u0144stwa podczas prac wyburzeniowych. To urz\u0105dzenie, kt\u00f3re nie tylko spe\u0142nia, ale tak\u017ce przewy\u017csza oczekiwania w zakresie efektywno\u015bci i wydajno\u015bci.<\/p>\n<h3>DANE TECHNICZNE:<\/h3>\n<ul>\n<li>Uchwyt wiertarski: HEX 30mm<\/li>\n<li>Napi\u0119cie znamionowe [V]: 220-240<\/li>\n<li>Cz\u0119stotliwo\u015b\u0107 znamionowa [Hz]: 50<\/li>\n<li>Znamionowa moc wej\u015bciowa [W]: 1750<\/li>\n<li>Wsp\u00f3\u0142czynnik udaru [1\/min]: 1700<\/li>\n<li>Energia udaru [J]: 48<\/li>\n<li>Waga [kg]: 15<\/li>\n<li>D\u0142ugo\u015b\u0107 przewodu zasilaj\u0105cego [m]: 4<\/li>\n<li>Klasa ochronno\u015bci: II<\/li>\n<li>Poziom ha\u0142asu [dB]: 105<\/li>\n<li>Indeks : S-98524<\/li>\n<li>Kod EAN: 5901466157527<\/li>\n<\/ul>\n","protected":false},"excerpt":{"rendered":"<p>M\u0142ot wyburzeniowy 1750W STALCO PERFECT HEX 30mm DHHP48J to jedno z najmocniejszych elektronarz\u0119dzi budowlanych dost\u0119pnych w ofercie STALCO i jednocze\u015bnie najmocniejsze w swojej kategorii. Jest specjalnie zaprojektowany do prac wyburzeniowych, umo\u017cliwiaj\u0105c skuteczne usuwanie \u015bcian, strop\u00f3w, fundament\u00f3w oraz powierzchni drogowych.<\/p>\n","protected":false},"featured_media":23512,"comment_status":"open","ping_status":"closed","template":"","meta":{"_acf_changed":false,"inline_featured_image":false},"product_cat":[2895],"product_tag":[2480,2479,358,1505],"class_list":{"0":"post-23283","1":"product","2":"type-product","3":"status-publish","4":"has-post-thumbnail","6":"product_cat-stalco","7":"product_tag-hex","8":"product_tag-mlot-wyburzeniowy","9":"product_tag-perfect","10":"product_tag-stalco","12":"first","13":"instock","14":"shipping-taxable","15":"purchasable","16":"product-type-simple"},"acf":[],"_links":{"self":[{"href":"https:\/\/e-adams.pl\/de\/wp-json\/wp\/v2\/product\/23283","targetHints":{"allow":["GET"]}}],"collection":[{"href":"https:\/\/e-adams.pl\/de\/wp-json\/wp\/v2\/product"}],"about":[{"href":"https:\/\/e-adams.pl\/de\/wp-json\/wp\/v2\/types\/product"}],"replies":[{"embeddable":true,"href":"https:\/\/e-adams.pl\/de\/wp-json\/wp\/v2\/comments?post=23283"}],"wp:featuredmedia":[{"embeddable":true,"href":"https:\/\/e-adams.pl\/de\/wp-json\/wp\/v2\/media\/23512"}],"wp:attachment":[{"href":"https:\/\/e-adams.pl\/de\/wp-json\/wp\/v2\/media?parent=23283"}],"wp:term":[{"taxonomy":"product_cat","embeddable":true,"href":"https:\/\/e-adams.pl\/de\/wp-json\/wp\/v2\/product_cat?post=23283"},{"taxonomy":"product_tag","embeddable":true,"href":"https:\/\/e-adams.pl\/de\/wp-json\/wp\/v2\/product_tag?post=23283"}],"curies":[{"name":"wp","href":"https:\/\/api.w.org\/{rel}","templated":true}]}}