{"id":23284,"date":"2023-12-06T09:58:11","date_gmt":"2023-12-06T08:58:11","guid":{"rendered":"https:\/\/e-adams.pl\/produkt\/mlotowiertarka-1250w-sds-max-rh40-stalco-premium-s-97509\/"},"modified":"2024-05-23T08:46:54","modified_gmt":"2024-05-23T06:46:54","slug":"mlotowiertarka-sds-max-stalco-premium-1250w-rh40","status":"publish","type":"product","link":"https:\/\/e-adams.pl\/de\/produkt\/mlotowiertarka-sds-max-stalco-premium-1250w-rh40\/","title":{"rendered":"M\u0142otowiertarka SDS MAX STALCO PREMIUM 1250W RH40"},"content":{"rendered":"<h3>OPIS:<\/h3>\n<p>M\u0142otowiertarka SDS MAX STALCO PREMIUM 1250W RH40 to wszechstronne narz\u0119dzie stworzone do zada\u0144 zwi\u0105zanych z wierceniem i skuwaniem powierzchni. Dzi\u0119ki mo\u017cliwo\u015bci pracy zar\u00f3wno w trybie wiercenia, jak i kucia m\u0142otem pneumatycznym, narz\u0119dzie znakomicie sprawdza si\u0119 w r\u00f3\u017cnorodnych pracach budowlanych. Jego trwa\u0142a aluminiowa obudowa doskonale chroni pot\u0119\u017cny silnik o mocy 1250 W, zapewniaj\u0105c niezb\u0119dn\u0105 wytrzyma\u0142o\u015b\u0107.<\/p>\n<p>M\u0142ot udarowo-obrotowy RHS40 zosta\u0142 wyposa\u017cony w gniazdo SDS-MAX, co umo\u017cliwia bezproblemowe mocowanie r\u00f3\u017cnorodnych akcesori\u00f3w do pracy w betonie. Dla zwi\u0119kszenia wygody operatora, narz\u0119dzie posiada praktyczne funkcje, takie jak dwupalcowy w\u0142\u0105cznik, spr\u0119\u017cyna ograniczaj\u0105ca wibracje oraz dodatkowy uchwyt, kt\u00f3ry u\u0142atwia prac\u0119 w trudnych pozycjach.<\/p>\n<p>Niezwykle istotnym elementem bezpiecze\u0144stwa jest obecno\u015b\u0107 sprz\u0119g\u0142a bezpiecze\u0144stwa, kt\u00f3re skutecznie zapobiega wyrwaniu narz\u0119dzia z r\u0105k operatora w przypadku zablokowania wiert\u0142a w otworze. To narz\u0119dzie, dzi\u0119ki zaawansowanym funkcjom i solidnej konstrukcji, doskonale sprawdzi si\u0119 w intensywnych pracach budowlanych, zapewniaj\u0105c nie tylko wydajno\u015b\u0107, ale tak\u017ce bezpiecze\u0144stwo i komfort obs\u0142ugi.<\/p>\n<h4><b>Akcesoria w zestawie:<\/b><\/h4>\n<ul>\n<li>Wiert\u0142o SDS-MAX 16x320mm<\/li>\n<li>Wiert\u0142o SDS-MAX 18,320mm<\/li>\n<li>Wiert\u0142o SDS-MAX 22x320mm<\/li>\n<li>D\u0142uto szpic SDS-MAX 350mm<\/li>\n<li>D\u0142uto p\u0142askie 25x350mm<\/li>\n<li>Uchwyt dodatkowy<\/li>\n<li>Ogranicznik g\u0142\u0119boko\u015bci wiercenia<\/li>\n<li>Smar do uchwytu roboczego<\/li>\n<li>Os\u0142ona przed py\u0142em<\/li>\n<\/ul>\n<h3>DANE TECHNICZNE:<\/h3>\n<ul>\n<li>Moc znamionowa:\u00a0<strong>1250w<\/strong><\/li>\n<li>Napi\u0119cie znamionowe:\u00a0<strong>220 &#8211; 240v<\/strong><\/li>\n<li>Cz\u0119stotliwo\u015b\u0107 znamionowa:\u00a0<strong>50 Hz<\/strong><\/li>\n<li>Typ uchwytu:\u00a0<b>SDS MAX<\/b><\/li>\n<li>Pr\u0119dko\u015b\u0107 bez obci\u0105\u017cenia:\u00a0<b>410 obr.\/min.<\/b><\/li>\n<li>Cz\u0119stotliwo\u015b\u0107 udaru:\u00a0<strong>3100 ud.\/min.<\/strong><\/li>\n<li>Energia udaru:\u00a0<strong>10 J<\/strong><\/li>\n<li>Maksymalna \u015brednica wiercenia przy u\u017cyciu otwornicy do betonu:\u00a0<b>40\/80 mm<\/b><\/li>\n<li>D\u0142ugo\u015b\u0107 przewodu:\u00a0<strong>4m<\/strong><\/li>\n<li>Klasa ochronno\u015bci:\u00a0<strong>II<\/strong><\/li>\n<li>Waga (bez akcesori\u00f3w):\u00a0<strong>6,6 kg<\/strong><\/li>\n<li>Indeks: S-97509<\/li>\n<li>Kod EAN : 5901466157480<\/li>\n<\/ul>\n","protected":false},"excerpt":{"rendered":"<p>M\u0142otowiertarka SDS MAX STALCO PREMIUM 1250W RH40 to wszechstronne narz\u0119dzie stworzone do zada\u0144 zwi\u0105zanych z wierceniem i skuwaniem powierzchni. Dzi\u0119ki mo\u017cliwo\u015bci pracy zar\u00f3wno w trybie wiercenia, jak i kucia m\u0142otem pneumatycznym, narz\u0119dzie znakomicie sprawdza si\u0119 w r\u00f3\u017cnorodnych pracach budowlanych.<\/p>\n","protected":false},"featured_media":23810,"comment_status":"open","ping_status":"closed","template":"","meta":{"_acf_changed":false,"inline_featured_image":false},"product_cat":[2895],"product_tag":[2666,2671,1505],"class_list":{"0":"post-23284","1":"product","2":"type-product","3":"status-publish","4":"has-post-thumbnail","6":"product_cat-stalco","7":"product_tag-mlotowiertarka","8":"product_tag-sds-max","9":"product_tag-stalco","11":"first","12":"instock","13":"shipping-taxable","14":"purchasable","15":"product-type-simple"},"acf":[],"_links":{"self":[{"href":"https:\/\/e-adams.pl\/de\/wp-json\/wp\/v2\/product\/23284","targetHints":{"allow":["GET"]}}],"collection":[{"href":"https:\/\/e-adams.pl\/de\/wp-json\/wp\/v2\/product"}],"about":[{"href":"https:\/\/e-adams.pl\/de\/wp-json\/wp\/v2\/types\/product"}],"replies":[{"embeddable":true,"href":"https:\/\/e-adams.pl\/de\/wp-json\/wp\/v2\/comments?post=23284"}],"wp:featuredmedia":[{"embeddable":true,"href":"https:\/\/e-adams.pl\/de\/wp-json\/wp\/v2\/media\/23810"}],"wp:attachment":[{"href":"https:\/\/e-adams.pl\/de\/wp-json\/wp\/v2\/media?parent=23284"}],"wp:term":[{"taxonomy":"product_cat","embeddable":true,"href":"https:\/\/e-adams.pl\/de\/wp-json\/wp\/v2\/product_cat?post=23284"},{"taxonomy":"product_tag","embeddable":true,"href":"https:\/\/e-adams.pl\/de\/wp-json\/wp\/v2\/product_tag?post=23284"}],"curies":[{"name":"wp","href":"https:\/\/api.w.org\/{rel}","templated":true}]}}