{"id":23285,"date":"2023-12-06T09:58:11","date_gmt":"2023-12-06T08:58:11","guid":{"rendered":"https:\/\/e-adams.pl\/produkt\/mlotowiertarka-1350w-sds-max-rh40vs-stalco-perfect-s-98510\/"},"modified":"2024-05-23T08:47:21","modified_gmt":"2024-05-23T06:47:21","slug":"mlotowiertarka-sds-max-stalco-perfect-1350w-rh40vs","status":"publish","type":"product","link":"https:\/\/e-adams.pl\/de\/produkt\/mlotowiertarka-sds-max-stalco-perfect-1350w-rh40vs\/","title":{"rendered":"M\u0142otowiertarka SDS MAX STALCO PERFECT 1350W RH40VS"},"content":{"rendered":"<h3>OPIS:<\/h3>\n<p>M\u0142otowiertarka SDS MAX STALCO PERFECT 1350W RH40VS to innowacyjny dwufunkcyjny m\u0142ot udarowo-obrotowy o szerokim zakresie funkcji, wyposa\u017cony w profesjonalny uchwyt roboczy SDS-MAX. To narz\u0119dzie stworzone z my\u015bl\u0105 o najbardziej wymagaj\u0105cych pracach budowlanych.<\/p>\n<p>Zaprojektowane z my\u015bl\u0105 o og\u00f3lnych pracach, gdzie kluczowa jest pot\u0119\u017cna moc, m\u0142ot udarowo-obrotowy doskonale sprawdzi si\u0119 przy zastosowaniu wierte\u0142 przebiciowych, otwornicach o \u015brednicy do 80 mm oraz wiert\u0142ach o du\u017cych \u015brednicach.<\/p>\n<p>Dzi\u0119ki funkcji kucia, narz\u0119dzie doskonale sprawdzi si\u0119 r\u00f3wnie\u017c w zadaniach takich jak wyburzanie \u015bcian dzia\u0142owych czy usuwanie wylewek. Jego wszechstronno\u015b\u0107 i efektywno\u015b\u0107 czyni\u0105 go niezast\u0105pionym partnerem na placu budowy.<\/p>\n<p>Warto zaznaczy\u0107, \u017ce urz\u0105dzenie zosta\u0142o wyposa\u017cone w \u017cywotne sprz\u0119g\u0142o bezpiecze\u0144stwa, kt\u00f3re zapewnia ochron\u0119 operatora przed niebezpiecznymi sytuacjami.<\/p>\n<p>Dodatkowymi atutami m\u0142ota udarowo-obrotowego s\u0105 aktywny system antywibracyjny, eliminuj\u0105cy uci\u0105\u017cliwe drgania i chroni\u0105cy operatora przed zm\u0119czeniem, oraz elektroniczna stabilizacja obrot\u00f3w (ECS) wraz z regulacj\u0105 pr\u0119dko\u015bci obrotowej.<\/p>\n<p>Te zaawansowane technologicznie funkcje maj\u0105 na celu zapewni\u0107 u\u017cytkownikowi nie tylko poczucie bezpiecze\u0144stwa, ale tak\u017ce pe\u0142n\u0105 kontrol\u0119 nad maszyn\u0105 od pierwszych chwil pracy, gwarantuj\u0105c jednocze\u015bnie imponuj\u0105c\u0105 moc i efektywno\u015b\u0107.<\/p>\n<p>M\u0142ot udarowo-obrotowy to narz\u0119dzie, kt\u00f3re spe\u0142ni oczekiwania profesjonalist\u00f3w, zapewniaj\u0105c niezb\u0119dn\u0105 wydajno\u015b\u0107 i bezpiecze\u0144stwo na ka\u017cdej budowie.<\/p>\n<p><strong>WYPOSA\u017bENIE STANDARDOWE<\/strong><\/p>\n<ul>\n<li>W zestawie:<\/li>\n<li>ogranicznik g\u0142\u0119boko\u015bci wiercenia,<\/li>\n<li>dodatkowy uchwyt,<\/li>\n<li>smar,<\/li>\n<li>szmatka do piel\u0119gnacji.<\/li>\n<\/ul>\n<h3>DANE TECHNICZNE:<\/h3>\n<ul>\n<li>Uchwyt wiertarski: SDS-PLUS<\/li>\n<li>Napi\u0119cie znamionowe [V]: 230-240<\/li>\n<li>Cz\u0119stotliwo\u015b\u0107 znamionowa [Hz]: 50<\/li>\n<li>Znamionowa moc wej\u015bciowa [W]: 1350<\/li>\n<li>Znamionowa pr\u0119dko\u015b\u0107 obrotowa bez obci\u0105\u017cenia [1\/min]: 150-516<\/li>\n<li>Wsp\u00f3\u0142czynnik udaru [1\/min]: 3120<\/li>\n<li>Energia udaru [J]: 13<\/li>\n<li>Maks. \u015brednica wiercenia w betonie [\u00d8 mm]: 40<\/li>\n<li>Waga [kg]: 7,1<\/li>\n<li>D\u0142ugo\u015b\u0107 przewodu zasilaj\u0105cego [m]: 4<\/li>\n<li>Klasa ochronno\u015bci: II<\/li>\n<li>Poziom ha\u0142asu [dB]: 110<\/li>\n<li>Indeks: S-98510<\/li>\n<li>Kod EAN: 5901466157510<\/li>\n<\/ul>\n","protected":false},"excerpt":{"rendered":"<p>M\u0142otowiertarka SDS MAX STALCO PERFECT 1350W RH40VS to innowacyjny dwufunkcyjny m\u0142ot udarowo-obrotowy o szerokim zakresie funkcji, wyposa\u017cony w profesjonalny uchwyt roboczy SDS-MAX, to narz\u0119dzie stworzone z my\u015bl\u0105 o najbardziej wymagaj\u0105cych pracach budowlanych.<\/p>\n","protected":false},"featured_media":23808,"comment_status":"open","ping_status":"closed","template":"","meta":{"_acf_changed":false,"inline_featured_image":false},"product_cat":[2895],"product_tag":[2666,2671,1505],"class_list":{"0":"post-23285","1":"product","2":"type-product","3":"status-publish","4":"has-post-thumbnail","6":"product_cat-stalco","7":"product_tag-mlotowiertarka","8":"product_tag-sds-max","9":"product_tag-stalco","11":"first","12":"instock","13":"shipping-taxable","14":"purchasable","15":"product-type-simple"},"acf":[],"_links":{"self":[{"href":"https:\/\/e-adams.pl\/de\/wp-json\/wp\/v2\/product\/23285","targetHints":{"allow":["GET"]}}],"collection":[{"href":"https:\/\/e-adams.pl\/de\/wp-json\/wp\/v2\/product"}],"about":[{"href":"https:\/\/e-adams.pl\/de\/wp-json\/wp\/v2\/types\/product"}],"replies":[{"embeddable":true,"href":"https:\/\/e-adams.pl\/de\/wp-json\/wp\/v2\/comments?post=23285"}],"wp:featuredmedia":[{"embeddable":true,"href":"https:\/\/e-adams.pl\/de\/wp-json\/wp\/v2\/media\/23808"}],"wp:attachment":[{"href":"https:\/\/e-adams.pl\/de\/wp-json\/wp\/v2\/media?parent=23285"}],"wp:term":[{"taxonomy":"product_cat","embeddable":true,"href":"https:\/\/e-adams.pl\/de\/wp-json\/wp\/v2\/product_cat?post=23285"},{"taxonomy":"product_tag","embeddable":true,"href":"https:\/\/e-adams.pl\/de\/wp-json\/wp\/v2\/product_tag?post=23285"}],"curies":[{"name":"wp","href":"https:\/\/api.w.org\/{rel}","templated":true}]}}