{"id":23288,"date":"2023-12-06T09:58:13","date_gmt":"2023-12-06T08:58:13","guid":{"rendered":"https:\/\/e-adams.pl\/produkt\/nagrzewnica-elektryczna-ptc-2kw-ehs-2000-stalco-s-97640\/"},"modified":"2024-05-23T08:46:38","modified_gmt":"2024-05-23T06:46:38","slug":"nagrzewnica-elektryczna-stalco-ptc-2kw-ehs-2000","status":"publish","type":"product","link":"https:\/\/e-adams.pl\/de\/produkt\/nagrzewnica-elektryczna-stalco-ptc-2kw-ehs-2000\/","title":{"rendered":"Nagrzewnica elektryczna STALCO PTC 2KW EHS 2000"},"content":{"rendered":"<h3>OPIS:<\/h3>\n<p>Nagrzewnica elektryczna STALCO PTC 2KW EHS 2000 s\u0142u\u017cy do ogrzewania pomieszcze\u0144 mieszkalnych i u\u017cytkowych, takich jak piwnice, gara\u017ce, warsztaty itd.. Urz\u0105dzenie jest przeznaczone do wykorzystania jako dodatkowe \u017ar\u00f3d\u0142o ciep\u0142a, nie mo\u017ce stanowi\u0107 g\u0142\u00f3wnego \u017ar\u00f3d\u0142a ciep\u0142a. Urz\u0105dzenie przeznaczone do u\u017cytkowania w pomieszczeniach zamkni\u0119tych.<\/p>\n<h3>DANE TECHNICZNE:<\/h3>\n<p>Moc znamionowa [W] 25\/1000\/2000<br \/>\nPowierzchnia grzewcza [m2] 20<br \/>\nWydajno\u015b\u0107 powietrza [m3\/h] 197<br \/>\nNapi\u0119cie [V] 220-240 ~50 Hz<br \/>\nD\u0142ugo\u015b\u0107 przewodu zasilaj\u0105cego 1,4 m<br \/>\nIndeks: S-97640<br \/>\nKod EAN: 5904012156272<\/p>\n","protected":false},"excerpt":{"rendered":"<p>Nagrzewnica elektryczna STALCO PTC 2KW EHS 2000 s\u0142u\u017cy do ogrzewania pomieszcze\u0144 mieszkalnych i u\u017cytkowych, takich jak piwnice, gara\u017ce, warsztaty itd.. Urz\u0105dzenie jest przeznaczone do wykorzystania jako dodatkowe \u017ar\u00f3d\u0142o ciep\u0142a, nie mo\u017ce stanowi\u0107 g\u0142\u00f3wnego \u017ar\u00f3d\u0142a ciep\u0142a. Urz\u0105dzenie przeznaczone do u\u017cytkowania w pomieszczeniach zamkni\u0119tych.<\/p>\n","protected":false},"featured_media":23803,"comment_status":"open","ping_status":"closed","template":"","meta":{"_acf_changed":false,"inline_featured_image":false},"product_cat":[2895],"product_tag":[2670,1505],"class_list":{"0":"post-23288","1":"product","2":"type-product","3":"status-publish","4":"has-post-thumbnail","6":"product_cat-stalco","7":"product_tag-nagrzewnica-elektryczna","8":"product_tag-stalco","10":"first","11":"outofstock","12":"shipping-taxable","13":"purchasable","14":"product-type-simple"},"acf":[],"_links":{"self":[{"href":"https:\/\/e-adams.pl\/de\/wp-json\/wp\/v2\/product\/23288","targetHints":{"allow":["GET"]}}],"collection":[{"href":"https:\/\/e-adams.pl\/de\/wp-json\/wp\/v2\/product"}],"about":[{"href":"https:\/\/e-adams.pl\/de\/wp-json\/wp\/v2\/types\/product"}],"replies":[{"embeddable":true,"href":"https:\/\/e-adams.pl\/de\/wp-json\/wp\/v2\/comments?post=23288"}],"wp:featuredmedia":[{"embeddable":true,"href":"https:\/\/e-adams.pl\/de\/wp-json\/wp\/v2\/media\/23803"}],"wp:attachment":[{"href":"https:\/\/e-adams.pl\/de\/wp-json\/wp\/v2\/media?parent=23288"}],"wp:term":[{"taxonomy":"product_cat","embeddable":true,"href":"https:\/\/e-adams.pl\/de\/wp-json\/wp\/v2\/product_cat?post=23288"},{"taxonomy":"product_tag","embeddable":true,"href":"https:\/\/e-adams.pl\/de\/wp-json\/wp\/v2\/product_tag?post=23288"}],"curies":[{"name":"wp","href":"https:\/\/api.w.org\/{rel}","templated":true}]}}