{"id":23289,"date":"2023-12-06T09:58:14","date_gmt":"2023-12-06T08:58:14","guid":{"rendered":"https:\/\/e-adams.pl\/produkt\/nagrzewnica-elektryczna-ptc-3kw-ehs-3000-stalco-s-97642\/"},"modified":"2024-05-23T08:46:04","modified_gmt":"2024-05-23T06:46:04","slug":"nagrzewnica-elektryczna-stalco-ptc-3kw-ehs-3000","status":"publish","type":"product","link":"https:\/\/e-adams.pl\/de\/produkt\/nagrzewnica-elektryczna-stalco-ptc-3kw-ehs-3000\/","title":{"rendered":"Nagrzewnica elektryczna STALCO PTC 3KW EHS 3000"},"content":{"rendered":"<h3>OPIS:<\/h3>\n<p>Nagrzewnica elektryczna STALCO PTC 3KW EHS 3000 s\u0142u\u017cy do ogrzewania pomieszcze\u0144 mieszkalnych i u\u017cytkowych, takich jak piwnice, gara\u017ce, warsztaty itd.. Urz\u0105dzenie jest przeznaczone do wykorzystania jako dodatkowe \u017ar\u00f3d\u0142o ciep\u0142a, nie mo\u017ce stanowi\u0107 g\u0142\u00f3wnego \u017ar\u00f3d\u0142a ciep\u0142a. Urz\u0105dzenie przeznaczone do u\u017cytkowania w pomieszczeniach zamkni\u0119tych.<\/p>\n<p><strong>Cechy:<\/strong><\/p>\n<p>\u2013 ceramiczny element grzejny (PTC)<br \/>\n\u2013 podw\u00f3jne zabezpieczenie termiczne<br \/>\n\u2013 lampka kontrolna zasilania<br \/>\n\u2013 3 tryby pracy<br \/>\n\u2013 cicha praca<br \/>\n\u2013 metalowa obudowa<\/p>\n<h3>DANE TECHNICZNE:<\/h3>\n<p>Moc znamionowa [W] 30\/2000\/3000<br \/>\nPowierzchnia grzewcza [m2] 30<br \/>\nWydajno\u015b\u0107 powietrza [m3\/h] 238<br \/>\nNapi\u0119cie [V] 220-240 ~50 Hz<br \/>\nD\u0142ugo\u015b\u0107 przewodu zasilaj\u0105cego 1,4 m<br \/>\nIndeks: S-97642<br \/>\nKod EAN: 5904012156289<\/p>\n","protected":false},"excerpt":{"rendered":"<p>Nagrzewnica elektryczna STALCO PTC 3KW EHS 3000 s\u0142u\u017cy do ogrzewania pomieszcze\u0144 mieszkalnych i u\u017cytkowych, takich jak piwnice, gara\u017ce, warsztaty itd.. Urz\u0105dzenie jest przeznaczone do wykorzystania jako dodatkowe \u017ar\u00f3d\u0142o ciep\u0142a, nie mo\u017ce stanowi\u0107 g\u0142\u00f3wnego \u017ar\u00f3d\u0142a ciep\u0142a. Urz\u0105dzenie przeznaczone do u\u017cytkowania w pomieszczeniach zamkni\u0119tych.<\/p>\n","protected":false},"featured_media":23803,"comment_status":"open","ping_status":"closed","template":"","meta":{"_acf_changed":false,"inline_featured_image":false},"product_cat":[2895],"product_tag":[2670,1505],"class_list":{"0":"post-23289","1":"product","2":"type-product","3":"status-publish","4":"has-post-thumbnail","6":"product_cat-stalco","7":"product_tag-nagrzewnica-elektryczna","8":"product_tag-stalco","10":"first","11":"instock","12":"shipping-taxable","13":"purchasable","14":"product-type-simple"},"acf":[],"_links":{"self":[{"href":"https:\/\/e-adams.pl\/de\/wp-json\/wp\/v2\/product\/23289","targetHints":{"allow":["GET"]}}],"collection":[{"href":"https:\/\/e-adams.pl\/de\/wp-json\/wp\/v2\/product"}],"about":[{"href":"https:\/\/e-adams.pl\/de\/wp-json\/wp\/v2\/types\/product"}],"replies":[{"embeddable":true,"href":"https:\/\/e-adams.pl\/de\/wp-json\/wp\/v2\/comments?post=23289"}],"wp:featuredmedia":[{"embeddable":true,"href":"https:\/\/e-adams.pl\/de\/wp-json\/wp\/v2\/media\/23803"}],"wp:attachment":[{"href":"https:\/\/e-adams.pl\/de\/wp-json\/wp\/v2\/media?parent=23289"}],"wp:term":[{"taxonomy":"product_cat","embeddable":true,"href":"https:\/\/e-adams.pl\/de\/wp-json\/wp\/v2\/product_cat?post=23289"},{"taxonomy":"product_tag","embeddable":true,"href":"https:\/\/e-adams.pl\/de\/wp-json\/wp\/v2\/product_tag?post=23289"}],"curies":[{"name":"wp","href":"https:\/\/api.w.org\/{rel}","templated":true}]}}