{"id":23293,"date":"2023-12-06T09:58:17","date_gmt":"2023-12-06T08:58:17","guid":{"rendered":"https:\/\/e-adams.pl\/produkt\/nakolanniki-zelowe-king-perfect-s-76210\/"},"modified":"2024-05-10T11:02:20","modified_gmt":"2024-05-10T09:02:20","slug":"nakolanniki-zelowe-stalco-king-perfect","status":"publish","type":"product","link":"https:\/\/e-adams.pl\/de\/produkt\/nakolanniki-zelowe-stalco-king-perfect\/","title":{"rendered":"Nakolanniki \u017celowe STALCO KING PERFECT"},"content":{"rendered":"<h3>OPIS:<\/h3>\n<p>Nakolanniki \u017celowe STALCO KING PERFECT zosta\u0142y specjalnie zaprojektowane z my\u015bl\u0105 o osobach pracuj\u0105cych w pozycji kl\u0119cz\u0105cej. S\u0105 one szczeg\u00f3lnie przydatne podczas prac zwi\u0105zanych z uk\u0142adaniem kostki brukowej czy uk\u0142adaniem p\u0142ytek. Dodatkowo, \u015bwietnie sprawdzaj\u0105 si\u0119 r\u00f3wnie\u017c podczas uprawiania sport\u00f3w wyczynowych, jazdy na rowerze czy na rolkach, chroni\u0105c kolana przed ewentualnymi urazami w postaci obicia czy st\u0142uczenia.<\/p>\n<p>Nakolanniki wykonane s\u0105 z niezwykle wytrzyma\u0142ej tkaniny, co gwarantuje trwa\u0142o\u015b\u0107 i skuteczn\u0105 ochron\u0119. Kluczowym elementem ich konstrukcji jest \u017celowa poduszka, kt\u00f3ra skutecznie absorbuj\u0105c si\u0142\u0119 uderzenia, chroni kolana podczas kontaktu z twardym pod\u0142o\u017cem. To rozwi\u0105zanie nie tylko zapewnia skuteczn\u0105 ochron\u0119, ale r\u00f3wnie\u017c dostarcza u\u017cytkownikowi wysoki poziom komfortu i wygody, eliminuj\u0105c uczucie uwierania.<\/p>\n<p>Nakolanniki \u017celowe \u0142atwo i szybko mocuje si\u0119 za pomoc\u0105 rzepa, co umo\u017cliwia szybkie ich zak\u0142adanie i zdejmowanie. Dzi\u0119ki temu s\u0105 one nie tylko funkcjonalnym, ale tak\u017ce praktycznym narz\u0119dziem ochronnym, dostosowanym do r\u00f3\u017cnorodnych zastosowa\u0144 i aktywno\u015bci.<\/p>\n<h3>DANE TECHNICZNE:<\/h3>\n<p>\u2022 Waga: 0,6kg<br \/>\n\u2022 Indeks: S-76210<br \/>\n\u2022 Kod EAN: 5901466100769<\/p>\n","protected":false},"excerpt":{"rendered":"<p>Nakolanniki \u017celowe STALCO KING PERFECT zosta\u0142y specjalnie zaprojektowane z my\u015bl\u0105 o osobach pracuj\u0105cych w pozycji kl\u0119cz\u0105cej. S\u0105 one szczeg\u00f3lnie przydatne podczas prac zwi\u0105zanych z uk\u0142adaniem kostki brukowej czy uk\u0142adaniem p\u0142ytek. Dodatkowo, \u015bwietnie sprawdzaj\u0105 si\u0119 r\u00f3wnie\u017c podczas uprawiania sport\u00f3w wyczynowych, jazdy na rowerze czy na rolkach, chroni\u0105c kolana przed ewentualnymi urazami w postaci obicia czy st\u0142uczenia.<\/p>\n","protected":false},"featured_media":23562,"comment_status":"open","ping_status":"closed","template":"","meta":{"_acf_changed":false,"inline_featured_image":false},"product_cat":[2551],"product_tag":[2046,1505],"class_list":{"0":"post-23293","1":"product","2":"type-product","3":"status-publish","4":"has-post-thumbnail","6":"product_cat-akcesoria","7":"product_tag-nakolanniki-zelowe","8":"product_tag-stalco","10":"first","11":"instock","12":"shipping-taxable","13":"purchasable","14":"product-type-simple"},"acf":[],"_links":{"self":[{"href":"https:\/\/e-adams.pl\/de\/wp-json\/wp\/v2\/product\/23293","targetHints":{"allow":["GET"]}}],"collection":[{"href":"https:\/\/e-adams.pl\/de\/wp-json\/wp\/v2\/product"}],"about":[{"href":"https:\/\/e-adams.pl\/de\/wp-json\/wp\/v2\/types\/product"}],"replies":[{"embeddable":true,"href":"https:\/\/e-adams.pl\/de\/wp-json\/wp\/v2\/comments?post=23293"}],"wp:featuredmedia":[{"embeddable":true,"href":"https:\/\/e-adams.pl\/de\/wp-json\/wp\/v2\/media\/23562"}],"wp:attachment":[{"href":"https:\/\/e-adams.pl\/de\/wp-json\/wp\/v2\/media?parent=23293"}],"wp:term":[{"taxonomy":"product_cat","embeddable":true,"href":"https:\/\/e-adams.pl\/de\/wp-json\/wp\/v2\/product_cat?post=23293"},{"taxonomy":"product_tag","embeddable":true,"href":"https:\/\/e-adams.pl\/de\/wp-json\/wp\/v2\/product_tag?post=23293"}],"curies":[{"name":"wp","href":"https:\/\/api.w.org\/{rel}","templated":true}]}}