{"id":23298,"date":"2023-12-06T09:58:21","date_gmt":"2023-12-06T08:58:21","guid":{"rendered":"https:\/\/e-adams.pl\/produkt\/obuwie-ochronne-sj-balto-42\/"},"modified":"2024-05-10T11:02:41","modified_gmt":"2024-05-10T09:02:41","slug":"polbuty-ochronne-safety-jogger-balto-r-42","status":"publish","type":"product","link":"https:\/\/e-adams.pl\/de\/produkt\/polbuty-ochronne-safety-jogger-balto-r-42\/","title":{"rendered":"P\u00f3\u0142buty ochronne SAFETY JOGGER BALTO r.42"},"content":{"rendered":"<h3>OPIS:<\/h3>\n<p>P\u00f3\u0142buty ochronne SAFETY JOGGER BALTO s\u0105 wykonane z PU\/siatki i maj\u0105 gumow\u0105 podeszw\u0119, siateczkowo-nylonow\u0105 wy\u015bci\u00f3\u0142k\u0119 i ergonomiczn\u0105, oddychaj\u0105c\u0105 wk\u0142adk\u0119.\u00a0But ten spe\u0142nia norm\u0119 bezpiecze\u0144stwa S1 i posiada w\u0142a\u015bciwo\u015bci antystatyczne, profil antypo\u015blizgowy, pi\u0119t\u0119 poch\u0142aniaj\u0105c\u0105 energi\u0119 oraz stalowy podnosek.<\/p>\n<p>Odporna na olej i paliwo, podeszwa tego obuwia wykazuje odporno\u015b\u0107 na dzia\u0142anie olej\u00f3w i paliwa. Dodatkowo, cholewka charakteryzuje si\u0119 doskona\u0142\u0105 oddychalno\u015bci\u0105, umo\u017cliwiaj\u0105c lepsze zarz\u0105dzanie wilgotno\u015bci\u0105 i temperatur\u0105, co przek\u0142ada si\u0119 na wi\u0119kszy komfort noszenia.<\/p>\n<p>Stalowy podnosek stanowi solidn\u0105 metalow\u0105 podpor\u0119, chroni\u0105c\u0105 stopy u\u017cytkownika przed potencjalnymi zagro\u017ceniami zwi\u0105zanymi z upadaj\u0105cymi lub tocz\u0105cymi si\u0119 przedmiotami.<\/p>\n<p>Odporno\u015b\u0107 na po\u015blizg zgodnie z norm\u0105 SRC to kluczowa cecha obuwia ochronnego i zawodowego. Podeszwy antypo\u015blizgowe przechodz\u0105 rygorystyczne testy antypo\u015blizgowe SRA i SRB, obejmuj\u0105ce powierzchnie zar\u00f3wno stalowe, jak i ceramiczne. Dzi\u0119ki temu obuwie zapewnia niezawodn\u0105 przyczepno\u015b\u0107 na r\u00f3\u017cnorodnych pod\u0142o\u017cach, zwi\u0119kszaj\u0105c tym samym poziom bezpiecze\u0144stwa u\u017cytkownika.<\/p>\n<h3>DANE TECHNICZNE:<\/h3>\n<p>\u2022 Wysoko\u015b\u0107 buta: Niski<br \/>\n\u2022 Typ nosa: Stal<br \/>\n\u2022 Wodoodporny: NIE<br \/>\n\u2022 Materia\u0142: Poliamid<br \/>\n\u2022 Materia\u0142 warstwy zewn\u0119trznej: Siatka<br \/>\n\u2022 Materia\u0142 podeszwy: W\u0142\u00f3kienniczy<br \/>\n\u2022 Podszewka: Siatka<br \/>\n\u2022 Kod EAN: 5400864779602<\/p>\n","protected":false},"excerpt":{"rendered":"<p>P\u00f3\u0142buty ochronne SAFETY JOGGER BALTO s\u0105 wykonane z PU\/siatki i maj\u0105 gumow\u0105 podeszw\u0119, siateczkowo-nylonow\u0105 wy\u015bci\u00f3\u0142k\u0119 i ergonomiczn\u0105, oddychaj\u0105c\u0105 wk\u0142adk\u0119.\u00a0But ten spe\u0142nia norm\u0119 bezpiecze\u0144stwa S1 i posiada w\u0142a\u015bciwo\u015bci antystatyczne, profil antypo\u015blizgowy, pi\u0119t\u0119 poch\u0142aniaj\u0105c\u0105 energi\u0119 oraz stalowy podnosek.<\/p>\n","protected":false},"featured_media":23506,"comment_status":"open","ping_status":"closed","template":"","meta":{"_acf_changed":false,"inline_featured_image":false},"product_cat":[2549],"product_tag":[2473,2462,2472],"class_list":{"0":"post-23298","1":"product","2":"type-product","3":"status-publish","4":"has-post-thumbnail","6":"product_cat-obuwie-bhp","7":"product_tag-balto","8":"product_tag-polbuty-ochronne","9":"product_tag-safety-jogger","10":"pa_rozmiar-2466","12":"first","13":"outofstock","14":"shipping-taxable","15":"purchasable","16":"product-type-simple"},"acf":[],"_links":{"self":[{"href":"https:\/\/e-adams.pl\/de\/wp-json\/wp\/v2\/product\/23298","targetHints":{"allow":["GET"]}}],"collection":[{"href":"https:\/\/e-adams.pl\/de\/wp-json\/wp\/v2\/product"}],"about":[{"href":"https:\/\/e-adams.pl\/de\/wp-json\/wp\/v2\/types\/product"}],"replies":[{"embeddable":true,"href":"https:\/\/e-adams.pl\/de\/wp-json\/wp\/v2\/comments?post=23298"}],"wp:featuredmedia":[{"embeddable":true,"href":"https:\/\/e-adams.pl\/de\/wp-json\/wp\/v2\/media\/23506"}],"wp:attachment":[{"href":"https:\/\/e-adams.pl\/de\/wp-json\/wp\/v2\/media?parent=23298"}],"wp:term":[{"taxonomy":"product_cat","embeddable":true,"href":"https:\/\/e-adams.pl\/de\/wp-json\/wp\/v2\/product_cat?post=23298"},{"taxonomy":"product_tag","embeddable":true,"href":"https:\/\/e-adams.pl\/de\/wp-json\/wp\/v2\/product_tag?post=23298"}],"curies":[{"name":"wp","href":"https:\/\/api.w.org\/{rel}","templated":true}]}}