{"id":23313,"date":"2023-12-06T09:58:33","date_gmt":"2023-12-06T08:58:33","guid":{"rendered":"https:\/\/e-adams.pl\/produkt\/obuwie-robocze-runner-25-r-45-1p-83700\/"},"modified":"2025-06-23T12:53:42","modified_gmt":"2025-06-23T10:53:42","slug":"polbuty-ochronne-atlas-runner-25-s1p-esd-1p-r-45","status":"publish","type":"product","link":"https:\/\/e-adams.pl\/de\/produkt\/polbuty-ochronne-atlas-runner-25-s1p-esd-1p-r-45\/","title":{"rendered":"P\u00f3\u0142buty ochronne ATLAS Runner 25 S1P ESD r.45"},"content":{"rendered":"<h3>OPIS:<\/h3>\n<p>P\u00f3\u0142buty ochronne ATLAS Runner 25 S1P ESD 1P to doskona\u0142e po\u0142\u0105czenie innowacyjnych rozwi\u0105za\u0144 technologicznych, ergonomicznego designu i wysokiej jako\u015bci materia\u0142\u00f3w, zapewniaj\u0105ce u\u017cytkownikowi nie tylko ochron\u0119, ale tak\u017ce maksymalny komfort podczas pracy. Wa\u0142 buta wykonany jest z oddychaj\u0105cej, elastycznej i lekkiej dzianiny LIGHT KNIT. Ten materia\u0142 nie tylko gwarantuje doskona\u0142\u0105 wentylacj\u0119, ale tak\u017ce elastyczno\u015b\u0107, co wp\u0142ywa na wygod\u0119 noszenia i swobod\u0119 ruch\u00f3w.<\/p>\n<p>Warstwa tkaninowa to funkcjonalna warstwa active-X, cechuj\u0105ca si\u0119 zdolno\u015bci\u0105 do przepuszczania powietrza, regulowania poziomu wilgoci i szybkiego schni\u0119cia. Dzi\u0119ki temu u\u017cytkownik mo\u017ce utrzyma\u0107 suche i \u015bwie\u017ce \u015brodowisko wewn\u0105trz buta, nawet w trudnych warunkach. Wk\u0142adka buta jest wymienna, ukszta\u0142towana anatomicznie i odci\u0105\u017caj\u0105ca. Dostosowana do kszta\u0142tu stopy, wspiera jej naturalne u\u0142o\u017cenie, a dodatkowe odci\u0105\u017cenie przyczynia si\u0119 do redukcji obci\u0105\u017ce\u0144 staw\u00f3w, co jest istotne podczas d\u0142ugotrwa\u0142ego noszenia.<br \/>\nPodeszwa zewn\u0119trzna buta oparta jest na systemie RUN-3, kt\u00f3ry sk\u0142ada si\u0119 z tr\u00f3jwarstwowej konstrukcji wykonanej z elastycznego nitrylu i MPU. Elastyczny nitril zapewnia trwa\u0142o\u015b\u0107, natomiast MPU doskonale amortyzuje wstrz\u0105sy, chroni\u0105c stawy u\u017cytkownika i zwi\u0119kszaj\u0105c komfort chodzenia.<br \/>\nPodeszwa \u015brodkowa buta wykonana jest z materia\u0142u XP\u00ae, charakteryzuj\u0105cego si\u0119 brakiem metalu. To rozwi\u0105zanie nie tylko sprawia, \u017ce but jest lekki, ale tak\u017ce eliminuje potencjalne zagro\u017cenia zwi\u0105zane z przewodnictwem elektrycznym.<br \/>\nPodnosek ochronny wykonany jest ze stali, co gwarantuje ochron\u0119 przed przypadkowymi urazami zwi\u0105zanymi z upadkiem przedmiot\u00f3w na stop\u0119. Podnosek spe\u0142nia normy bezpiecze\u0144stwa, dostarczaj\u0105c niezb\u0119dn\u0105 ochron\u0119 dla palc\u00f3w stopy.<\/p>\n<h3>W\u0142a\u015bciwo\u015bci:<\/h3>\n<ul class=\"highlight-list\">\n<li>antyprzebiciowy<\/li>\n<li>3D-system amortyzacji<\/li>\n<li>oddychaj\u0105ca wy\u015bci\u00f3\u0142ka aktiv-X<\/li>\n<li>koncepcja clima-stream<\/li>\n<li>ESD-sprz\u0119t<\/li>\n<li>przystosowane r\u00f3wnie\u017c dla nosz\u0105cych wk\u0142adki<\/li>\n<li>LIGHT KNIT cholewki<\/li>\n<li>Colour: DEEP BLACK<\/li>\n<li>Sporty system podeszwy<\/li>\n<\/ul>\n<h3>DANE TECHNICZNE:<\/h3>\n<p>\u2022 Marka: ATLAS<br \/>\n\u2022 Kategoria: 2<br \/>\n\u2022 Norma EN: 20345<br \/>\n\u2022 Kategoria bezpiecze\u0144stwa: S1P<br \/>\n\u2022 Model: RUNNER 25<br \/>\n\u2022 P\u0142e\u0107: Uniseks<br \/>\n\u2022 Materia\u0142 podeszwy zewn\u0119trznej: Nitryl, PU<br \/>\n\u2022 Materia\u0142 za\u015blepki: Stal<br \/>\n\u2022 Materia\u0142 wierzchni but\u00f3w: Tkanina<br \/>\n\u2022 Kolor: Czarny<br \/>\n\u2022 Ochrona przed ESD: Tak<br \/>\n\u2022 Kod EAN: 4043692415475<\/p>\n","protected":false},"excerpt":{"rendered":"<p>P\u00f3\u0142buty ochronne ATLAS Runner 25 S1P ESD 1P to doskona\u0142e po\u0142\u0105czenie innowacyjnych rozwi\u0105za\u0144 technologicznych, ergonomicznego designu i wysokiej jako\u015bci materia\u0142\u00f3w, zapewniaj\u0105ce u\u017cytkownikowi nie tylko ochron\u0119, ale tak\u017ce maksymalny komfort podczas pracy. Wa\u0142 buta wykonany jest z oddychaj\u0105cej, elastycznej i lekkiej dzianiny LIGHT KNIT.<\/p>\n","protected":false},"featured_media":23500,"comment_status":"open","ping_status":"closed","template":"","meta":{"_acf_changed":false,"inline_featured_image":false},"product_cat":[2549],"product_tag":[265,2462,2463],"class_list":{"0":"post-23313","1":"product","2":"type-product","3":"status-publish","4":"has-post-thumbnail","6":"product_cat-obuwie-bhp","7":"product_tag-atlas","8":"product_tag-polbuty-ochronne","9":"product_tag-runner-25","10":"pa_rozmiar-2465","12":"first","13":"instock","14":"shipping-taxable","15":"product-type-simple"},"acf":[],"_links":{"self":[{"href":"https:\/\/e-adams.pl\/de\/wp-json\/wp\/v2\/product\/23313","targetHints":{"allow":["GET"]}}],"collection":[{"href":"https:\/\/e-adams.pl\/de\/wp-json\/wp\/v2\/product"}],"about":[{"href":"https:\/\/e-adams.pl\/de\/wp-json\/wp\/v2\/types\/product"}],"replies":[{"embeddable":true,"href":"https:\/\/e-adams.pl\/de\/wp-json\/wp\/v2\/comments?post=23313"}],"wp:featuredmedia":[{"embeddable":true,"href":"https:\/\/e-adams.pl\/de\/wp-json\/wp\/v2\/media\/23500"}],"wp:attachment":[{"href":"https:\/\/e-adams.pl\/de\/wp-json\/wp\/v2\/media?parent=23313"}],"wp:term":[{"taxonomy":"product_cat","embeddable":true,"href":"https:\/\/e-adams.pl\/de\/wp-json\/wp\/v2\/product_cat?post=23313"},{"taxonomy":"product_tag","embeddable":true,"href":"https:\/\/e-adams.pl\/de\/wp-json\/wp\/v2\/product_tag?post=23313"}],"curies":[{"name":"wp","href":"https:\/\/api.w.org\/{rel}","templated":true}]}}