{"id":23315,"date":"2023-12-06T09:58:35","date_gmt":"2023-12-06T08:58:35","guid":{"rendered":"https:\/\/e-adams.pl\/produkt\/obuwie-robocze-sl-845-xp-r-45-s3-65200-obuwie-monterskiehalowe\/"},"modified":"2024-02-15T11:49:47","modified_gmt":"2024-02-15T10:49:47","slug":"trzewiki-ochronne-atlas-sl-845-xp-s3-r-45","status":"publish","type":"product","link":"https:\/\/e-adams.pl\/de\/produkt\/trzewiki-ochronne-atlas-sl-845-xp-s3-r-45\/","title":{"rendered":"Trzewiki ochronne ATLAS SL 845 XP S3 r.45"},"content":{"rendered":"<h3>OPIS:<\/h3>\n<p>Trzewiki ochronne ATLAS SL 845 to buty bezpieczne, \u0142\u0105cz\u0105ce niezawodno\u015b\u0107 ochrony z komfortem i estetyk\u0105. Zgodne z norm\u0105 CE EN ISO 20345:2012, s\u0105 klasyfikowane jako S3, co sprawia, \u017ce doskonale sprawdzaj\u0105 si\u0119 w wymagaj\u0105cych warunkach pracy. Buty te oferuj\u0105 zaawansowane w\u0142a\u015bciwo\u015bci ochronne, w tym ochron\u0119 przed elektrostatycznymi wy\u0142adowaniami (ESD).<\/p>\n<p>Odporno\u015b\u0107 na po\u015blizg na ceramicznym pod\u0142o\u017cu pokrytym roztworem SLS i na stal pokryt\u0105 glicerolem (SRC). Odporno\u015b\u0107 na przebicia (P), w\u0142a\u015bciwo\u015bci elektrostatyczne (A) oraz absorpcja energii w obszarze pi\u0119ty (E) sprawiaj\u0105, \u017ce s\u0105 nie tylko bezpieczne, ale r\u00f3wnie\u017c funkcjonalne.<\/p>\n<p>Komfort u\u017cytkowania to istotna cecha Atlas SL 845. Dzi\u0119ki systemowi amortyzacji 3D i wy\u015bci\u00f3\u0142ce aktiv-X, reguluj\u0105cej wilgotno\u015b\u0107, Twoje stopy pozostaj\u0105 \u015bwie\u017ce i wygodne przez ca\u0142y dzie\u0144. Technologia Clima stream zwi\u0119ksza oddychalno\u015b\u0107 obuwia, wp\u0142ywaj\u0105c korzystnie na og\u00f3lny komfort noszenia.<\/p>\n<p>Dost\u0119pno\u015b\u0107 w szeroko\u015bciach specjalnych (W12, W13, W14) oraz mo\u017cliwo\u015b\u0107 noszenia wk\u0142adek (DGUV 112-191) umo\u017cliwiaj\u0105 pe\u0142n\u0105 personalizacj\u0119. Podnosek aluminiowy i podeszwa w systemie MPU INNOFLEX gwarantuj\u0105 nie tylko ochron\u0119, ale tak\u017ce trwa\u0142o\u015b\u0107.<\/p>\n<p>Buty wykonane z wodoodpornej sk\u00f3ry s\u0105 odporne na wilgo\u0107 i utrzymuj\u0105 estetyczny wygl\u0105d. Ich sznurowanie pozwala na precyzyjne dopasowanie. To obuwie, \u0142\u0105cz\u0105ce styl z bezpiecze\u0144stwem i komfortem, co pozwala Ci pracowa\u0107 z pewno\u015bci\u0105 siebie w r\u00f3\u017cnych warunkach.<\/p>\n<h3>W\u0142a\u015bciwo\u015bci:<\/h3>\n<ul class=\"highlight-list\">\n<li>XP &#8211; bezmetalowe zabezpieczenie przed przebiciem<\/li>\n<li>podnosek aluminiowy alu-tec<\/li>\n<li>3D-system amortyzacji<\/li>\n<li>sk\u00f3ra wodoodporna<\/li>\n<li>oddychaj\u0105ca wy\u015bci\u00f3\u0142ka aktiv-X<\/li>\n<li>ESD-sprz\u0119t<\/li>\n<li>Dost\u0119pne w t\u0119go\u015bci\u00a0<a title=\"Weite 13\" href=\"https:\/\/www.atlas-obuwie.pl\/index.php?id=90&amp;asanr=65213%20%20%20S3&amp;L=8&amp;cHash=ee3e177654e11e222b54ae7b41b7842b\" target=\"_blank\" rel=\"noopener\">W13<\/a>\/<a title=\"Weite 14\" href=\"https:\/\/www.atlas-obuwie.pl\/index.php?id=90&amp;asanr=65214%20%20%20S3&amp;L=8&amp;cHash=3992d15416e4e490b098997ce7144413\" target=\"_blank\" rel=\"noopener\">W14<\/a><\/li>\n<li>przystosowane r\u00f3wnie\u017c dla nosz\u0105cych wk\u0142adki<\/li>\n<li>MPU\u00ae INNOFLEX System<\/li>\n<\/ul>\n<h3>DANE TECHNICZNE:<\/h3>\n<p>\u2022 Producent: Atlas<br \/>\n\u2022 Kategoria ochrony: S3<br \/>\n\u2022 Kolor: czarny<br \/>\n\u2022 Materia\u0142 wierzchni: sk\u00f3ra<br \/>\n\u2022 Rodzaj zapi\u0119cia: sznurowad\u0142a<br \/>\n\u2022 Podnosek: aluminiowy<br \/>\n\u2022 Kod EAN: 4043692293912<\/p>\n","protected":false},"excerpt":{"rendered":"<p>Trzewiki ochronne ATLAS SL 845 to buty bezpieczne, \u0142\u0105cz\u0105ce niezawodno\u015b\u0107 ochrony z komfortem i estetyk\u0105. Zgodne z norm\u0105 CE EN ISO 20345:2012, s\u0105 klasyfikowane jako S3, co sprawia, \u017ce doskonale sprawdzaj\u0105 si\u0119 w wymagaj\u0105cych warunkach pracy. Buty te oferuj\u0105 zaawansowane w\u0142a\u015bciwo\u015bci ochronne, w tym ochron\u0119 przed elektrostatycznymi wy\u0142adowaniami (ESD).<\/p>\n","protected":false},"featured_media":23508,"comment_status":"open","ping_status":"closed","template":"","meta":{"_acf_changed":false,"inline_featured_image":false},"product_cat":[2549],"product_tag":[265,2475,2474],"class_list":{"0":"post-23315","1":"product","2":"type-product","3":"status-publish","4":"has-post-thumbnail","6":"product_cat-obuwie-bhp","7":"product_tag-atlas","8":"product_tag-sl-845","9":"product_tag-trzewiki-ochronne","10":"pa_rozmiar-2465","12":"first","13":"instock","14":"shipping-taxable","15":"purchasable","16":"product-type-simple"},"acf":[],"_links":{"self":[{"href":"https:\/\/e-adams.pl\/de\/wp-json\/wp\/v2\/product\/23315","targetHints":{"allow":["GET"]}}],"collection":[{"href":"https:\/\/e-adams.pl\/de\/wp-json\/wp\/v2\/product"}],"about":[{"href":"https:\/\/e-adams.pl\/de\/wp-json\/wp\/v2\/types\/product"}],"replies":[{"embeddable":true,"href":"https:\/\/e-adams.pl\/de\/wp-json\/wp\/v2\/comments?post=23315"}],"wp:featuredmedia":[{"embeddable":true,"href":"https:\/\/e-adams.pl\/de\/wp-json\/wp\/v2\/media\/23508"}],"wp:attachment":[{"href":"https:\/\/e-adams.pl\/de\/wp-json\/wp\/v2\/media?parent=23315"}],"wp:term":[{"taxonomy":"product_cat","embeddable":true,"href":"https:\/\/e-adams.pl\/de\/wp-json\/wp\/v2\/product_cat?post=23315"},{"taxonomy":"product_tag","embeddable":true,"href":"https:\/\/e-adams.pl\/de\/wp-json\/wp\/v2\/product_tag?post=23315"}],"curies":[{"name":"wp","href":"https:\/\/api.w.org\/{rel}","templated":true}]}}