{"id":23325,"date":"2023-12-06T09:58:42","date_gmt":"2023-12-06T08:58:42","guid":{"rendered":"https:\/\/e-adams.pl\/produkt\/okulary-przeciwodpryskowe-parrot-yellow-stalco-s-44210\/"},"modified":"2024-07-15T11:31:17","modified_gmt":"2024-07-15T09:31:17","slug":"okulary-przeciwodpryskowe-stalco-parrot-zolte","status":"publish","type":"product","link":"https:\/\/e-adams.pl\/de\/produkt\/okulary-przeciwodpryskowe-stalco-parrot-zolte\/","title":{"rendered":"Okulary przeciwodpryskowe STALCO PARROT YELLOW"},"content":{"rendered":"<h3>OPIS:<\/h3>\n<p>Okulary przeciwodpryskowe STALCO PARROT YELLOW to ultralekkie, ochronne okulary z soczewkami w kolorze \u017c\u00f3\u0142tym. Stanowi\u0105 podstawow\u0105 ochron\u0119 oczu przed odpryskami oraz przed szybko poruszaj\u0105cymi si\u0119 cz\u0105steczkami o niskiej energii. Szczeg\u00f3ln\u0105 funkcjonalno\u015b\u0107 prezentuj\u0105 soczewki u\u017cywane w tych okularach ochronnych.<\/p>\n<p>Zawodowa ochrona oczu jest niezwykle istotna, zwa\u017cywszy na wra\u017cliwo\u015b\u0107 tej cz\u0119\u015bci cia\u0142a, odpowiedzialnej za zmys\u0142 wzroku. W przypadku wyst\u0119powania ryzyka uszkodze\u0144 oczu, takich jak ochlapanie czy podra\u017cnienie, niezb\u0119dne jest wyposa\u017cenie si\u0119 w okulary przeciwodpryskowe. Okulary te, oferowane przez firm\u0119 Stalco w charakterystycznym \u017c\u00f3\u0142tym kolorze, gwarantuj\u0105 skuteczn\u0105 ochron\u0119, eliminuj\u0105c obawy zwi\u0105zane z bezpiecze\u0144stwem w miejscu pracy.<\/p>\n<p>Zastosowanie \u017c\u00f3\u0142tych soczewek ma istotne znaczenie w obszarach o s\u0142abym o\u015bwietleniu lub tam, gdzie dost\u0119pne jest jedynie sztuczne \u015bwiat\u0142o. Okulary przeciwodpryskowe Parrot Yellow wykorzystuj\u0105 te soczewki, kt\u00f3re skutecznie chroni\u0105 oczy przed szybko poruszaj\u0105cymi si\u0119 cz\u0105stkami o niskiej energii.<\/p>\n<p>Stanowi\u0105 one r\u00f3wnie\u017c barier\u0119 dla toksycznych substancji, kt\u00f3re nie maj\u0105 mo\u017cliwo\u015bci dostania si\u0119 do oczu. Produkt dost\u0119pny jest w rozmiarze uniwersalnym i spe\u0142nia normy EN166, EN170 oraz EN172, potwierdzaj\u0105c wysoki standard ochrony zapewnianej przez te okulary.<\/p>\n<p><strong>Cechy:<\/strong><\/p>\n<ul>\n<li>super lekkie<\/li>\n<li>\u017c\u00f3\u0142te soczewki<\/li>\n<li>formu\u0142a chroni\u0105ca przed szybko poruszaj\u0105cymi si\u0119 cz\u0105steczkami o niskiej energii<\/li>\n<\/ul>\n<h3>DANE TECHNICZNE:<\/h3>\n<p>\u2022 Indeks: S-44210<br \/>\n\u2022 Kod EAN: 5901466128671<\/p>\n","protected":false},"excerpt":{"rendered":"<p>Okulary przeciwodpryskowe STALCO PARROT YELLOW to ultralekkie, ochronne okulary z soczewkami w kolorze \u017c\u00f3\u0142tym. Stanowi\u0105 podstawow\u0105 ochron\u0119 oczu przed odpryskami oraz przed szybko poruszaj\u0105cymi si\u0119 cz\u0105steczkami o niskiej energii. Szczeg\u00f3ln\u0105 funkcjonalno\u015b\u0107 prezentuj\u0105 soczewki u\u017cywane w tych okularach ochronnych.<\/p>\n","protected":false},"featured_media":23622,"comment_status":"open","ping_status":"closed","template":"","meta":{"_acf_changed":false,"inline_featured_image":false},"product_cat":[2551],"product_tag":[2568,2569,1505],"class_list":{"0":"post-23325","1":"product","2":"type-product","3":"status-publish","4":"has-post-thumbnail","6":"product_cat-akcesoria","7":"product_tag-okulary-przeciwodpryskowe","8":"product_tag-parrot-yellow","9":"product_tag-stalco","11":"first","12":"instock","13":"shipping-taxable","14":"purchasable","15":"product-type-simple"},"acf":[],"_links":{"self":[{"href":"https:\/\/e-adams.pl\/de\/wp-json\/wp\/v2\/product\/23325","targetHints":{"allow":["GET"]}}],"collection":[{"href":"https:\/\/e-adams.pl\/de\/wp-json\/wp\/v2\/product"}],"about":[{"href":"https:\/\/e-adams.pl\/de\/wp-json\/wp\/v2\/types\/product"}],"replies":[{"embeddable":true,"href":"https:\/\/e-adams.pl\/de\/wp-json\/wp\/v2\/comments?post=23325"}],"wp:featuredmedia":[{"embeddable":true,"href":"https:\/\/e-adams.pl\/de\/wp-json\/wp\/v2\/media\/23622"}],"wp:attachment":[{"href":"https:\/\/e-adams.pl\/de\/wp-json\/wp\/v2\/media?parent=23325"}],"wp:term":[{"taxonomy":"product_cat","embeddable":true,"href":"https:\/\/e-adams.pl\/de\/wp-json\/wp\/v2\/product_cat?post=23325"},{"taxonomy":"product_tag","embeddable":true,"href":"https:\/\/e-adams.pl\/de\/wp-json\/wp\/v2\/product_tag?post=23325"}],"curies":[{"name":"wp","href":"https:\/\/api.w.org\/{rel}","templated":true}]}}