{"id":23332,"date":"2023-12-06T09:58:48","date_gmt":"2023-12-06T08:58:48","guid":{"rendered":"https:\/\/e-adams.pl\/produkt\/pasek-skorzany-p10-115cm-stalco-perfect-s-76300\/"},"modified":"2024-05-10T11:02:37","modified_gmt":"2024-05-10T09:02:37","slug":"pasek-skorzany-stalco-perfect-p10-115cm","status":"publish","type":"product","link":"https:\/\/e-adams.pl\/de\/produkt\/pasek-skorzany-stalco-perfect-p10-115cm\/","title":{"rendered":"Pasek sk\u00f3rzany STALCO PERFECT P10 115CM"},"content":{"rendered":"<h3>OPIS:<\/h3>\n<p>Pasek sk\u00f3rzany STALCO PERFECT P10 to wysokiej jako\u015bci dodatek dedykowany do noszenia w po\u0142\u0105czeniu z odzie\u017c\u0105 robocz\u0105. Nie tylko doskonale pe\u0142ni funkcj\u0119 utrzymania spodni na w\u0142a\u015bciwym miejscu podczas wykonywania prac, ale r\u00f3wnie\u017c stanowi praktyczne akcesorium przystosowane do mocowania kieszeni narz\u0119dziowych.<br \/>\nZosta\u0142 precyzyjnie wykonany z wytrzyma\u0142ej sk\u00f3ry, skutecznie zabezpieczonej przed wilgoci\u0105 i ewentualnymi uszkodzeniami mechanicznymi.<\/p>\n<p>Solidno\u015b\u0107 paska gwarantuje nie tylko trwa\u0142o\u015b\u0107, ale tak\u017ce ochron\u0119 przed niekorzystnym wp\u0142ywem warunk\u00f3w atmosferycznych oraz intensywnego u\u017cytkowania. Metalowa sprz\u0105czka, kt\u00f3ra zosta\u0142a solidnie zamocowana, umo\u017cliwia \u0142atwe dostosowanie obwodu do indywidualnych preferencji i potrzeb u\u017cytkownika, co przek\u0142ada si\u0119 na wygod\u0119 noszenia.<\/p>\n<p>Linia STALCO Perfect oferuje paski sk\u00f3rzane w r\u00f3\u017cnych wariantach, r\u00f3\u017cni\u0105cych si\u0119 d\u0142ugo\u015bci\u0105, co pozwala dopasowa\u0107 produkt do konkretnej sytuacji pracy oraz indywidualnych preferencji u\u017cytkownika. To nie tylko funkcjonalny, ale tak\u017ce stylowy element odzie\u017cy roboczej, kt\u00f3ry podkre\u015bla profesjonalizm i dba\u0142o\u015b\u0107 o detal w ka\u017cdym aspekcie wykonywanej pracy.<\/p>\n<p>\u2022 Indeks: S-76300<br \/>\n\u2022 Kod EAN: 5904012161139<\/p>\n<p>&nbsp;<\/p>\n","protected":false},"excerpt":{"rendered":"<p>Pasek sk\u00f3rzany STALCO PERFECT P10 to wysokiej jako\u015bci dodatek dedykowany do noszenia w po\u0142\u0105czeniu z odzie\u017c\u0105 robocz\u0105. Nie tylko doskonale pe\u0142ni funkcj\u0119 utrzymania spodni na w\u0142a\u015bciwym miejscu podczas wykonywania prac, ale r\u00f3wnie\u017c stanowi praktyczne akcesorium przystosowane do mocowania kieszeni narz\u0119dziowych.<\/p>\n","protected":false},"featured_media":23552,"comment_status":"open","ping_status":"closed","template":"","meta":{"_acf_changed":false,"inline_featured_image":false},"product_cat":[2551],"product_tag":[2514,2513,1505],"class_list":{"0":"post-23332","1":"product","2":"type-product","3":"status-publish","4":"has-post-thumbnail","6":"product_cat-akcesoria","7":"product_tag-p10","8":"product_tag-pasek-skorzany","9":"product_tag-stalco","11":"first","12":"instock","13":"shipping-taxable","14":"purchasable","15":"product-type-simple"},"acf":[],"_links":{"self":[{"href":"https:\/\/e-adams.pl\/de\/wp-json\/wp\/v2\/product\/23332","targetHints":{"allow":["GET"]}}],"collection":[{"href":"https:\/\/e-adams.pl\/de\/wp-json\/wp\/v2\/product"}],"about":[{"href":"https:\/\/e-adams.pl\/de\/wp-json\/wp\/v2\/types\/product"}],"replies":[{"embeddable":true,"href":"https:\/\/e-adams.pl\/de\/wp-json\/wp\/v2\/comments?post=23332"}],"wp:featuredmedia":[{"embeddable":true,"href":"https:\/\/e-adams.pl\/de\/wp-json\/wp\/v2\/media\/23552"}],"wp:attachment":[{"href":"https:\/\/e-adams.pl\/de\/wp-json\/wp\/v2\/media?parent=23332"}],"wp:term":[{"taxonomy":"product_cat","embeddable":true,"href":"https:\/\/e-adams.pl\/de\/wp-json\/wp\/v2\/product_cat?post=23332"},{"taxonomy":"product_tag","embeddable":true,"href":"https:\/\/e-adams.pl\/de\/wp-json\/wp\/v2\/product_tag?post=23332"}],"curies":[{"name":"wp","href":"https:\/\/api.w.org\/{rel}","templated":true}]}}