{"id":23334,"date":"2023-12-06T09:58:49","date_gmt":"2023-12-06T08:58:49","guid":{"rendered":"https:\/\/e-adams.pl\/produkt\/pilarka-tarczowa-165mm-1200w-css165-stalco-premium-s-97238\/"},"modified":"2024-05-23T08:45:28","modified_gmt":"2024-05-23T06:45:28","slug":"pilarka-tarczowa-stalco-premium-css165-165mm-1200w","status":"publish","type":"product","link":"https:\/\/e-adams.pl\/de\/produkt\/pilarka-tarczowa-stalco-premium-css165-165mm-1200w\/","title":{"rendered":"Pilarka tarczowa STALCO PREMIUM CSS165 165MM 1200W"},"content":{"rendered":"<h3>OPIS:<\/h3>\n<p>Pilarka tarczowa STALCO PREMIUM CSS165 165MM 1200W to praktyczne narz\u0119dzie o bardzo wszechstronnym zastosowaniu, dedykowane g\u0142\u00f3wnie do prac stolarskich i budowlanych. Zaprojektowana jest do obs\u0142ugi tarczy o \u015brednicy 165 mm, a silnik o mocy 1200 W osi\u0105ga pr\u0119dko\u015b\u0107 do 5500 obrot\u00f3w na minut\u0119.<\/p>\n<p>Dzi\u0119ki tym parametrom pilarka CSS165 umo\u017cliwia przeprowadzanie ci\u0119\u0107 o g\u0142\u0119boko\u015bci do 54 mm. Dodatkowo, \u0142atwo regulowa\u0107 k\u0105t nachylenia stopy oraz prowadzi\u0107 ci\u0119cia w zakresie od 90 do 45 stopni.<\/p>\n<p>Pilarka pozwala dostosowa\u0107 g\u0142\u0119boko\u015b\u0107 ci\u0119cia, co umo\u017cliwia prac\u0119 na r\u00f3\u017cnych materia\u0142ach oraz precyzyjne bruzdowanie. Aby utrzyma\u0107 porz\u0105dek w miejscu pracy, istnieje mo\u017cliwo\u015b\u0107 pod\u0142\u0105czenia odkurzacza.<\/p>\n<ul>\n<li><strong>Uniwersalne zastosowanie:<\/strong> Narz\u0119dzie wyposa\u017cone w wydajny silnik, niewielk\u0105 wag\u0119 i mo\u017cliwo\u015b\u0107 szybkiej wymiany osprz\u0119tu, co sprawia, \u017ce znajduje zastosowanie w wielu dziedzinach przemys\u0142u oraz przy majsterkowaniu.<\/li>\n<li><strong>Regulacja k\u0105ta pracy:<\/strong> Za pomoc\u0105 pojedynczego pokr\u0119t\u0142a mo\u017cna zmienia\u0107 ustawienie stopki, ustalaj\u0105c k\u0105t pracy maszyny od 90 do 45 stopni.<\/li>\n<li><strong>Wygodne prowadzenie pracy:<\/strong> Ergonomiczny gumowy uchwyt g\u0142\u00f3wny i dodatkowy pomocniczy o ergonomicznym kszta\u0142cie umo\u017cliwiaj\u0105 pewne trzymanie narz\u0119dzia oraz \u0142atwe prowadzenie prac.<\/li>\n<\/ul>\n<h3>DANE TECHNICZNE:<\/h3>\n<p>\u2022 Moc znamionowa: [W] 1500<br \/>\n\u2022 Napi\u0119cie znamionowe: [V] 220-230<br \/>\n\u2022 Cz\u0119stotliwo\u015b\u0107 znamionowa: [Hz] 50\/60<br \/>\n\u2022 Nat\u0119\u017cenie pr\u0105du: [A] 6,8<br \/>\n\u2022 Pr\u0119dko\u015b\u0107 obrotowa bez obci\u0105\u017cenia: [obr\/min] 5500<br \/>\n\u2022 Min. \u015brednica pi\u0142y tarczowej: [mm] 185<br \/>\n\u2022 Maks. \u015brednica pi\u0142y tarczowej: [mm] 190<br \/>\n\u2022 \u015arednica otworu monta\u017cowego pi\u0142y: [mm] 20<br \/>\n\u2022 Maks. grubo\u015b\u0107 pi\u0142y tarczowej: [mm] 2<br \/>\n\u2022 Maks. g\u0142\u0119boko\u015b\u0107 ci\u0119cia: [mm] 90\u00b0 (0\u00b0) 66<br \/>\n\u2022 Maks. g\u0142\u0119boko\u015b\u0107 ci\u0119cia: [mm] 45\u00b0 46<br \/>\n\u2022 Waga: [kg] 4,4<br \/>\n\u2022 Klasa ochronno\u015bci: II<br \/>\n\u2022 D\u0142ugo\u015b\u0107 przewodu: [m] 3<br \/>\n\u2022 Indeks: S-97238<br \/>\n\u2022 Kod EAN: 5904012115606<\/p>\n","protected":false},"excerpt":{"rendered":"<p>Pilarka tarczowa STALCO PREMIUM CSS165 165MM 1200W to praktyczne narz\u0119dzie o bardzo wszechstronnym zastosowaniu, dedykowane g\u0142\u00f3wnie do prac stolarskich i budowlanych. Zaprojektowana jest do obs\u0142ugi tarczy o \u015brednicy 165 mm, a silnik o mocy 1200 W osi\u0105ga pr\u0119dko\u015b\u0107 do 5500 obrot\u00f3w na minut\u0119.<\/p>\n","protected":false},"featured_media":23797,"comment_status":"open","ping_status":"closed","template":"","meta":{"_acf_changed":false,"inline_featured_image":false},"product_cat":[2895],"product_tag":[2668,1505],"class_list":{"0":"post-23334","1":"product","2":"type-product","3":"status-publish","4":"has-post-thumbnail","6":"product_cat-stalco","7":"product_tag-pilarka-tarczowa","8":"product_tag-stalco","10":"first","11":"outofstock","12":"shipping-taxable","13":"purchasable","14":"product-type-simple"},"acf":[],"_links":{"self":[{"href":"https:\/\/e-adams.pl\/de\/wp-json\/wp\/v2\/product\/23334","targetHints":{"allow":["GET"]}}],"collection":[{"href":"https:\/\/e-adams.pl\/de\/wp-json\/wp\/v2\/product"}],"about":[{"href":"https:\/\/e-adams.pl\/de\/wp-json\/wp\/v2\/types\/product"}],"replies":[{"embeddable":true,"href":"https:\/\/e-adams.pl\/de\/wp-json\/wp\/v2\/comments?post=23334"}],"wp:featuredmedia":[{"embeddable":true,"href":"https:\/\/e-adams.pl\/de\/wp-json\/wp\/v2\/media\/23797"}],"wp:attachment":[{"href":"https:\/\/e-adams.pl\/de\/wp-json\/wp\/v2\/media?parent=23334"}],"wp:term":[{"taxonomy":"product_cat","embeddable":true,"href":"https:\/\/e-adams.pl\/de\/wp-json\/wp\/v2\/product_cat?post=23334"},{"taxonomy":"product_tag","embeddable":true,"href":"https:\/\/e-adams.pl\/de\/wp-json\/wp\/v2\/product_tag?post=23334"}],"curies":[{"name":"wp","href":"https:\/\/api.w.org\/{rel}","templated":true}]}}