{"id":23335,"date":"2023-12-06T09:58:50","date_gmt":"2023-12-06T08:58:50","guid":{"rendered":"https:\/\/e-adams.pl\/produkt\/pilarka-tarczowa-186-190mm-1500w-css190-stalco-premium-s-97240\/"},"modified":"2024-05-23T08:42:26","modified_gmt":"2024-05-23T06:42:26","slug":"pilarka-tarczowa-stalco-premium-css190-186-190mm-1500w","status":"publish","type":"product","link":"https:\/\/e-adams.pl\/de\/produkt\/pilarka-tarczowa-stalco-premium-css190-186-190mm-1500w\/","title":{"rendered":"Pilarka tarczowa STALCO PREMIUM CSS190 186-190MM 1500W"},"content":{"rendered":"<h3>OPIS:<\/h3>\n<p>Pilarka tarczowa STALCO PREMIUM CSS190 186-190MM 1500W to niezast\u0105pione narz\u0119dzie w ka\u017cdym warsztacie stolarskim oraz podczas prac ciesielskich i budowlanych. Dzi\u0119ki tej pilarce mo\u017cliwe jest precyzyjne i dok\u0142adne wykonywanie ci\u0119\u0107 r\u00f3wnoleg\u0142ych w drewnie, p\u0142ytach drewnopochodnych oraz innych materia\u0142ach budowlanych.<\/p>\n<p>Pilarka tarczowa r\u0119czna CSS190 charakteryzuje si\u0119 imponuj\u0105c\u0105 moc\u0105, wysokimi obrotami oraz obs\u0142ug\u0105 tarcz tn\u0105cych o \u015brednicy 190 mm, co sprawia, \u017ce doskonale sprawdza si\u0119 nawet w najbardziej wymagaj\u0105cych zadaniach.<\/p>\n<p>Wyposa\u017cona jest w kompleksowe zabezpieczenia, takie jak os\u0142ony i mechanizmy bezpiecze\u0144stwa, co podnosi standard bezpiecze\u0144stwa podczas pracy.<\/p>\n<p>Pilarka umo\u017cliwia regulacj\u0119 stopnia nachylenia stopy w zakresie od 0 do 45 stopni, a tak\u017ce dostosowanie g\u0142\u0119boko\u015bci ci\u0119cia.<\/p>\n<p>Dzi\u0119ki tym funkcjom, narz\u0119dzie jest w stanie przecina\u0107 materia\u0142y o grubo\u015bci do 66 mm, a tak\u017ce tworzy\u0107 precyzyjne bruzdy.<\/p>\n<h3>DANE TECHNICZNE:<\/h3>\n<p>\u2022 Moc znamionowa: [W] 1500<br \/>\n\u2022 Napi\u0119cie znamionowe: [V] 220-230<br \/>\n\u2022 Cz\u0119stotliwo\u015b\u0107 znamionowa: [Hz] 50\/60<br \/>\n\u2022 Nat\u0119\u017cenie pr\u0105du: [A] 6,8<br \/>\n\u2022 Pr\u0119dko\u015b\u0107 obrotowa bez obci\u0105\u017cenia: [obr\/min] 5500<br \/>\n\u2022 Min. \u015brednica pi\u0142y tarczowej: [mm] 185<br \/>\n\u2022 Maks. \u015brednica pi\u0142y tarczowej: [mm] 190<br \/>\n\u2022 \u015arednica otworu monta\u017cowego pi\u0142y: [mm] 20<br \/>\n\u2022 Maks. grubo\u015b\u0107 pi\u0142y tarczowej: [mm] 2<br \/>\n\u2022 Maks. g\u0142\u0119boko\u015b\u0107 ci\u0119cia: [mm] 90\u00b0 (0\u00b0) 66<br \/>\n\u2022 Maks. g\u0142\u0119boko\u015b\u0107 ci\u0119cia: [mm] 45\u00b0 46<br \/>\n\u2022 Waga:+ [kg] 4,4<br \/>\n\u2022 Klasa ochronno\u015bci: II<br \/>\n\u2022 D\u0142ugo\u015b\u0107 przewodu: [m] 3<br \/>\n\u2022 Indeks: S-97240<br \/>\n\u2022 Kod EAN: 5904012115613<\/p>\n","protected":false},"excerpt":{"rendered":"<p>Pilarka tarczowa STALCO PREMIUM CSS190 186-190MM 1500W to niezast\u0105pione narz\u0119dzie w ka\u017cdym warsztacie stolarskim oraz podczas prac ciesielskich i budowlanych. Dzi\u0119ki tej pilarce mo\u017cliwe jest precyzyjne i dok\u0142adne wykonywanie ci\u0119\u0107 r\u00f3wnoleg\u0142ych w drewnie, p\u0142ytach drewnopochodnych oraz innych materia\u0142ach budowlanych.<\/p>\n","protected":false},"featured_media":23799,"comment_status":"open","ping_status":"closed","template":"","meta":{"_acf_changed":false,"inline_featured_image":false},"product_cat":[2895],"product_tag":[2668,1505],"class_list":{"0":"post-23335","1":"product","2":"type-product","3":"status-publish","4":"has-post-thumbnail","6":"product_cat-stalco","7":"product_tag-pilarka-tarczowa","8":"product_tag-stalco","10":"first","11":"instock","12":"shipping-taxable","13":"purchasable","14":"product-type-simple"},"acf":[],"_links":{"self":[{"href":"https:\/\/e-adams.pl\/de\/wp-json\/wp\/v2\/product\/23335","targetHints":{"allow":["GET"]}}],"collection":[{"href":"https:\/\/e-adams.pl\/de\/wp-json\/wp\/v2\/product"}],"about":[{"href":"https:\/\/e-adams.pl\/de\/wp-json\/wp\/v2\/types\/product"}],"replies":[{"embeddable":true,"href":"https:\/\/e-adams.pl\/de\/wp-json\/wp\/v2\/comments?post=23335"}],"wp:featuredmedia":[{"embeddable":true,"href":"https:\/\/e-adams.pl\/de\/wp-json\/wp\/v2\/media\/23799"}],"wp:attachment":[{"href":"https:\/\/e-adams.pl\/de\/wp-json\/wp\/v2\/media?parent=23335"}],"wp:term":[{"taxonomy":"product_cat","embeddable":true,"href":"https:\/\/e-adams.pl\/de\/wp-json\/wp\/v2\/product_cat?post=23335"},{"taxonomy":"product_tag","embeddable":true,"href":"https:\/\/e-adams.pl\/de\/wp-json\/wp\/v2\/product_tag?post=23335"}],"curies":[{"name":"wp","href":"https:\/\/api.w.org\/{rel}","templated":true}]}}