{"id":23337,"date":"2023-12-06T09:58:51","date_gmt":"2023-12-06T08:58:51","guid":{"rendered":"https:\/\/e-adams.pl\/produkt\/pila-szablasta-1010w-rss1010vs-stalco-premium-s-97250\/"},"modified":"2024-07-15T11:31:21","modified_gmt":"2024-07-15T09:31:21","slug":"pila-szablasta-stalco-premium-1010w-rss1010vs","status":"publish","type":"product","link":"https:\/\/e-adams.pl\/de\/produkt\/pila-szablasta-stalco-premium-1010w-rss1010vs\/","title":{"rendered":"Pi\u0142a szablasta STALCO PREMIUM 1010W RSS1010VS S-97250"},"content":{"rendered":"<h3>OPIS:<\/h3>\n<p>Pi\u0142a szablasta STALCO PREMIUM 1010W RSS1010VS to narz\u0119dzie stworzone do precyzyjnego ci\u0119cia w pionowych powierzchniach. G\u0142\u00f3wnie wykorzystywana w pracach budowlanych, szczeg\u00f3lnie przy pracach w ramach suchej zabudowy lub konstrukcji szkieletowych, ta wielofunkcyjna pi\u0142a znajduje tak\u017ce zastosowanie w pracach ogrodniczych.<\/p>\n<p>Zasilana silnikiem o imponuj\u0105cej mocy 1010 W, pi\u0142a szablasta RSS1010VS operuje z pr\u0119dko\u015bci\u0105 do 2400 skok\u00f3w na minut\u0119. Dzi\u0119ki wbudowanemu w\u0142\u0105cznikowi umo\u017cliwiaj\u0105cemu p\u0142ynn\u0105 regulacj\u0119, u\u017cytkownik mo\u017ce dostosowa\u0107 tryb pracy do charakterystyki ci\u0119tego materia\u0142u. Odpowiedni dob\u00f3r brzeszczotu pozwala na ci\u0119cie drewna o grubo\u015bci do 250 mm oraz stali.<\/p>\n<p>Dodatkowo, pi\u0142a szablasta RSS1010VS STALCO zosta\u0142a wyposa\u017cona w regulowan\u0105 stop\u0119, co umo\u017cliwia b\u0142yskawiczne ustawienie w\u0142a\u015bciwej g\u0142\u0119boko\u015bci prowadzenia ci\u0119cia. To narz\u0119dzie, kt\u00f3re nie tylko gwarantuje precyzj\u0119 i skuteczno\u015b\u0107 w r\u00f3\u017cnorodnych zadaniach, ale r\u00f3wnie\u017c oferuje elastyczno\u015b\u0107 dostosowania do specyfiki danego zadania. Dzi\u0119ki tym funkcjom, pi\u0142a szablasta RSS1010VS to nieocenione narz\u0119dzie zar\u00f3wno na placu budowy, jak i w ogrodzie.<\/p>\n<h3>DANE TECHNICZNE:<\/h3>\n<ul>\n<li>Index S-97250<\/li>\n<li>Moc znamionowa [W] 1010<\/li>\n<li>Napi\u0119cie znamionowe [V] 220-230<\/li>\n<li>Cz\u0119stotliwo\u015b\u0107 znamionowa [Hz] 50\/60<\/li>\n<li>Nat\u0119\u017cenie pr\u0105du [A] 4<\/li>\n<li>Cz\u0119stotliwo\u015b\u0107 skokow na biegu ja\u0142owym [min-1] 300-2400<\/li>\n<li>Skok roboczy brzeszczotu [mm] 28<\/li>\n<li>Maksymalna G\u0142\u0119boko\u015b\u0107 ci\u0119cia [mm] Drewno 250, Stal (profil\/rura) 8 \/ 120<\/li>\n<li>Waga [kg] 3,7<\/li>\n<li>Klasa ochronno\u015bci II<\/li>\n<li>D\u0142ugo\u015b\u0107 przewodu [m] 3<\/li>\n<li>Kod EAN: 5904012115590<\/li>\n<\/ul>\n","protected":false},"excerpt":{"rendered":"<p>Pi\u0142a szablasta STALCO PREMIUM 1010W RSS1010VS to narz\u0119dzie stworzone do precyzyjnego ci\u0119cia w pionowych powierzchniach. G\u0142\u00f3wnie wykorzystywana w pracach budowlanych, szczeg\u00f3lnie przy pracach w ramach suchej zabudowy lub konstrukcji szkieletowych, ta wielofunkcyjna pi\u0142a znajduje tak\u017ce zastosowanie w pracach ogrodniczych.<\/p>\n","protected":false},"featured_media":23521,"comment_status":"open","ping_status":"closed","template":"","meta":{"_acf_changed":false,"inline_featured_image":false},"product_cat":[2895],"product_tag":[2489,1505],"class_list":{"0":"post-23337","1":"product","2":"type-product","3":"status-publish","4":"has-post-thumbnail","6":"product_cat-stalco","7":"product_tag-pila-szablasta","8":"product_tag-stalco","10":"first","11":"instock","12":"shipping-taxable","13":"purchasable","14":"product-type-simple"},"acf":[],"_links":{"self":[{"href":"https:\/\/e-adams.pl\/de\/wp-json\/wp\/v2\/product\/23337","targetHints":{"allow":["GET"]}}],"collection":[{"href":"https:\/\/e-adams.pl\/de\/wp-json\/wp\/v2\/product"}],"about":[{"href":"https:\/\/e-adams.pl\/de\/wp-json\/wp\/v2\/types\/product"}],"replies":[{"embeddable":true,"href":"https:\/\/e-adams.pl\/de\/wp-json\/wp\/v2\/comments?post=23337"}],"wp:featuredmedia":[{"embeddable":true,"href":"https:\/\/e-adams.pl\/de\/wp-json\/wp\/v2\/media\/23521"}],"wp:attachment":[{"href":"https:\/\/e-adams.pl\/de\/wp-json\/wp\/v2\/media?parent=23337"}],"wp:term":[{"taxonomy":"product_cat","embeddable":true,"href":"https:\/\/e-adams.pl\/de\/wp-json\/wp\/v2\/product_cat?post=23337"},{"taxonomy":"product_tag","embeddable":true,"href":"https:\/\/e-adams.pl\/de\/wp-json\/wp\/v2\/product_tag?post=23337"}],"curies":[{"name":"wp","href":"https:\/\/api.w.org\/{rel}","templated":true}]}}