{"id":23338,"date":"2023-12-06T09:58:52","date_gmt":"2023-12-06T08:58:52","guid":{"rendered":"https:\/\/e-adams.pl\/produkt\/plecak-narzedziowy-pnp28-stalco-perfect-s-76260\/"},"modified":"2024-07-15T11:31:32","modified_gmt":"2024-07-15T09:31:32","slug":"plecak-narzedziowy-stalco-perfect-pnp28","status":"publish","type":"product","link":"https:\/\/e-adams.pl\/de\/produkt\/plecak-narzedziowy-stalco-perfect-pnp28\/","title":{"rendered":"Plecak narz\u0119dziowy STALCO PERFECT PNP28 S-76260"},"content":{"rendered":"<h3>OPIS:<\/h3>\n<p>Plecak narz\u0119dziowy STALCO PERFECT PNP28 to profesjonalne narz\u0119dzie, idealne do prac monterskich i serwisowych. Wykonany z trwa\u0142ej i wzmocnionej tkaniny poliestrowej, ten plecak jest nie tylko odporny na uszkodzenia mechaniczne, ale r\u00f3wnie\u017c \u0142atwy w utrzymaniu czysto\u015bci. Plecak zosta\u0142 starannie zaprojektowany, podzielony na 4 zewn\u0119trzne kieszenie, co u\u0142atwia skategoryzowanie i organizacj\u0119 niezb\u0119dnych narz\u0119dzi.<\/p>\n<p>Wewn\u0119trznie wyposa\u017cony w dodatkow\u0105 kiesze\u0144 na laptopa oraz 18 mniejszych przegr\u00f3dek do przechowywania akcesori\u00f3w roboczych, zapewnia maksymaln\u0105 funkcjonalno\u015b\u0107.<\/p>\n<p>Wygod\u0119 u\u017cytkowania plecaka podkre\u015bla mocny uchwyt w g\u00f3rnej cz\u0119\u015bci, umo\u017cliwiaj\u0105cy \u0142atwe noszenie w d\u0142oni. Profilowane pasy no\u015bne o ergonomicznym kszta\u0142cie posiadaj\u0105 system precyzyjnej regulacji, co gwarantuje komfort noszenia. Dodatkowo, regulowany pas piersiowy oraz system mi\u0119kkich, oddychaj\u0105cych poduszek na plecach zwi\u0119kszaj\u0105 wygod\u0119 u\u017cytkownika.<\/p>\n<p>Plecak &#8222;PNP28&#8220; nie tylko spe\u0142nia wymagania funkcjonalne, ale tak\u017ce dba o bezpiecze\u0144stwo u\u017cytkownika. Elementy odblaskowe zapewniaj\u0105 wi\u0119ksz\u0105 widoczno\u015b\u0107 po zmierzchu, co poprawia bezpiecze\u0144stwo podczas poruszania si\u0119 w warunkach s\u0142abej widoczno\u015bci. To kompleksowe rozwi\u0105zanie dla profesjonalist\u00f3w, kt\u00f3rzy ceni\u0105 solidno\u015b\u0107, funkcjonalno\u015b\u0107 i komfort w jednym narz\u0119dziu.<\/p>\n<h3>DANE TECHNICZNE:<\/h3>\n<ul>\n<li>4 zewn\u0119trzne kieszenie,<\/li>\n<li>1 wewn\u0119trzna kiesze\u0144,<\/li>\n<li>18 mniejszych przegr\u00f3dek,<\/li>\n<li>mocny uchwyt,<\/li>\n<li><strong>profilowane pasy no\u015bne<\/strong>\u00a0o ergonomicznym kszta\u0142cie z systemem precyzyjnej regulacji,<\/li>\n<li><strong>regulowany pas piersiowy<\/strong>,<\/li>\n<li>system mi\u0119kkich, oddychaj\u0105cych poduszek na plecach,<\/li>\n<li>elementy odblaskowe.<\/li>\n<li>Waga 1.60kg<\/li>\n<li>Index: S-76260<\/li>\n<li>Kod EAN: 5904012160514<\/li>\n<\/ul>\n","protected":false},"excerpt":{"rendered":"<p>Plecak narz\u0119dziowy STALCO PERFECT PNP28 to profesjonalne narz\u0119dzie, idealne do prac monterskich i serwisowych. Wykonany z trwa\u0142ej i wzmocnionej tkaniny poliestrowej, ten plecak jest nie tylko odporny na uszkodzenia mechaniczne, ale r\u00f3wnie\u017c \u0142atwy w utrzymaniu czysto\u015bci. Plecak zosta\u0142 starannie zaprojektowany, podzielony na 4 zewn\u0119trzne kieszenie, co u\u0142atwia skategoryzowanie i organizacj\u0119 niezb\u0119dnych narz\u0119dzi.<\/p>\n","protected":false},"featured_media":23836,"comment_status":"open","ping_status":"closed","template":"","meta":{"_acf_changed":false,"inline_featured_image":false},"product_cat":[101],"product_tag":[2687,1505],"class_list":{"0":"post-23338","1":"product","2":"type-product","3":"status-publish","4":"has-post-thumbnail","6":"product_cat-bramy-okna-ogrodzenia","7":"product_tag-plecak-narzedziowy","8":"product_tag-stalco","10":"first","11":"instock","12":"shipping-taxable","13":"purchasable","14":"product-type-simple"},"acf":[],"_links":{"self":[{"href":"https:\/\/e-adams.pl\/de\/wp-json\/wp\/v2\/product\/23338","targetHints":{"allow":["GET"]}}],"collection":[{"href":"https:\/\/e-adams.pl\/de\/wp-json\/wp\/v2\/product"}],"about":[{"href":"https:\/\/e-adams.pl\/de\/wp-json\/wp\/v2\/types\/product"}],"replies":[{"embeddable":true,"href":"https:\/\/e-adams.pl\/de\/wp-json\/wp\/v2\/comments?post=23338"}],"wp:featuredmedia":[{"embeddable":true,"href":"https:\/\/e-adams.pl\/de\/wp-json\/wp\/v2\/media\/23836"}],"wp:attachment":[{"href":"https:\/\/e-adams.pl\/de\/wp-json\/wp\/v2\/media?parent=23338"}],"wp:term":[{"taxonomy":"product_cat","embeddable":true,"href":"https:\/\/e-adams.pl\/de\/wp-json\/wp\/v2\/product_cat?post=23338"},{"taxonomy":"product_tag","embeddable":true,"href":"https:\/\/e-adams.pl\/de\/wp-json\/wp\/v2\/product_tag?post=23338"}],"curies":[{"name":"wp","href":"https:\/\/api.w.org\/{rel}","templated":true}]}}