{"id":23344,"date":"2023-12-06T09:58:57","date_gmt":"2023-12-06T08:58:57","guid":{"rendered":"https:\/\/e-adams.pl\/produkt\/polar-meski-navas-m-szary-s-s-78337\/"},"modified":"2024-02-15T11:49:45","modified_gmt":"2024-02-15T10:49:45","slug":"polar-meski-stalco-navas-m-r-s-oszary","status":"publish","type":"product","link":"https:\/\/e-adams.pl\/de\/produkt\/polar-meski-stalco-navas-m-r-s-oszary\/","title":{"rendered":"Polar m\u0119ski STALCO NAVAS M r.S szary"},"content":{"rendered":"<h3>OPIS:<\/h3>\n<p>Polar m\u0119ski STALCO NAVAS M posiada doskona\u0142e w\u0142a\u015bciwo\u015bci termoizolacyjne, jest odporny na gniecenie i mechacenie co znacznie wyd\u0142u\u017cy \u017cywotno\u015b\u0107 i atrakcyjny wygl\u0105d. Ty\u0142 polaru jest lekko wyd\u0142u\u017cony dla lepszej ochrony przed zimnem wiatrem. Wykonany zosta\u0142 z szybko schn\u0105cej i \u0142atwej w konserwacji dzianiny.<\/p>\n<p>Dodatkowo, polar ten posiada kiesze\u0144 na piersi, w kt\u00f3rej mo\u017cna schowa\u0107 drobne przedmioty, takie jak klucze czy telefon.<\/p>\n<p><strong>Cechy:<\/strong><\/p>\n<p>&#8211; Odporno\u015b\u0107 na gniecenie i mechacenie<br \/>\n&#8211; Lekko wyd\u0142u\u017cony ty\u0142 dla lepszej ochrony przed zimnem<br \/>\n&#8211; Szybkoschn\u0105ca i \u0142atwa w konserwacji dzianina<br \/>\n&#8211; Przeznaczony do u\u017cytku wielobran\u017cowego o uniwersalnym zastosowaniu<\/p>\n<h3>DANE TECHNICZNE:<\/h3>\n<p>\u2022 Kolor: Czarny<br \/>\n\u2022 Rozmiar: S<br \/>\n\u2022 Sk\u0142ad materia\u0142u: 100% Poliester<br \/>\n\u2022 Gramatura materia\u0142u (g\/m2): 300<br \/>\n\u2022 P\u0142e\u0107: M\u0119\u017cczy\u017ani<br \/>\n\u2022 Rodzaj: Polar<br \/>\n\u2022 W\u0142a\u015bciwo\u015bci termoizolacyjne: Tak<br \/>\n\u2022 Index: S-78337<br \/>\n\u2022 Kod EAN: 5901466170359<\/p>\n","protected":false},"excerpt":{"rendered":"<p>Polar m\u0119ski STALCO NAVAS M posiada doskona\u0142e w\u0142a\u015bciwo\u015bci termoizolacyjne, jest odporny na gniecenie i mechacenie co znacznie wyd\u0142u\u017cy \u017cywotno\u015b\u0107 i atrakcyjny wygl\u0105d. Ty\u0142 polaru jest lekko wyd\u0142u\u017cony dla lepszej ochrony przed zimnem wiatrem. Wykonany zosta\u0142 z szybko schn\u0105cej i \u0142atwej w konserwacji dzianiny.<\/p>\n","protected":false},"featured_media":23632,"comment_status":"open","ping_status":"closed","template":"","meta":{"_acf_changed":false,"inline_featured_image":false},"product_cat":[2552],"product_tag":[2575,2574,1505],"class_list":{"0":"post-23344","1":"product","2":"type-product","3":"status-publish","4":"has-post-thumbnail","6":"product_cat-bluzy-polary-swetry","7":"product_tag-navas-m","8":"product_tag-polar-meski","9":"product_tag-stalco","11":"first","12":"outofstock","13":"shipping-taxable","14":"purchasable","15":"product-type-simple"},"acf":[],"_links":{"self":[{"href":"https:\/\/e-adams.pl\/de\/wp-json\/wp\/v2\/product\/23344","targetHints":{"allow":["GET"]}}],"collection":[{"href":"https:\/\/e-adams.pl\/de\/wp-json\/wp\/v2\/product"}],"about":[{"href":"https:\/\/e-adams.pl\/de\/wp-json\/wp\/v2\/types\/product"}],"replies":[{"embeddable":true,"href":"https:\/\/e-adams.pl\/de\/wp-json\/wp\/v2\/comments?post=23344"}],"wp:featuredmedia":[{"embeddable":true,"href":"https:\/\/e-adams.pl\/de\/wp-json\/wp\/v2\/media\/23632"}],"wp:attachment":[{"href":"https:\/\/e-adams.pl\/de\/wp-json\/wp\/v2\/media?parent=23344"}],"wp:term":[{"taxonomy":"product_cat","embeddable":true,"href":"https:\/\/e-adams.pl\/de\/wp-json\/wp\/v2\/product_cat?post=23344"},{"taxonomy":"product_tag","embeddable":true,"href":"https:\/\/e-adams.pl\/de\/wp-json\/wp\/v2\/product_tag?post=23344"}],"curies":[{"name":"wp","href":"https:\/\/api.w.org\/{rel}","templated":true}]}}