{"id":23370,"date":"2023-12-06T09:59:18","date_gmt":"2023-12-06T08:59:18","guid":{"rendered":"https:\/\/e-adams.pl\/produkt\/reflektor-aku-led-lum-x-c-fls40w-bluetooth-stalco-perfect-s-98813\/"},"modified":"2024-02-15T11:49:29","modified_gmt":"2024-02-15T10:49:29","slug":"reflektor-stalco-aku-led-lum-x-c-fls40w-bt","status":"publish","type":"product","link":"https:\/\/e-adams.pl\/de\/produkt\/reflektor-stalco-aku-led-lum-x-c-fls40w-bt\/","title":{"rendered":"Reflektor STALCO AKU LED LUM X C-FLS40W BT"},"content":{"rendered":"<h3>OPIS:<\/h3>\n<p>Reflektor STALCO AKU LED LUM X C-FLS40W BT to zaawansowany, przeno\u015bny reflektor roboczy kt\u00f3ry jest ca\u0142kowicie py\u0142oszczelny, odporny na uderzenia i dzia\u0142anie wody, idealny do pracy w trudnych i wymagaj\u0105cych warunkach. Ten profesjonalny reflektor jest wyposa\u017cony w funkcj\u0119 Bluetooth oraz dwa g\u0142o\u015bniki o mocy 2x5W.<\/p>\n<p>D\u0142ugotrwa\u0142y czas pracy to jedna z g\u0142\u00f3wnych zalet tego reflektora. Pojemny akumulator jest w stanie zgromadzi\u0107 energi\u0119 wystarczaj\u0105c\u0105 nawet na 15 godzin ci\u0105g\u0142ej pracy, a pe\u0142ne na\u0142adowanie zajmuje maksymalnie 4,5 godziny. Dodatkowo, reflektor cechuje si\u0119 kompaktowymi wymiarami, prostok\u0105tnym kszta\u0142tem i niewielk\u0105 wag\u0105 (2,71 kilograma), co u\u0142atwia jego ustawienie, przenoszenie i przechowywanie.<\/p>\n<p>Optymalna barwa \u015bwiat\u0142a o temperaturze barwowej 6000 K stanowi doskona\u0142y kompromis mi\u0119dzy efektywnym o\u015bwietleniem a ciep\u0142ym \u015bwiat\u0142em, zapewniaj\u0105c optymalne warunki pracy. Dodatkow\u0105 funkcjonalno\u015bci\u0105 reflektora jest mo\u017cliwo\u015b\u0107 monta\u017cu dyfuzora, kt\u00f3ry rozprasza promie\u0144 \u015bwietlny, zwi\u0119kszaj\u0105c k\u0105t \u015bwiecenia z 120 do 360 stopni. To praktyczne rozwi\u0105zanie umo\u017cliwia skierowanie \u015bwiat\u0142a dok\u0142adnie tam, gdzie jest potrzebne.<\/p>\n<h3>DANE TECHNICZNE:<\/h3>\n<ul>\n<li>Strumie\u0144 \u015bwietlny [Lumen] 400 &#8211; 4000<\/li>\n<li>Strumie\u0144 \u015bwietlny z dyfuzorem [Lumen] 320 &#8211; 3200<\/li>\n<li>K\u0105t \u015bwiecenia [0 ] 120<\/li>\n<li>K\u0105t \u015bwiecenia z dyfuzorem [0 ] 360<\/li>\n<li>Skorelowana temperatura barwowa CCT [k] 6000<\/li>\n<li>Czas pracy [h] 2 &#8211; 15<\/li>\n<li>Czas \u0142adowania [h] 4,5<\/li>\n<li>G\u0142o\u015bniki [W] 2 x 5<\/li>\n<li>Kl. szczelno\u015bci [IP] 67<\/li>\n<li>Kl. wytrzyma\u0142o\u015bci mechanicznej [IK] 07<\/li>\n<li>Moc [W] 40<\/li>\n<li>Pojemno\u015b\u0107 akumulatora [mAh\/V] 5200 \/ 11,1<\/li>\n<li>USB Output [V\/A] 5 \/ 1<\/li>\n<li>Kabel zasilaj\u0105cy 2 x 1.0 H05RN [m] 5<\/li>\n<li>Wymiary [mm] 280x219x87<\/li>\n<li>Waga [kg] 2,71<\/li>\n<li>Kod EAN: 5904012143326<\/li>\n<\/ul>\n","protected":false},"excerpt":{"rendered":"<p>Reflektor STALCO AKU LED LUM X C-FLS40W BT to zaawansowany, przeno\u015bny reflektor roboczy, kt\u00f3ry jest ca\u0142kowicie py\u0142oszczelny, odporny na uderzenia i dzia\u0142anie wody, idealny do pracy w trudnych i wymagaj\u0105cych warunkach. Ten profesjonalny reflektor jest wyposa\u017cony w funkcj\u0119 Bluetooth oraz dwa g\u0142o\u015bniki o mocy 2x5W.<\/p>\n","protected":false},"featured_media":23548,"comment_status":"open","ping_status":"closed","template":"","meta":{"_acf_changed":false,"inline_featured_image":false},"product_cat":[2683],"product_tag":[2510,2509,1505],"class_list":{"0":"post-23370","1":"product","2":"type-product","3":"status-publish","4":"has-post-thumbnail","6":"product_cat-lampy-i-oswietlenie-robocze","7":"product_tag-c-fls40w","8":"product_tag-reflektor","9":"product_tag-stalco","11":"first","12":"instock","13":"shipping-taxable","14":"purchasable","15":"product-type-simple"},"acf":[],"_links":{"self":[{"href":"https:\/\/e-adams.pl\/de\/wp-json\/wp\/v2\/product\/23370","targetHints":{"allow":["GET"]}}],"collection":[{"href":"https:\/\/e-adams.pl\/de\/wp-json\/wp\/v2\/product"}],"about":[{"href":"https:\/\/e-adams.pl\/de\/wp-json\/wp\/v2\/types\/product"}],"replies":[{"embeddable":true,"href":"https:\/\/e-adams.pl\/de\/wp-json\/wp\/v2\/comments?post=23370"}],"wp:featuredmedia":[{"embeddable":true,"href":"https:\/\/e-adams.pl\/de\/wp-json\/wp\/v2\/media\/23548"}],"wp:attachment":[{"href":"https:\/\/e-adams.pl\/de\/wp-json\/wp\/v2\/media?parent=23370"}],"wp:term":[{"taxonomy":"product_cat","embeddable":true,"href":"https:\/\/e-adams.pl\/de\/wp-json\/wp\/v2\/product_cat?post=23370"},{"taxonomy":"product_tag","embeddable":true,"href":"https:\/\/e-adams.pl\/de\/wp-json\/wp\/v2\/product_tag?post=23370"}],"curies":[{"name":"wp","href":"https:\/\/api.w.org\/{rel}","templated":true}]}}