{"id":23381,"date":"2023-12-06T09:59:26","date_gmt":"2023-12-06T08:59:26","guid":{"rendered":"https:\/\/e-adams.pl\/produkt\/rekawice-poli-cut-5-9-s-76360\/"},"modified":"2024-07-15T11:31:17","modified_gmt":"2024-07-15T09:31:17","slug":"rekawice-poliuretanowe-stalco-poli-cut-5-r-9","status":"publish","type":"product","link":"https:\/\/e-adams.pl\/de\/produkt\/rekawice-poliuretanowe-stalco-poli-cut-5-r-9\/","title":{"rendered":"R\u0119kawice poliuretanowe STALCO Poli Cut 5 r.9"},"content":{"rendered":"<h3>OPIS:<\/h3>\n<p>R\u0119kawice poliuretanowe STALCO Poli Cut 5 s\u0105 wykonane z prz\u0119dzy HDPE i powlekane poliuretanem, to doskona\u0142e rozwi\u0105zanie dla os\u00f3b pracuj\u0105cych w wymagaj\u0105cych warunkach, gdzie bezpiecze\u0144stwo i trwa\u0142o\u015b\u0107 s\u0105 kluczowe. Wykorzystanie wysokiej jako\u015bci prz\u0119dzy HDPE nadaje r\u0119kawicom niezwyk\u0142\u0105 trwa\u0142o\u015b\u0107, czyni\u0105c je odpornymi na intensywne zu\u017cycie.<\/p>\n<p>Dzi\u0119ki zastosowaniu pow\u0142oki poliuretanowej, r\u0119kawice charakteryzuj\u0105 si\u0119 bardzo wysokim wsp\u00f3\u0142czynnikiem odporno\u015bci na przeci\u0119cie (5), \u015bcieranie (4) i rozdarcie (4). To sprawia, \u017ce s\u0105 idealnym wyborem do pracy z ostrymi narz\u0119dziami, brzegami blach, rur czy szk\u0142a, zapewniaj\u0105c niezb\u0119dn\u0105 ochron\u0119 przed potencjalnymi zagro\u017ceniami.<\/p>\n<p>R\u0119kawice te sprawdzaj\u0105 si\u0119 doskonale w ekstremalnych warunkach, gdzie wymagana jest nie tylko skuteczna ochrona, ale tak\u017ce wyj\u0105tkowa trwa\u0142o\u015b\u0107. Dzi\u0119ki nim u\u017cytkownik mo\u017ce by\u0107 pewien, \u017ce nawet w najbardziej wymagaj\u0105cych sytuacjach r\u0119kawice ochronne spe\u0142ni\u0105 swoj\u0105 rol\u0119, zapewniaj\u0105c nie tylko bezpiecze\u0144stwo, ale tak\u017ce wygod\u0119 podczas pracy.<\/p>\n<p>Ich uniwersalno\u015b\u0107 sprawia, \u017ce stanowi\u0105 nieocenione wsparcie dla specjalist\u00f3w pracuj\u0105cych w r\u00f3\u017cnych bran\u017cach, gdzie skuteczna ochrona d\u0142oni jest kluczowa. R\u0119kawice ochronne z prz\u0119dzy HDPE i pow\u0142ok\u0105 poliuretanow\u0105 to nie tylko narz\u0119dzie, ale tak\u017ce pewno\u015b\u0107, \u017ce ka\u017cdy zadanie zostanie wykonane z nale\u017cyt\u0105 staranno\u015bci\u0105 i bezpiecze\u0144stwem.<\/p>\n<h3>DANE TECHNICZNE:<\/h3>\n<ul>\n<li>EN 420<\/li>\n<li>CE kategoria II<\/li>\n<li>Splot 13 g<\/li>\n<li>Materia\u0142: 100% poliester<\/li>\n<li>Indeks: S-76360<\/li>\n<li>Kod EAN: 5901466145074<\/li>\n<\/ul>\n","protected":false},"excerpt":{"rendered":"<p>R\u0119kawice poliuretanowe STALCO Poli Cut 5 s\u0105 wykonane z prz\u0119dzy HDPE i powlekane poliuretanem, to doskona\u0142e rozwi\u0105zanie dla os\u00f3b pracuj\u0105cych w wymagaj\u0105cych warunkach, gdzie bezpiecze\u0144stwo i trwa\u0142o\u015b\u0107 s\u0105 kluczowe. Wykorzystanie wysokiej jako\u015bci prz\u0119dzy HDPE nadaje r\u0119kawicom niezwyk\u0142\u0105 trwa\u0142o\u015b\u0107, czyni\u0105c je odpornymi na intensywne zu\u017cycie.<\/p>\n","protected":false},"featured_media":23662,"comment_status":"open","ping_status":"closed","template":"","meta":{"_acf_changed":false,"inline_featured_image":false},"product_cat":[2550],"product_tag":[2588,2587,1505],"class_list":{"0":"post-23381","1":"product","2":"type-product","3":"status-publish","4":"has-post-thumbnail","6":"product_cat-rekawice-bhp","7":"product_tag-poli-cut-5","8":"product_tag-rekawice-poliuretanowe","9":"product_tag-stalco","11":"first","12":"instock","13":"shipping-taxable","14":"purchasable","15":"product-type-simple"},"acf":[],"_links":{"self":[{"href":"https:\/\/e-adams.pl\/de\/wp-json\/wp\/v2\/product\/23381","targetHints":{"allow":["GET"]}}],"collection":[{"href":"https:\/\/e-adams.pl\/de\/wp-json\/wp\/v2\/product"}],"about":[{"href":"https:\/\/e-adams.pl\/de\/wp-json\/wp\/v2\/types\/product"}],"replies":[{"embeddable":true,"href":"https:\/\/e-adams.pl\/de\/wp-json\/wp\/v2\/comments?post=23381"}],"wp:featuredmedia":[{"embeddable":true,"href":"https:\/\/e-adams.pl\/de\/wp-json\/wp\/v2\/media\/23662"}],"wp:attachment":[{"href":"https:\/\/e-adams.pl\/de\/wp-json\/wp\/v2\/media?parent=23381"}],"wp:term":[{"taxonomy":"product_cat","embeddable":true,"href":"https:\/\/e-adams.pl\/de\/wp-json\/wp\/v2\/product_cat?post=23381"},{"taxonomy":"product_tag","embeddable":true,"href":"https:\/\/e-adams.pl\/de\/wp-json\/wp\/v2\/product_tag?post=23381"}],"curies":[{"name":"wp","href":"https:\/\/api.w.org\/{rel}","templated":true}]}}