{"id":23388,"date":"2023-12-06T09:59:31","date_gmt":"2023-12-06T08:59:31","guid":{"rendered":"https:\/\/e-adams.pl\/produkt\/rekawice-poliestrowe-s-latex-foam-10-s-76315\/"},"modified":"2024-07-15T11:31:16","modified_gmt":"2024-07-15T09:31:16","slug":"rekawice-poliestrowe-stalco-s-latex-foam-r-10","status":"publish","type":"product","link":"https:\/\/e-adams.pl\/de\/produkt\/rekawice-poliestrowe-stalco-s-latex-foam-r-10\/","title":{"rendered":"R\u0119kawice poliestrowe STALCO S-LATEX FOAM r.10"},"content":{"rendered":"<h3>OPIS:<\/h3>\n<p>R\u0119kawice poliestrowe STALCO S-LATEX FOAM to doskona\u0142e narz\u0119dzie dla profesjonalist\u00f3w, kt\u00f3rzy stawiaj\u0105 na jako\u015b\u0107 i wygod\u0119 podczas pracy. Wykonane z wysokiej jako\u015bci poliestru, zosta\u0142y pokryte specjalnym spienionym lateksem o porowatej strukturze, co sprawia, \u017ce s\u0105 niezwykle trwa\u0142e i odporne na przetarcia oraz rozdarcia.<\/p>\n<p>Ich idealne dopasowanie do d\u0142oni oraz odpowiednie wyprofilowanie zalewanych palc\u00f3w gwarantuj\u0105 komfort noszenia nawet podczas d\u0142ugotrwa\u0142ych prac. R\u0119kawice posiadaj\u0105 wysoki poziom czucia przy monta\u017cu, co u\u0142atwia precyzyjne zadania. Zako\u0144czone \u015bci\u0105gaczem, doskonale trzymaj\u0105 si\u0119 na d\u0142oniach, zapewniaj\u0105c pewny chwyt.<\/p>\n<p>Dodatkowym atutem jest ich fluorescencyjna kolorystyka, co zwi\u0119ksza widoczno\u015b\u0107 w warunkach s\u0142abego o\u015bwietlenia, co jest istotne zw\u0142aszcza w \u015brodowisku pracy wymagaj\u0105cym szczeg\u00f3lnej uwagi. R\u0119kawice s\u0105 nie tylko funkcjonalne, ale tak\u017ce estetyczne.<\/p>\n<p>Wyj\u0105tkowo mi\u0119kkie i wygodne podczas pracy, lepiej oddychaj\u0105 dzi\u0119ki zastosowanej g\u0105bce na cz\u0119\u015bci d\u0142oni. S\u0105 tak\u017ce rozci\u0105gliwe, co sprawia, \u017ce dopasowuj\u0105 si\u0119 do r\u00f3\u017cnych rozmiar\u00f3w d\u0142oni, co zwi\u0119ksza uniwersalno\u015b\u0107 ich zastosowania.<\/p>\n<p>Dzi\u0119ki nim mo\u017cna cieszy\u0107 si\u0119 \u015bwietn\u0105 chwytno\u015bci\u0105 i pe\u0142n\u0105 kontrol\u0105 nad wykonywanymi czynno\u015bciami, jednocze\u015bnie dbaj\u0105c o bezpiecze\u0144stwo i komfort pracy. R\u0119kawice Poliestrowe S-Latex Foam to niezb\u0119dne narz\u0119dzie dla os\u00f3b, kt\u00f3re ceni\u0105 sobie jako\u015b\u0107 i profesjonalizm w ka\u017cdym aspekcie swojej pracy.<\/p>\n<p><strong>Cechy:<\/strong><\/p>\n<p>&#8211; powlekane wysoko gatunkowym spienionym latexem o porowatej strukturze<br \/>\n&#8211; idealnie dopasowane do d\u0142oni<br \/>\n&#8211; odpowiednio wyprofilowane<br \/>\n&#8211; odporne na detergenty i kwasy<br \/>\n&#8211; splot 13g<br \/>\n&#8211; zalewane palce<br \/>\n&#8211; niepyl\u0105ce<br \/>\n&#8211; wysoki poziom czucia przy monta\u017cu<br \/>\n&#8211; zwi\u0119kszona odporno\u015b\u0107 na przetarcia i rozdarcia<br \/>\n&#8211; zako\u0144czone \u015bci\u0105gaczem<br \/>\n&#8211; materia\u0142 fluorescencyjny 100%<br \/>\n&#8211; bardzo mi\u0119kkie i wygodne podczas pracy<br \/>\n&#8211; lepiej oddychaj\u0105 dzi\u0119ki g\u0105bce na cz\u0119\u015bci d\u0142oni<br \/>\n&#8211; rozci\u0105gliwe<br \/>\n&#8211; zapewniaj\u0105 \u015bwietn\u0105 chwytno\u015b\u0107<\/p>\n<h3>DANE TECHNICZNE:<\/h3>\n<ul>\n<li>pow\u0142oka lateksowa<\/li>\n<li>splot 13g<\/li>\n<li>Indeks: S-76315<\/li>\n<li>Kod EAN: 5901466132173<\/li>\n<\/ul>\n","protected":false},"excerpt":{"rendered":"<p>R\u0119kawice poliestrowe STALCO S-LATEX FOAM to doskona\u0142e narz\u0119dzie dla profesjonalist\u00f3w, kt\u00f3rzy stawiaj\u0105 na jako\u015b\u0107 i wygod\u0119 podczas pracy. Wykonane z wysokiej jako\u015bci poliestru, zosta\u0142y pokryte specjalnym spienionym lateksem o porowatej strukturze, co sprawia, \u017ce s\u0105 niezwykle trwa\u0142e i odporne na przetarcia oraz rozdarcia.<\/p>\n","protected":false},"featured_media":23660,"comment_status":"open","ping_status":"closed","template":"","meta":{"_acf_changed":false,"inline_featured_image":false},"product_cat":[2550],"product_tag":[2567,2586,1505],"class_list":{"0":"post-23388","1":"product","2":"type-product","3":"status-publish","4":"has-post-thumbnail","6":"product_cat-rekawice-bhp","7":"product_tag-rekawice-poliestrowe","8":"product_tag-s-latex-foam","9":"product_tag-stalco","11":"first","12":"instock","13":"shipping-taxable","14":"purchasable","15":"product-type-simple"},"acf":[],"_links":{"self":[{"href":"https:\/\/e-adams.pl\/de\/wp-json\/wp\/v2\/product\/23388","targetHints":{"allow":["GET"]}}],"collection":[{"href":"https:\/\/e-adams.pl\/de\/wp-json\/wp\/v2\/product"}],"about":[{"href":"https:\/\/e-adams.pl\/de\/wp-json\/wp\/v2\/types\/product"}],"replies":[{"embeddable":true,"href":"https:\/\/e-adams.pl\/de\/wp-json\/wp\/v2\/comments?post=23388"}],"wp:featuredmedia":[{"embeddable":true,"href":"https:\/\/e-adams.pl\/de\/wp-json\/wp\/v2\/media\/23660"}],"wp:attachment":[{"href":"https:\/\/e-adams.pl\/de\/wp-json\/wp\/v2\/media?parent=23388"}],"wp:term":[{"taxonomy":"product_cat","embeddable":true,"href":"https:\/\/e-adams.pl\/de\/wp-json\/wp\/v2\/product_cat?post=23388"},{"taxonomy":"product_tag","embeddable":true,"href":"https:\/\/e-adams.pl\/de\/wp-json\/wp\/v2\/product_tag?post=23388"}],"curies":[{"name":"wp","href":"https:\/\/api.w.org\/{rel}","templated":true}]}}