{"id":23393,"date":"2023-12-06T09:59:41","date_gmt":"2023-12-06T08:59:41","guid":{"rendered":"https:\/\/e-adams.pl\/produkt\/rekawice-skorzane-skin-comfort-grip-11-xxl-s-76356-stalco-perfect\/"},"modified":"2024-05-10T11:02:19","modified_gmt":"2024-05-10T09:02:19","slug":"rekawice-skorzane-stalco-perfect-skin-comfort-grip-r-11-xxl","status":"publish","type":"product","link":"https:\/\/e-adams.pl\/de\/produkt\/rekawice-skorzane-stalco-perfect-skin-comfort-grip-r-11-xxl\/","title":{"rendered":"R\u0119kawice sk\u00f3rzane STALCO PERFECT SKIN COMFORT GRIP r.11 XXL"},"content":{"rendered":"<h3>OPIS:<\/h3>\n<p>R\u0119kawice sk\u00f3rzane STALCO PERFECT SKIN COMFORT GRIP posiadaj\u0105 nak\u0142adki ze sk\u00f3ry wo\u0142owej zapewniaj\u0105 dodatkow\u0105 przyczepno\u015b\u0107 i trwa\u0142o\u015b\u0107. Zastosowany kr\u00f3tki mankiet wsuwany u\u0142atwiaj\u0105cy zak\u0142adanie i zdejmowanie. Natomiast lekki, oddychaj\u0105cy spandex z ty\u0142u zapewnia dopasowany i wygodny kr\u00f3j, a wzmocniona nak\u0142adka d\u0142oni zapewnia dodatkow\u0105 wytrzyma\u0142o\u015b\u0107.<\/p>\n<p>Ochrona r\u0105k to cz\u0119sto pomijany aspekt jednak zastosowanie odpowiednich r\u0119kawic nie tylko u\u0142atwi nam wykonywanie pracy ale przede wszystkim zapewni nam bezpiecze\u0144stwo.<\/p>\n<h3>DANE TECHNICZNE:<\/h3>\n<ul>\n<li>CE kategoria II<\/li>\n<li>EN 420<\/li>\n<li>Materia\u0142y: 50% leather, 50% spandex<\/li>\n<li>Indeks: S-76356<\/li>\n<li>Kod EAN: 5901466154328<\/li>\n<\/ul>\n","protected":false},"excerpt":{"rendered":"<p>R\u0119kawice sk\u00f3rzane STALCO PERFECT SKIN COMFORT GRIP posiadaj\u0105 nak\u0142adki ze sk\u00f3ry wo\u0142owej zapewniaj\u0105 dodatkow\u0105 przyczepno\u015b\u0107 i trwa\u0142o\u015b\u0107. Zastosowany kr\u00f3tki mankiet wsuwany u\u0142atwiaj\u0105cy zak\u0142adanie i zdejmowanie. Natomiast lekki, oddychaj\u0105cy spandex z ty\u0142u zapewnia dopasowany i wygodny kr\u00f3j, a wzmocniona nak\u0142adka d\u0142oni zapewnia dodatkow\u0105 wytrzyma\u0142o\u015b\u0107.<\/p>\n","protected":false},"featured_media":23658,"comment_status":"open","ping_status":"closed","template":"","meta":{"_acf_changed":false,"inline_featured_image":false},"product_cat":[2550],"product_tag":[2585,1505],"class_list":{"0":"post-23393","1":"product","2":"type-product","3":"status-publish","4":"has-post-thumbnail","6":"product_cat-rekawice-bhp","7":"product_tag-rekawice-skorzane","8":"product_tag-stalco","10":"first","11":"instock","12":"shipping-taxable","13":"purchasable","14":"product-type-simple"},"acf":[],"_links":{"self":[{"href":"https:\/\/e-adams.pl\/de\/wp-json\/wp\/v2\/product\/23393","targetHints":{"allow":["GET"]}}],"collection":[{"href":"https:\/\/e-adams.pl\/de\/wp-json\/wp\/v2\/product"}],"about":[{"href":"https:\/\/e-adams.pl\/de\/wp-json\/wp\/v2\/types\/product"}],"replies":[{"embeddable":true,"href":"https:\/\/e-adams.pl\/de\/wp-json\/wp\/v2\/comments?post=23393"}],"wp:featuredmedia":[{"embeddable":true,"href":"https:\/\/e-adams.pl\/de\/wp-json\/wp\/v2\/media\/23658"}],"wp:attachment":[{"href":"https:\/\/e-adams.pl\/de\/wp-json\/wp\/v2\/media?parent=23393"}],"wp:term":[{"taxonomy":"product_cat","embeddable":true,"href":"https:\/\/e-adams.pl\/de\/wp-json\/wp\/v2\/product_cat?post=23393"},{"taxonomy":"product_tag","embeddable":true,"href":"https:\/\/e-adams.pl\/de\/wp-json\/wp\/v2\/product_tag?post=23393"}],"curies":[{"name":"wp","href":"https:\/\/api.w.org\/{rel}","templated":true}]}}