{"id":23411,"date":"2023-12-06T10:00:13","date_gmt":"2023-12-06T09:00:13","guid":{"rendered":"https:\/\/e-adams.pl\/produkt\/spodnie-carp-grigio-multip-ww-48-amj700-i2sce-270\/"},"modified":"2024-07-15T11:31:32","modified_gmt":"2024-07-15T09:31:32","slug":"spodnie-robocze-rica-lewis-carpenter-r-48-bezowe","status":"publish","type":"product","link":"https:\/\/e-adams.pl\/de\/produkt\/spodnie-robocze-rica-lewis-carpenter-r-48-bezowe\/","title":{"rendered":"Spodnie robocze RICA LEWIS CARPENTER r.48 be\u017cowe"},"content":{"rendered":"<h3>OPIS:<\/h3>\n<p>Spodnie robocze RICA LEWIS CARPENTER to niezwykle praktyczne w u\u017cytkowaniu spodnie robocze do pasa. Wykonane z elastycznego streczu Fibreflex\u00ae, zapewniaj\u0105c pracownikom wysoki komfort i swobod\u0119 ruch\u00f3w. Idealne do pracy jak i na codzie\u0144. Nie zapominajmy, \u017ce jest to \u201eodzie\u017c robocza\u201d, dlatego mo\u017cesz liczy\u0107 na wzmocnione szwy i przewiewny materia\u0142 \u2013 spodnie maj\u0105 u\u0142atwia\u0107 Ci prac\u0119, a nie \u201eutrudnia\u0107 Ci\u201d w ci\u0105gu dnia.<\/p>\n<p>Tkanina bawe\u0142niana w 98% z domieszk\u0105 elastanu powoduje \u017ce, s\u0105 elastyczne i wygodne. Ci, kt\u00f3rzy go u\u017cywaj\u0105, doceniaj\u0105 go za solidny , ale wygodny materia\u0142 , a maj\u0105c pod r\u0119k\u0105 wiele narz\u0119dzi, szukali spodni z licznymi i pojemnymi kieszeniami: byli zadowoleni!<\/p>\n<p>Polecamy go przede wszystkim w po\u0142owie sezonu , nawet poza miejscem pracy: dzi\u0119ki swobodnemu krojowi doskonale nadaje si\u0119 r\u00f3wnie\u017c do uprawiania sport\u00f3w na \u015bwie\u017cym powietrzu, takich jak trekking . Nadaje si\u0119 r\u00f3wnie\u017c do przedstawienia si\u0119 klientom , kt\u00f3rzy doceni\u0105 Tw\u00f3j profesjonalizm, ale tak\u017ce dba\u0142o\u015b\u0107 o str\u00f3j do pracy.<\/p>\n<h3>DANE TECHNICZNE:<\/h3>\n<ul>\n<li>Bardzo du\u017ce, pojemne kieszenie.<\/li>\n<li>Dodatkowe kieszenie na narz\u0119dzia.<\/li>\n<li>Swobodny kr\u00f3j.<\/li>\n<li>Wysoki stan.<\/li>\n<li>Kolor: szary.<\/li>\n<li>Kod EAN: 3059411998212<\/li>\n<\/ul>\n","protected":false},"excerpt":{"rendered":"<p>Spodnie robocze RICA LEWIS CARPENTER to niezwykle praktyczne w u\u017cytkowaniu spodnie robocze do pasa. Wykonane z elastycznego streczu Fibreflex\u00ae, zapewniaj\u0105c pracownikom wysoki komfort i swobod\u0119 ruch\u00f3w. Idealne do pracy jak i na codzie\u0144. Nie zapominajmy, \u017ce jest to \u201eodzie\u017c robocza\u201d, dlatego mo\u017cesz liczy\u0107 na wzmocnione szwy i przewiewny materia\u0142 \u2013 spodnie maj\u0105 u\u0142atwia\u0107 Ci prac\u0119, a nie \u201eutrudnia\u0107 Ci\u201d w ci\u0105gu dnia.<\/p>\n","protected":false},"featured_media":23532,"comment_status":"open","ping_status":"closed","template":"","meta":{"_acf_changed":false,"inline_featured_image":false},"product_cat":[2557],"product_tag":[2497,2493,2490],"class_list":{"0":"post-23411","1":"product","2":"type-product","3":"status-publish","4":"has-post-thumbnail","6":"product_cat-spodnie-bhp","7":"product_tag-carpenter","8":"product_tag-rica-lewis","9":"product_tag-spodnie-robocze","11":"first","12":"outofstock","13":"shipping-taxable","14":"purchasable","15":"product-type-simple"},"acf":[],"_links":{"self":[{"href":"https:\/\/e-adams.pl\/de\/wp-json\/wp\/v2\/product\/23411","targetHints":{"allow":["GET"]}}],"collection":[{"href":"https:\/\/e-adams.pl\/de\/wp-json\/wp\/v2\/product"}],"about":[{"href":"https:\/\/e-adams.pl\/de\/wp-json\/wp\/v2\/types\/product"}],"replies":[{"embeddable":true,"href":"https:\/\/e-adams.pl\/de\/wp-json\/wp\/v2\/comments?post=23411"}],"wp:featuredmedia":[{"embeddable":true,"href":"https:\/\/e-adams.pl\/de\/wp-json\/wp\/v2\/media\/23532"}],"wp:attachment":[{"href":"https:\/\/e-adams.pl\/de\/wp-json\/wp\/v2\/media?parent=23411"}],"wp:term":[{"taxonomy":"product_cat","embeddable":true,"href":"https:\/\/e-adams.pl\/de\/wp-json\/wp\/v2\/product_cat?post=23411"},{"taxonomy":"product_tag","embeddable":true,"href":"https:\/\/e-adams.pl\/de\/wp-json\/wp\/v2\/product_tag?post=23411"}],"curies":[{"name":"wp","href":"https:\/\/api.w.org\/{rel}","templated":true}]}}