{"id":23412,"date":"2023-12-06T10:00:18","date_gmt":"2023-12-06T09:00:18","guid":{"rendered":"https:\/\/e-adams.pl\/produkt\/spodnie-do-pasa-przeciwd-zielone-aqua-t-60-stalco-perfect-s-78152\/"},"modified":"2024-02-15T11:49:27","modified_gmt":"2024-02-15T10:49:27","slug":"spodnie-przeciwdeszczowe-stalco-perfect-aqua-t-60-zielone","status":"publish","type":"product","link":"https:\/\/e-adams.pl\/de\/produkt\/spodnie-przeciwdeszczowe-stalco-perfect-aqua-t-60-zielone\/","title":{"rendered":"Spodnie przeciwdeszczowe STALCO PERFECT AQUA T 60 zielone S-78152"},"content":{"rendered":"<h3>OPIS:<\/h3>\n<p>Spodnie przeciwdeszczowe STALCO PERFECT AQUA T s\u0105 wykonane z wodoodpornego tworzywa PLAVITEX o bardzo wysokiej odporno\u015bci na wiatr i nisk\u0105 temperatur\u0119 otoczenia, w\u0142a\u015bciwo\u015bci termoizolacyjne i utrzymuj\u0105ce ciep\u0142ot\u0119 cia\u0142a, klejone szwy zapobiegaj\u0105 przeciekaniu wody do wewn\u0105trz.<\/p>\n<p>Spodnie s\u0105 wykonane z wytrzyma\u0142ych materia\u0142\u00f3w, co sprawia, \u017ce s\u0105 odporne na \u015bcieranie i zniszczenia. Dodatkowo, \u0142atwo\u015b\u0107 czyszczenia sprawia, \u017ce s\u0105 praktyczne i \u0142atwe w utrzymaniu w czysto\u015bci. Stanowi\u0105 one skuteczn\u0105 ochron\u0119 podczas prac na zewn\u0105trz.<\/p>\n<h3>DANE TECHNICZNE:<\/h3>\n<ul>\n<li>Aqua T<\/li>\n<li>wykonana z wodoodpornego tworzywa PLAVITEX o bardzo wysokiej odporno\u015bci na wiatr i nisk\u0105 temperatur\u0119 otoczenia<\/li>\n<li>w\u0142a\u015bciwo\u015bci termoizolacyjne i utrzymuj\u0105ce ciep\u0142ot\u0119 cia\u0142a<\/li>\n<li>klejone szwy zapobiegaj\u0105 przeciekaniu wody do wewn\u0105trz<\/li>\n<li>materia\u0142: 100% Plavitex<\/li>\n<li>gramatura materia\u0142u: 350g\/m2<\/li>\n<li>Indeks: S-78152<\/li>\n<li>Kod EAN: 5901466118849<\/li>\n<\/ul>\n","protected":false},"excerpt":{"rendered":"<p>Spodnie przeciwdeszczowe STALCO PERFECT AQUA T s\u0105 wykonane z wodoodpornego tworzywa PLAVITEX o bardzo wysokiej odporno\u015bci na wiatr i nisk\u0105 temperatur\u0119 otoczenia, w\u0142a\u015bciwo\u015bci termoizolacyjne i utrzymuj\u0105ce ciep\u0142ot\u0119 cia\u0142a, klejone szwy zapobiegaj\u0105 przeciekaniu wody do wewn\u0105trz.<\/p>\n","protected":false},"featured_media":23525,"comment_status":"open","ping_status":"closed","template":"","meta":{"_acf_changed":false,"inline_featured_image":false},"product_cat":[2557],"product_tag":[2492,2491,1505],"class_list":{"0":"post-23412","1":"product","2":"type-product","3":"status-publish","4":"has-post-thumbnail","6":"product_cat-spodnie-bhp","7":"product_tag-aqua-t","8":"product_tag-spodnie-przeciwdeszczowe","9":"product_tag-stalco","11":"first","12":"instock","13":"shipping-taxable","14":"purchasable","15":"product-type-simple"},"acf":[],"_links":{"self":[{"href":"https:\/\/e-adams.pl\/de\/wp-json\/wp\/v2\/product\/23412","targetHints":{"allow":["GET"]}}],"collection":[{"href":"https:\/\/e-adams.pl\/de\/wp-json\/wp\/v2\/product"}],"about":[{"href":"https:\/\/e-adams.pl\/de\/wp-json\/wp\/v2\/types\/product"}],"replies":[{"embeddable":true,"href":"https:\/\/e-adams.pl\/de\/wp-json\/wp\/v2\/comments?post=23412"}],"wp:featuredmedia":[{"embeddable":true,"href":"https:\/\/e-adams.pl\/de\/wp-json\/wp\/v2\/media\/23525"}],"wp:attachment":[{"href":"https:\/\/e-adams.pl\/de\/wp-json\/wp\/v2\/media?parent=23412"}],"wp:term":[{"taxonomy":"product_cat","embeddable":true,"href":"https:\/\/e-adams.pl\/de\/wp-json\/wp\/v2\/product_cat?post=23412"},{"taxonomy":"product_tag","embeddable":true,"href":"https:\/\/e-adams.pl\/de\/wp-json\/wp\/v2\/product_tag?post=23412"}],"curies":[{"name":"wp","href":"https:\/\/api.w.org\/{rel}","templated":true}]}}