{"id":23419,"date":"2023-12-06T10:00:28","date_gmt":"2023-12-06T09:00:28","guid":{"rendered":"https:\/\/e-adams.pl\/produkt\/spodnie-mobilon-verde-multipk-pant-uomo-46-amv700-00six-484\/"},"modified":"2024-07-15T11:31:32","modified_gmt":"2024-07-15T09:31:32","slug":"spodnie-robocze-rica-lewis-mobilon-r-46-khaki","status":"publish","type":"product","link":"https:\/\/e-adams.pl\/de\/produkt\/spodnie-robocze-rica-lewis-mobilon-r-46-khaki\/","title":{"rendered":"Spodnie robocze RICA LEWIS MOBILON r.46 khaki"},"content":{"rendered":"<h3>OPIS:<\/h3>\n<p>Spodnie robocze RICA LEWIS MOBILON to eleganckie spodnie dost\u0119pne w kolorach khaki lub szarym\/stalowym, charakteryzuj\u0105 si\u0119 one minimalistycznym krojem, wysokim stanem i elastycznymi wstawkami, kt\u00f3re zapewniaj\u0105 pe\u0142n\u0105 swobod\u0119 ruch\u00f3w, niezale\u017cnie od sytuacji. Te praktyczne spodnie zosta\u0142y wyposa\u017cone w pas z elastyczn\u0105 i antypo\u015blizgow\u0105 ta\u015bm\u0105 oraz szerokie szlufki, co gwarantuje, \u017ce b\u0119d\u0105 one stabilnie utrzymane na miejscu.<br \/>\nPodw\u00f3jne szwy nadaj\u0105 spodniom trwa\u0142o\u015b\u0107 i wytrzyma\u0142o\u015b\u0107, co jest istotne przy intensywnym u\u017cytkowaniu. Du\u017ca ilo\u015b\u0107 kieszeni wp\u0142ywa na og\u00f3lny komfort noszenia tych spodni. Dodatkowo spodnie zosta\u0142y wyposa\u017cone w praktyczn\u0105 boczn\u0105 kiesze\u0144 na telefon oraz dedykowan\u0105 kiesze\u0144 na linijk\u0119 lub m\u0142otek.<br \/>\nTo rozwi\u0105zania, kt\u00f3re uczyni\u0105 je niezast\u0105pionym narz\u0119dziem w codziennej pracy, niezale\u017cnie od tego, czy jeste\u015b na budowie, czy w warsztacie.<\/p>\n<h3>Cechy produktu:<\/h3>\n<ul>\n<li>prosty, nowoczesny oraz modny kr\u00f3j,<\/li>\n<li>zapi\u0119cie na guzik i zamek b\u0142yskawiczny,<\/li>\n<li>podw\u00f3jne szwy,<\/li>\n<li>wewn\u0119trzna gumka w pasie,<\/li>\n<li>kieszenie na nakolanniki,<\/li>\n<li>wzmocnienia z ty\u0142u spodni oraz w okolicy kolan<\/li>\n<li>Kod EAN: 3059412030836<\/li>\n<\/ul>\n","protected":false},"excerpt":{"rendered":"<p>Spodnie robocze RICA LEWIS MOBILON to eleganckie spodnie dost\u0119pne w kolorach khaki lub szarym\/stalowym, charakteryzuj\u0105 si\u0119 one minimalistycznym krojem, wysokim stanem i elastycznymi wstawkami, kt\u00f3re zapewniaj\u0105 pe\u0142n\u0105 swobod\u0119 ruch\u00f3w, niezale\u017cnie od sytuacji. Te praktyczne spodnie zosta\u0142y wyposa\u017cone w pas z elastyczn\u0105 i antypo\u015blizgow\u0105 ta\u015bm\u0105 oraz szerokie szlufki, co gwarantuje, \u017ce b\u0119d\u0105 one stabilnie utrzymane na miejscu.<\/p>\n","protected":false},"featured_media":23527,"comment_status":"open","ping_status":"closed","template":"","meta":{"_acf_changed":false,"inline_featured_image":false},"product_cat":[2557],"product_tag":[2494,2493,2490],"class_list":{"0":"post-23419","1":"product","2":"type-product","3":"status-publish","4":"has-post-thumbnail","6":"product_cat-spodnie-bhp","7":"product_tag-mobilon","8":"product_tag-rica-lewis","9":"product_tag-spodnie-robocze","11":"first","12":"instock","13":"shipping-taxable","14":"purchasable","15":"product-type-simple"},"acf":[],"_links":{"self":[{"href":"https:\/\/e-adams.pl\/de\/wp-json\/wp\/v2\/product\/23419","targetHints":{"allow":["GET"]}}],"collection":[{"href":"https:\/\/e-adams.pl\/de\/wp-json\/wp\/v2\/product"}],"about":[{"href":"https:\/\/e-adams.pl\/de\/wp-json\/wp\/v2\/types\/product"}],"replies":[{"embeddable":true,"href":"https:\/\/e-adams.pl\/de\/wp-json\/wp\/v2\/comments?post=23419"}],"wp:featuredmedia":[{"embeddable":true,"href":"https:\/\/e-adams.pl\/de\/wp-json\/wp\/v2\/media\/23527"}],"wp:attachment":[{"href":"https:\/\/e-adams.pl\/de\/wp-json\/wp\/v2\/media?parent=23419"}],"wp:term":[{"taxonomy":"product_cat","embeddable":true,"href":"https:\/\/e-adams.pl\/de\/wp-json\/wp\/v2\/product_cat?post=23419"},{"taxonomy":"product_tag","embeddable":true,"href":"https:\/\/e-adams.pl\/de\/wp-json\/wp\/v2\/product_tag?post=23419"}],"curies":[{"name":"wp","href":"https:\/\/api.w.org\/{rel}","templated":true}]}}