{"id":23421,"date":"2023-12-06T10:00:29","date_gmt":"2023-12-06T09:00:29","guid":{"rendered":"https:\/\/e-adams.pl\/produkt\/spodnie-moro-stretch-odpinane-moro-x-xxl-s-78919\/"},"modified":"2024-02-15T11:49:02","modified_gmt":"2024-02-15T10:49:02","slug":"spodnie-robocze-stalco-powermax-stretch-odpinane-moro-x-xxl","status":"publish","type":"product","link":"https:\/\/e-adams.pl\/de\/produkt\/spodnie-robocze-stalco-powermax-stretch-odpinane-moro-x-xxl\/","title":{"rendered":"Spodnie robocze STALCO POWERMAX stretch odpinane Moro X  XXL"},"content":{"rendered":"<h3>OPIS:<\/h3>\n<p>Spodnie robocze STALCO POWERMAX stretch odpinane Moro X to wyj\u0105tkowe narz\u0119dzie do pracy, kt\u00f3re \u0142\u0105czy funkcjonalno\u015b\u0107 i komfort u\u017cytkowania. Elastyczno\u015b\u0107 u\u017cytkowania spodni STALCO Perfect jest zwi\u0119kszona dzi\u0119ki mo\u017cliwo\u015bci odpinania nogawek. To praktyczne rozwi\u0105zanie, kt\u00f3re umo\u017cliwia dostosowanie ubioru do zmieniaj\u0105cych si\u0119 warunk\u00f3w pracy.<\/p>\n<p>Spodnie te charakteryzuj\u0105 si\u0119 solidno\u015bci\u0105 wykonania dzi\u0119ki potr\u00f3jnym szwom oraz wzmocnieniom z tkaniny CORDURA. To zapewnia nie tylko trwa\u0142o\u015b\u0107, ale tak\u017ce odporno\u015b\u0107 na \u015bcieranie, co sprawia, \u017ce s\u0105 one idealnym wyborem dla najbardziej wymagaj\u0105cych zada\u0144. Tkanina wzmocniona elastycznym spandexem doskonale \u0142\u0105czy wytrzyma\u0142o\u015b\u0107 z elastyczno\u015bci\u0105, co przek\u0142ada si\u0119 na wyj\u0105tkowy komfort noszenia. Spodnie dostosowuj\u0105 si\u0119 do ruch\u00f3w u\u017cytkownika, nie ograniczaj\u0105c jego swobody.<\/p>\n<p>Funkcjonalno\u015b\u0107 spodni STALCO Perfect zosta\u0142a dodatkowo wzbogacona o specjalne miejsce na narz\u0119dzia, takie jak m\u0142otek czy szczypce. Praktyczne rozwi\u0105zanie umo\u017cliwia \u0142atwy dost\u0119p do niezb\u0119dnych instrument\u00f3w pracy, co zwi\u0119ksza efektywno\u015b\u0107 wykonywanych zada\u0144.<br \/>\nLiczne wzmocnienia z tkaniny CORDURA nie tylko zwi\u0119kszaj\u0105 trwa\u0142o\u015b\u0107, ale tak\u017ce chroni\u0105 kluczowe obszary przed zu\u017cyciem i uszkodzeniami. Materia\u0142 ten jest znany ze swojej wyj\u0105tkowej wytrzyma\u0142o\u015bci, co sprawia, \u017ce spodnie s\u0105 gotowe sprosta\u0107 nawet najtrudniejszym warunkom pracy.<\/p>\n<p>Spodnie robocze STALCO Perfect to doskona\u0142e po\u0142\u0105czenie wytrzyma\u0142o\u015bci, funkcjonalno\u015bci i komfortu, sprawiaj\u0105c, \u017ce s\u0105 niezast\u0105pionym partnerem podczas codziennych zada\u0144 zawodowych.<\/p>\n<h3>Charakterystyka:<\/h3>\n<p>\u2022 najwy\u017cszej klasy suwak metalowy marki YKK<br \/>\n\u2022 uchwyt na klucze<br \/>\n\u2022 kieszenie na wk\u0142adki \u017celowe zapinane na rzepy<br \/>\n\u2022 elementy odblaskowe 3M Scotchlite<br \/>\n\u2022 podw\u00f3jna warstwa materia\u0142u w kroku<br \/>\n\u2022 mo\u017cliwo\u015b\u0107 przekszta\u0142cenia spodni w bermudy (odpinana dolna cz\u0119\u015b\u0107 nogawek)<br \/>\n\u2022 ta\u015bma antypo\u015blizgowa wewn\u0105trz pasa<br \/>\n\u2022 potr\u00f3jne szwy<br \/>\n\u2022 stretch<br \/>\n\u2022 kiesze\u0144 na dokumenty<br \/>\n\u2022 posiada certyfikat OEKO-TEX textiles<br \/>\n\u2022 Indeks: S-78919<br \/>\n\u2022 Kod EAN : 5901466131282<\/p>\n<p>Sk\u0142ad materia\u0142u:<br \/>\n58% bawe\u0142na o g\u0119sto\u015bci 275g\/m,<br \/>\n37% poliester<br \/>\n5% elastan.<\/p>\n","protected":false},"excerpt":{"rendered":"<p>Spodnie robocze STALCO POWERMAX stretch odpinane Moro X to wyj\u0105tkowe narz\u0119dzie do pracy, kt\u00f3re \u0142\u0105czy funkcjonalno\u015b\u0107 i komfort u\u017cytkowania. Elastyczno\u015b\u0107 u\u017cytkowania spodni STALCO Perfect jest zwi\u0119kszona dzi\u0119ki mo\u017cliwo\u015bci odpinania nogawek. To praktyczne rozwi\u0105zanie, kt\u00f3re umo\u017cliwia dostosowanie ubioru do zmieniaj\u0105cych si\u0119 warunk\u00f3w pracy.<\/p>\n","protected":false},"featured_media":23530,"comment_status":"open","ping_status":"closed","template":"","meta":{"_acf_changed":false,"inline_featured_image":false},"product_cat":[2557],"product_tag":[2496,2477,2490,1505],"class_list":{"0":"post-23421","1":"product","2":"type-product","3":"status-publish","4":"has-post-thumbnail","6":"product_cat-spodnie-bhp","7":"product_tag-moro-x","8":"product_tag-powermax","9":"product_tag-spodnie-robocze","10":"product_tag-stalco","12":"first","13":"instock","14":"shipping-taxable","15":"purchasable","16":"product-type-simple"},"acf":[],"_links":{"self":[{"href":"https:\/\/e-adams.pl\/de\/wp-json\/wp\/v2\/product\/23421","targetHints":{"allow":["GET"]}}],"collection":[{"href":"https:\/\/e-adams.pl\/de\/wp-json\/wp\/v2\/product"}],"about":[{"href":"https:\/\/e-adams.pl\/de\/wp-json\/wp\/v2\/types\/product"}],"replies":[{"embeddable":true,"href":"https:\/\/e-adams.pl\/de\/wp-json\/wp\/v2\/comments?post=23421"}],"wp:featuredmedia":[{"embeddable":true,"href":"https:\/\/e-adams.pl\/de\/wp-json\/wp\/v2\/media\/23530"}],"wp:attachment":[{"href":"https:\/\/e-adams.pl\/de\/wp-json\/wp\/v2\/media?parent=23421"}],"wp:term":[{"taxonomy":"product_cat","embeddable":true,"href":"https:\/\/e-adams.pl\/de\/wp-json\/wp\/v2\/product_cat?post=23421"},{"taxonomy":"product_tag","embeddable":true,"href":"https:\/\/e-adams.pl\/de\/wp-json\/wp\/v2\/product_tag?post=23421"}],"curies":[{"name":"wp","href":"https:\/\/api.w.org\/{rel}","templated":true}]}}