{"id":23440,"date":"2023-12-06T10:00:59","date_gmt":"2023-12-06T09:00:59","guid":{"rendered":"https:\/\/e-adams.pl\/produkt\/spodnie-robocze-ogrodniczki-allround-line-biale-xxl-58-stalco-premium-s-42159\/"},"modified":"2024-02-15T11:49:03","modified_gmt":"2024-02-15T10:49:03","slug":"spodnie-robocze-ogrodniczki-stalco-premium-allround-line-r-58-xxl","status":"publish","type":"product","link":"https:\/\/e-adams.pl\/de\/produkt\/spodnie-robocze-ogrodniczki-stalco-premium-allround-line-r-58-xxl\/","title":{"rendered":"Spodnie robocze ogrodniczki STALCO PREMIUM ALLROUND LINE r.58 XXL"},"content":{"rendered":"<h3>OPIS:<\/h3>\n<p>Spodnie robocze ogrodniczki STALCO PREMIUM ALLROUND LINE ochronne z potr\u00f3jnymi szwami to gwarancja niezawodno\u015bci i trwa\u0142o\u015bci nawet w najbardziej wymagaj\u0105cych warunkach. Ich liczne wzmocnienia z tkaniny o podwy\u017cszonej wytrzyma\u0142o\u015bci OXFORD 600D sprawiaj\u0105, \u017ce s\u0105 one niekwestionowanym wyborem dla profesjonalist\u00f3w, kt\u00f3rzy stawiaj\u0105 na solidno\u015b\u0107 i wygod\u0119.<\/p>\n<p>Specjalnie opracowana konstrukcja z klinem znacznie podnosi komfort u\u017cytkowania, dostosowuj\u0105c si\u0119 do ruch\u00f3w cia\u0142a.<\/p>\n<p>Dodatkowo, gumy wszyte w pas i szelki podnosz\u0105 komfort ruch\u00f3w, eliminuj\u0105c uczucie sztywno\u015bci i zapewniaj\u0105c swobod\u0119 podczas wykonywania r\u00f3\u017cnorodnych czynno\u015bci.<\/p>\n<p>Wspomniane potr\u00f3jne szwy oraz liczne, wielofunkcyjne kieszenie to elementy, kt\u00f3re zwi\u0119kszaj\u0105 funkcjonalno\u015b\u0107 spodni. Dzi\u0119ki nim narz\u0119dzia czy drobne akcesoria zawsze s\u0105 pod r\u0119k\u0105, co u\u0142atwia prac\u0119 i zwi\u0119ksza efektywno\u015b\u0107.<\/p>\n<p>Dodatkowe rygle zabezpieczaj\u0105ce miejsca najbardziej podatne na rozprucie to istotna cecha dla os\u00f3b pracuj\u0105cych w trudnych warunkach.<\/p>\n<p>Elementy odblaskowe z kolei zwi\u0119kszaj\u0105 widoczno\u015b\u0107 u\u017cytkownika, co jest kluczowe zw\u0142aszcza w warunkach o ograniczonej widoczno\u015bci.<\/p>\n<p>Nadzwyczajna elastyczno\u015b\u0107 u\u017cytkowania to tak\u017ce mo\u017cliwo\u015b\u0107 wyd\u0142u\u017cenia nogawki o 4 cm, co pozwala na dostosowanie spodni do indywidualnych potrzeb i zapewnia wygod\u0119 nawet podczas dynamicznych ruch\u00f3w.<\/p>\n<p>Spodnie ochronne z potr\u00f3jnymi szwami s\u0105 nie tylko narz\u0119dziem pracy, ale r\u00f3wnie\u017c gwarantuj\u0105 kompleksow\u0105 ochron\u0119, trwa\u0142o\u015b\u0107 i wygod\u0119, spe\u0142niaj\u0105c oczekiwania nawet najbardziej wymagaj\u0105cych profesjonalist\u00f3w.<\/p>\n<p>&nbsp;<\/p>\n<h3>DANE TECHNICZNE:<\/h3>\n<p>\u2022 Materia\u0142: 40% poliester , 60% bawe\u0142na<br \/>\n\u2022 Gramatura: 280g\/m2<br \/>\n\u2022 Indeks: S-42159<br \/>\n\u2022 Kod EAN: 5901466122341<\/p>\n","protected":false},"excerpt":{"rendered":"<p>Spodnie robocze ogrodniczki STALCO PREMIUM ALLROUND LINE ochronne z potr\u00f3jnymi szwami to gwarancja niezawodno\u015bci i trwa\u0142o\u015bci nawet w najbardziej wymagaj\u0105cych warunkach. Ich liczne wzmocnienia z tkaniny o podwy\u017cszonej wytrzyma\u0142o\u015bci OXFORD 600D sprawiaj\u0105, \u017ce s\u0105 one niekwestionowanym wyborem dla profesjonalist\u00f3w, kt\u00f3rzy stawiaj\u0105 na solidno\u015b\u0107 i wygod\u0119.<\/p>\n","protected":false},"featured_media":23664,"comment_status":"open","ping_status":"closed","template":"","meta":{"_acf_changed":false,"inline_featured_image":false},"product_cat":[2557],"product_tag":[2590,2589,2490,1505],"class_list":{"0":"post-23440","1":"product","2":"type-product","3":"status-publish","4":"has-post-thumbnail","6":"product_cat-spodnie-bhp","7":"product_tag-allround-line","8":"product_tag-ogrodniczki","9":"product_tag-spodnie-robocze","10":"product_tag-stalco","12":"first","13":"instock","14":"shipping-taxable","15":"purchasable","16":"product-type-simple"},"acf":[],"_links":{"self":[{"href":"https:\/\/e-adams.pl\/de\/wp-json\/wp\/v2\/product\/23440","targetHints":{"allow":["GET"]}}],"collection":[{"href":"https:\/\/e-adams.pl\/de\/wp-json\/wp\/v2\/product"}],"about":[{"href":"https:\/\/e-adams.pl\/de\/wp-json\/wp\/v2\/types\/product"}],"replies":[{"embeddable":true,"href":"https:\/\/e-adams.pl\/de\/wp-json\/wp\/v2\/comments?post=23440"}],"wp:featuredmedia":[{"embeddable":true,"href":"https:\/\/e-adams.pl\/de\/wp-json\/wp\/v2\/media\/23664"}],"wp:attachment":[{"href":"https:\/\/e-adams.pl\/de\/wp-json\/wp\/v2\/media?parent=23440"}],"wp:term":[{"taxonomy":"product_cat","embeddable":true,"href":"https:\/\/e-adams.pl\/de\/wp-json\/wp\/v2\/product_cat?post=23440"},{"taxonomy":"product_tag","embeddable":true,"href":"https:\/\/e-adams.pl\/de\/wp-json\/wp\/v2\/product_tag?post=23440"}],"curies":[{"name":"wp","href":"https:\/\/api.w.org\/{rel}","templated":true}]}}