{"id":23442,"date":"2023-12-06T10:01:01","date_gmt":"2023-12-06T09:01:01","guid":{"rendered":"https:\/\/e-adams.pl\/produkt\/spodnie-robocze-professional-strech-line-czarne-s-48-powermax-s-79261\/"},"modified":"2024-07-15T11:31:21","modified_gmt":"2024-07-15T09:31:21","slug":"spodnie-robocze-stalco-professional-strech-line-powermax-s-48","status":"publish","type":"product","link":"https:\/\/e-adams.pl\/de\/produkt\/spodnie-robocze-stalco-professional-strech-line-powermax-s-48\/","title":{"rendered":"Spodnie robocze STALCO PROFESSIONAL STRECH LINE POWERMAX S-48"},"content":{"rendered":"<h3>OPIS:<\/h3>\n<p>Spodnie robocze STALCO PROFESSIONAL STRECH LINE POWERMAX\u00a0 to odzie\u017c robocza dedykowana najbardziej wymagaj\u0105cym u\u017cytkownikom zachwyca ju\u017c na pierwszy rzut oka modn\u0105 stylistyk\u0105 i estetycznym wykonaniem. Projekt ubioru powsta\u0142 we wsp\u00f3\u0142pracy z profesjonalistami z bran\u017c, dla kt\u00f3rych spodnie s\u0105 specjalnie dedykowane, co sprawia, \u017ce ka\u017cdy detal doskonale spe\u0142nia swoj\u0105 funkcj\u0119.<\/p>\n<p>Spodnie zosta\u0142y wykonane z wyj\u0105tkowo wysokiej jako\u015bci, elastycznego materia\u0142u o charakterystyce softshellu. Dodatkowo wyposa\u017cono je w aktywny pas z podwy\u017cszonym stanem z ty\u0142u, co przek\u0142ada si\u0119 na wyj\u0105tkowy komfort u\u017cytkowania nawet podczas wielogodzinnej pracy w wymagaj\u0105cej pozycji. Otwory wentylacyjne, zapinane na zamek, umo\u017cliwiaj\u0105 skuteczne odprowadzanie nadmiaru wilgoci i ciep\u0142a.<\/p>\n<p>Funkcjonalne Spodnie Stalco Stretch Line to nie tylko wyj\u0105tkowy komfort, ale tak\u017ce trwa\u0142o\u015b\u0107 i odporno\u015b\u0107 na zniszczenia czy przypadkowe rozerwanie. Materia\u0142 jest \u0142\u0105czony potr\u00f3jnymi szwami, wykonanymi precyzyjnie, a klin i dodatkowe wzmocnienia w kroku zwi\u0119kszaj\u0105 jego wytrzyma\u0142o\u015b\u0107 nawet przy ekstremalnych napr\u0119\u017ceniach. Solidny, metalowy zamek renomowanej marki YKK gwarantuje niezawodno\u015b\u0107 nawet przy cz\u0119stym otwieraniu i potencjalnych zabrudzeniach. W trosce o bezpiecze\u0144stwo zastosowano tak\u017ce ta\u015bmy 3M Scotchlite, zapewniaj\u0105ce doskona\u0142\u0105 widoczno\u015b\u0107 w r\u00f3\u017cnych warunkach.<\/p>\n<h3>Charakterystyka:<\/h3>\n<ul>\n<li>elastyczny materia\u0142 o charakterze softshellu,<\/li>\n<li>aktywny pas z podwy\u017cszonym stanem z ty\u0142u,<\/li>\n<li>otwory wentylacyjne od wewn\u0119trznej strony nogawek, otwierane na zamek,<\/li>\n<li>potr\u00f3jne szwy oraz klin i dodatkowe wzmocnienie podprawiaj\u0105ce wytrzyma\u0142o\u015b\u0107,<\/li>\n<li>mocny metalowy zamek\u00a0YKK,<\/li>\n<li>dodatki odblaskowe\u00a03M Scotchlite,<\/li>\n<li>odporne na \u015bcieranie liczne kieszenie wzmocnione materia\u0142em\u00a0CORDURA,<\/li>\n<li>kiesze\u0144 na telefon kieszenie na kolanach na wk\u0142adki piankowe,<\/li>\n<li>d\u00f3\u0142 nogawek zabezpieczony materia\u0142em\u00a0CORDURA z mo\u017cliwo\u015bci\u0105 wyd\u0142u\u017cenia o 4 cm<\/li>\n<li>Indeks: S-79261<\/li>\n<li>Kod EAN: <span class=\"sku_wrapper\"><span class=\"sku\">5901466176146<\/span><\/span><\/li>\n<\/ul>\n","protected":false},"excerpt":{"rendered":"<p>Spodnie robocze STALCO PROFESSIONAL STRECH LINE POWERMAX\u00a0 to odzie\u017c robocza dedykowana najbardziej wymagaj\u0105cym u\u017cytkownikom zachwyca ju\u017c na pierwszy rzut oka modn\u0105 stylistyk\u0105 i estetycznym wykonaniem. Projekt ubioru powsta\u0142 we wsp\u00f3\u0142pracy z profesjonalistami z bran\u017c, dla kt\u00f3rych spodnie s\u0105 specjalnie dedykowane, co sprawia, \u017ce ka\u017cdy detal doskonale spe\u0142nia swoj\u0105 funkcj\u0119.<\/p>\n","protected":false},"featured_media":23523,"comment_status":"open","ping_status":"closed","template":"","meta":{"_acf_changed":false,"inline_featured_image":false},"product_cat":[2557],"product_tag":[2490,1505,2488],"class_list":{"0":"post-23442","1":"product","2":"type-product","3":"status-publish","4":"has-post-thumbnail","6":"product_cat-spodnie-bhp","7":"product_tag-spodnie-robocze","8":"product_tag-stalco","9":"product_tag-strech-line","11":"first","12":"instock","13":"shipping-taxable","14":"purchasable","15":"product-type-simple"},"acf":[],"_links":{"self":[{"href":"https:\/\/e-adams.pl\/de\/wp-json\/wp\/v2\/product\/23442","targetHints":{"allow":["GET"]}}],"collection":[{"href":"https:\/\/e-adams.pl\/de\/wp-json\/wp\/v2\/product"}],"about":[{"href":"https:\/\/e-adams.pl\/de\/wp-json\/wp\/v2\/types\/product"}],"replies":[{"embeddable":true,"href":"https:\/\/e-adams.pl\/de\/wp-json\/wp\/v2\/comments?post=23442"}],"wp:featuredmedia":[{"embeddable":true,"href":"https:\/\/e-adams.pl\/de\/wp-json\/wp\/v2\/media\/23523"}],"wp:attachment":[{"href":"https:\/\/e-adams.pl\/de\/wp-json\/wp\/v2\/media?parent=23442"}],"wp:term":[{"taxonomy":"product_cat","embeddable":true,"href":"https:\/\/e-adams.pl\/de\/wp-json\/wp\/v2\/product_cat?post=23442"},{"taxonomy":"product_tag","embeddable":true,"href":"https:\/\/e-adams.pl\/de\/wp-json\/wp\/v2\/product_tag?post=23442"}],"curies":[{"name":"wp","href":"https:\/\/api.w.org\/{rel}","templated":true}]}}