{"id":23445,"date":"2023-12-06T10:01:07","date_gmt":"2023-12-06T09:01:07","guid":{"rendered":"https:\/\/e-adams.pl\/produkt\/szafka-narzedziowa-7-szuflad-blat-nierdzewny-stalco-s-42250\/"},"modified":"2024-05-10T11:02:42","modified_gmt":"2024-05-10T09:02:42","slug":"szafka-narzedziowa-7-szuflad-blat-nierdzewny-stalco-s-42250","status":"publish","type":"product","link":"https:\/\/e-adams.pl\/de\/produkt\/szafka-narzedziowa-7-szuflad-blat-nierdzewny-stalco-s-42250\/","title":{"rendered":"Szafka narz\u0119dziowa STALCO blat nierdzewny 7 szuflad"},"content":{"rendered":"<h3>OPIS:<\/h3>\n<p>Szafka narz\u0119dziowa STALCO blat nierdzewny 7 szuflad zosta\u0142a wyposa\u017cona w obrotowe k\u00f3\u0142ka z hamulcem blokuj\u0105cym, co sprawia, \u017ce jest \u0142atwa do przemieszczania, a praktyczny uchwyt do pchania u\u0142atwia jeszcze bardziej jej przesuwanie. Centralny zamek stanowi skuteczn\u0105 ochron\u0119 przed przypadkowym otwarciem wszystkich szuflad, jednocze\u015bnie umo\u017cliwiaj\u0105c bezproblemowy transport.<\/p>\n<p>Ka\u017cda szuflada zosta\u0142a wyposa\u017cona w p\u0142ynnie przesuwan\u0105 prowadnic\u0119 kulkow\u0105, zapewniaj\u0105c\u0105 \u0142atwe otwieranie i zamykanie, oraz funkcjonalny uchwyt na ca\u0142ej jej szeroko\u015bci, co zwi\u0119ksza komfort obs\u0142ugi.<\/p>\n<p>Blat szafki wykonany jest z blachy nierdzewnej, a dodatkowe przegr\u00f3dki umo\u017cliwiaj\u0105 jeszcze lepsz\u0105 organizacj\u0119 przechowywanych narz\u0119dzi. Perforowane boki pozwalaj\u0105 na monta\u017c dodatkowych akcesori\u00f3w na zewn\u0105trz szafki, co sprawia, \u017ce dost\u0119p do niezb\u0119dnych przedmiot\u00f3w jest jeszcze bardziej u\u0142atwiony.<\/p>\n<p>Wewn\u0105trz szuflad zastosowano wy\u015bci\u00f3\u0142k\u0119 z tworzywa, chroni\u0105c\u0105 narz\u0119dzia przed przypadkowym przemieszczaniem si\u0119 podczas przesuwania szafki. Dzi\u0119ki temu narz\u0119dzia s\u0105 bezpiecznie przechowywane, a ca\u0142a szafka stanowi praktyczne i funkcjonalne rozwi\u0105zanie do przechowywania i transportu narz\u0119dzi.<\/p>\n<h3>DANE TECHNICZNE:<\/h3>\n<p>\u2022<strong> wysoko\u015b\u0107 z k\u00f3\u0142kami:<\/strong>\u00a098c<br \/>\n\u2022<b>\u00a0wysoko\u015b\u0107 bez k\u00f3\u0142ek<\/b>: 82,5c<br \/>\n\u2022<strong> d\u0142u\u017cszy bok z szufladami:<\/strong>\u00a081c<br \/>\n\u2022 <strong>kr\u00f3tszy bok (g\u0142\u0119boko\u015b\u0107):<\/strong>\u00a046,5c<br \/>\n\u2022<strong> szuflady mniejsze (5szt)<\/strong>\u00a0: 7,5c<br \/>\n\u2022<strong> szuflady du\u017ce (2szt):<\/strong>\u00a015,4c<br \/>\n\u2022<strong> maksymalny nacisk na ca\u0142\u0105 szafk\u0119:<\/strong>\u00a0300 k<br \/>\n\u2022 <strong>maksymalny nacisk na szuflady p\u0142ytkie, jednostkowo:<\/strong>\u00a030 kg<br \/>\n\u2022<strong>\u00a0maksymalny nacisk na szuflady g\u0142\u0119bokie, jednostkowo<\/strong>: 40 kg<br \/>\n\u2022 <strong>maksymalny nacisk na g\u00f3rny blat:<\/strong>\u00a070 kg<br \/>\n\u2022 <strong>Indeks: <\/strong>S-42250<strong><br \/>\n\u2022 Kod EAN: <\/strong>5904012189171<\/p>\n","protected":false},"excerpt":{"rendered":"<p>Szafka narz\u0119dziowa STALCO blat nierdzewny 7 szuflad zosta\u0142a wyposa\u017cona w obrotowe k\u00f3\u0142ka z hamulcem blokuj\u0105cym, co sprawia, \u017ce jest \u0142atwa do przemieszczania, a praktyczny uchwyt do pchania u\u0142atwia jeszcze bardziej jej przesuwanie. Centralny zamek stanowi skuteczn\u0105 ochron\u0119 przed przypadkowym otwarciem wszystkich szuflad, jednocze\u015bnie umo\u017cliwiaj\u0105c bezproblemowy transport.<\/p>\n","protected":false},"featured_media":23834,"comment_status":"open","ping_status":"closed","template":"","meta":{"_acf_changed":false,"inline_featured_image":false},"product_cat":[101],"product_tag":[1505,2665],"class_list":{"0":"post-23445","1":"product","2":"type-product","3":"status-publish","4":"has-post-thumbnail","6":"product_cat-bramy-okna-ogrodzenia","7":"product_tag-stalco","8":"product_tag-szafka-narzedziowa","10":"first","11":"instock","12":"shipping-taxable","13":"purchasable","14":"product-type-simple"},"acf":[],"_links":{"self":[{"href":"https:\/\/e-adams.pl\/de\/wp-json\/wp\/v2\/product\/23445","targetHints":{"allow":["GET"]}}],"collection":[{"href":"https:\/\/e-adams.pl\/de\/wp-json\/wp\/v2\/product"}],"about":[{"href":"https:\/\/e-adams.pl\/de\/wp-json\/wp\/v2\/types\/product"}],"replies":[{"embeddable":true,"href":"https:\/\/e-adams.pl\/de\/wp-json\/wp\/v2\/comments?post=23445"}],"wp:featuredmedia":[{"embeddable":true,"href":"https:\/\/e-adams.pl\/de\/wp-json\/wp\/v2\/media\/23834"}],"wp:attachment":[{"href":"https:\/\/e-adams.pl\/de\/wp-json\/wp\/v2\/media?parent=23445"}],"wp:term":[{"taxonomy":"product_cat","embeddable":true,"href":"https:\/\/e-adams.pl\/de\/wp-json\/wp\/v2\/product_cat?post=23445"},{"taxonomy":"product_tag","embeddable":true,"href":"https:\/\/e-adams.pl\/de\/wp-json\/wp\/v2\/product_tag?post=23445"}],"curies":[{"name":"wp","href":"https:\/\/api.w.org\/{rel}","templated":true}]}}