{"id":23446,"date":"2023-12-06T10:01:08","date_gmt":"2023-12-06T09:01:08","guid":{"rendered":"https:\/\/e-adams.pl\/produkt\/szafka-narzedziowa-7-szuflad-stalco-s-42252\/"},"modified":"2024-05-10T11:02:42","modified_gmt":"2024-05-10T09:02:42","slug":"szafka-narzedziowa-stalco-7-szuflad","status":"publish","type":"product","link":"https:\/\/e-adams.pl\/de\/produkt\/szafka-narzedziowa-stalco-7-szuflad\/","title":{"rendered":"Szafka narz\u0119dziowa STALCO 7 szuflad"},"content":{"rendered":"<h3>OPIS:<\/h3>\n<p>Szafka narz\u0119dziowa STALCO 7 szuflad zachwyca funkcjonalno\u015bci\u0105 i praktycznymi rozwi\u0105zaniami! Wyposa\u017cona w obrotowe k\u00f3\u0142ka z hamulcem blokuj\u0105cym oraz ergonomiczny uchwyt do pchania, umo\u017cliwiaj\u0105cy \u0142atwe przesuwanie, ta szafka to doskona\u0142e narz\u0119dzie dla ka\u017cdego, kto ceni sobie mobilno\u015b\u0107 i \u0142atwo\u015b\u0107 obs\u0142ugi.<\/p>\n<p>Centralny zamek stanowi kluczowe zabezpieczenie, pozwalaj\u0105c na jednoczesne zabezpieczenie wszystkich szuflad przed przypadkowym otwarciem oraz zapewniaj\u0105c bezproblemowy transport. Ka\u017cda szuflada zosta\u0142a wyposa\u017cona w p\u0142ynnie przesuwaj\u0105ce si\u0119 prowadnice kulkowe, co gwarantuje \u0142atwe i ciche otwieranie i zamykanie. Dodatkowo, funkcjonalny uchwyt na ca\u0142ej szeroko\u015bci szuflady sprawia, \u017ce korzystanie z niej staje si\u0119 jeszcze bardziej komfortowe.<\/p>\n<p>Przemy\u015blany design obejmuje przestronny blat g\u00f3rny z odporn\u0105 wyk\u0142adzin\u0105, co czyni go idealnym miejscem do pracy czy przechowywania narz\u0119dzi. Wn\u0119trze ka\u017cdej szuflady zosta\u0142o wy\u015bcielone wyk\u0142adzin\u0105 typu EVA, kt\u00f3ra chroni przechowywane narz\u0119dzia przed uszkodzeniami i zarysowaniami.<\/p>\n<p>Solidna konstrukcja szafki jest nie tylko trwa\u0142a, ale r\u00f3wnie\u017c odporna na zarysowania, co zapewnia d\u0142ugotrwa\u0142\u0105 estetyk\u0119 i funkcjonalno\u015b\u0107. Ta szafka to nie tylko praktyczne narz\u0119dzie, ale tak\u017ce elegancki element wyposa\u017cenia dla wszystkich, kt\u00f3rzy stawiaj\u0105 na solidno\u015b\u0107 i profesjonalizm.<\/p>\n<h3>DANE TECHNICZNE:<\/h3>\n<p>\u2022 maksymalny nacisk na ca\u0142\u0105 szafk\u0119: 280 kg<br \/>\n\u2022 maksymalny nacisk na szuflady p\u0142ytkie jednostkowo: 30 kg<br \/>\n\u2022 maksymalny nacisk na szuflady g\u0142\u0119bokie jednostkowo: 35 kg<br \/>\n\u2022 maksymalny nacisk na g\u00f3rny blat: 60 kg<br \/>\n\u2022 7 szuflad -wymiary 5 pierwszych szuflad: 565x395x60 mm (wewn\u0105trz)<br \/>\n\u2022 wymiary 2 ostatnich szuflad: 565x395xl40 mm (wewn\u0105trz)<br \/>\n\u2022 Blokada k\u00f3\u0142<br \/>\n\u2022 Zamek<br \/>\n\u2022 Prowadnice kulkowe<br \/>\n\u2022 Solidny uchwyt<br \/>\n\u2022 Przestronny blat g\u00f3rny z odporn\u0105 wyk\u0142adzin\u0105<br \/>\n\u2022 Wewn\u0105trz szuflad wy\u015bci\u00f3\u0142ka z tworzywa EVA<br \/>\n\u2022 Index: S-42252<br \/>\n\u2022 Kod EAN: 5904012189188<\/p>\n","protected":false},"excerpt":{"rendered":"<p>Szafka narz\u0119dziowa STALCO 7 szuflad zachwyca funkcjonalno\u015bci\u0105 i praktycznymi rozwi\u0105zaniami! Wyposa\u017cona w obrotowe k\u00f3\u0142ka z hamulcem blokuj\u0105cym oraz ergonomiczny uchwyt do pchania, umo\u017cliwiaj\u0105cy \u0142atwe przesuwanie, ta szafka to doskona\u0142e narz\u0119dzie dla ka\u017cdego, kto ceni sobie mobilno\u015b\u0107 i \u0142atwo\u015b\u0107 obs\u0142ugi.<\/p>\n","protected":false},"featured_media":23793,"comment_status":"open","ping_status":"closed","template":"","meta":{"_acf_changed":false,"inline_featured_image":false},"product_cat":[101],"product_tag":[1505,2665],"class_list":{"0":"post-23446","1":"product","2":"type-product","3":"status-publish","4":"has-post-thumbnail","6":"product_cat-bramy-okna-ogrodzenia","7":"product_tag-stalco","8":"product_tag-szafka-narzedziowa","10":"first","11":"instock","12":"shipping-taxable","13":"purchasable","14":"product-type-simple"},"acf":[],"_links":{"self":[{"href":"https:\/\/e-adams.pl\/de\/wp-json\/wp\/v2\/product\/23446","targetHints":{"allow":["GET"]}}],"collection":[{"href":"https:\/\/e-adams.pl\/de\/wp-json\/wp\/v2\/product"}],"about":[{"href":"https:\/\/e-adams.pl\/de\/wp-json\/wp\/v2\/types\/product"}],"replies":[{"embeddable":true,"href":"https:\/\/e-adams.pl\/de\/wp-json\/wp\/v2\/comments?post=23446"}],"wp:featuredmedia":[{"embeddable":true,"href":"https:\/\/e-adams.pl\/de\/wp-json\/wp\/v2\/media\/23793"}],"wp:attachment":[{"href":"https:\/\/e-adams.pl\/de\/wp-json\/wp\/v2\/media?parent=23446"}],"wp:term":[{"taxonomy":"product_cat","embeddable":true,"href":"https:\/\/e-adams.pl\/de\/wp-json\/wp\/v2\/product_cat?post=23446"},{"taxonomy":"product_tag","embeddable":true,"href":"https:\/\/e-adams.pl\/de\/wp-json\/wp\/v2\/product_tag?post=23446"}],"curies":[{"name":"wp","href":"https:\/\/api.w.org\/{rel}","templated":true}]}}