{"id":23448,"date":"2023-12-06T10:01:09","date_gmt":"2023-12-06T09:01:09","guid":{"rendered":"https:\/\/e-adams.pl\/produkt\/szelki-do-spodni-braces-stalco-perfect-s-79089\/"},"modified":"2024-02-15T11:49:27","modified_gmt":"2024-02-15T10:49:27","slug":"szelki-do-spodni-stalco-perfect-braces","status":"publish","type":"product","link":"https:\/\/e-adams.pl\/de\/produkt\/szelki-do-spodni-stalco-perfect-braces\/","title":{"rendered":"Szelki do spodni STALCO PERFECT BRACES"},"content":{"rendered":"<h3>OPIS:<\/h3>\n<p>Szelki do spodni STALCO PERFECT BRACES to szelki charakteryzuj\u0105ce si\u0119 wszechstronnym i uniwersalnym zastosowaniem stanowi\u0105 niezast\u0105piony element, kt\u00f3ry gwarantuje wyj\u0105tkowy komfort noszenia spodni podczas aktywno\u015bci fizycznej. Ich ergonomiczny design sprawia, \u017ce s\u0105 niezwykle solidne i wygodne w u\u017cyciu.<\/p>\n<p>Wykonane z szerokich ta\u015bm materia\u0142u o du\u017cej wytrzyma\u0142o\u015bci, r\u00f3wnomiernie rozk\u0142adaj\u0105 obci\u0105\u017cenie, co dodatkowo zwi\u0119ksza u\u017cyteczno\u015b\u0107.<\/p>\n<p>Regulacja d\u0142ugo\u015bci szelek umo\u017cliwia dostosowanie ich do r\u00f3\u017cnych sylwetek, co sprawia, \u017ce s\u0105 one odpowiednie dla szerokiego zakresu u\u017cytkownik\u00f3w. Szerokie klipsy zapewniaj\u0105 pewne zapi\u0119cie, co jest kluczowe dla utrzymania stabilno\u015bci podczas intensywnych aktywno\u015bci.<\/p>\n<p>Szelki te nie tylko spe\u0142niaj\u0105 swoj\u0105 funkcj\u0119 utrzymania spodni, ale tak\u017ce podnosz\u0105 komfort i wygod\u0119 u\u017cytkowania, dzi\u0119ki czemu stanowi\u0105 nieodzowny element wyposa\u017cenia podczas aktywnego trybu \u017cycia.<\/p>\n<h3>DANE TECHNICZNE:<\/h3>\n<p>\u2022 Kolor: Granatowo-czarny<br \/>\n\u2022 Indeks:\u00a0S-79089<br \/>\n\u2022 Kod EAN:\u00a05901466168998<\/p>\n","protected":false},"excerpt":{"rendered":"<p>Szelki do spodni STALCO PERFECT BRACES to szelki charakteryzuj\u0105ce si\u0119 wszechstronnym i uniwersalnym zastosowaniem stanowi\u0105 niezast\u0105piony element, kt\u00f3ry gwarantuje wyj\u0105tkowy komfort noszenia spodni podczas aktywno\u015bci fizycznej. Ich ergonomiczny design sprawia, \u017ce s\u0105 niezwykle solidne i wygodne w u\u017cyciu.<\/p>\n","protected":false},"featured_media":23618,"comment_status":"open","ping_status":"closed","template":"","meta":{"_acf_changed":false,"inline_featured_image":false},"product_cat":[2551],"product_tag":[2564,1505,2565],"class_list":{"0":"post-23448","1":"product","2":"type-product","3":"status-publish","4":"has-post-thumbnail","6":"product_cat-akcesoria","7":"product_tag-braces","8":"product_tag-stalco","9":"product_tag-szelki-do-spodni","11":"first","12":"instock","13":"shipping-taxable","14":"purchasable","15":"product-type-simple"},"acf":[],"_links":{"self":[{"href":"https:\/\/e-adams.pl\/de\/wp-json\/wp\/v2\/product\/23448","targetHints":{"allow":["GET"]}}],"collection":[{"href":"https:\/\/e-adams.pl\/de\/wp-json\/wp\/v2\/product"}],"about":[{"href":"https:\/\/e-adams.pl\/de\/wp-json\/wp\/v2\/types\/product"}],"replies":[{"embeddable":true,"href":"https:\/\/e-adams.pl\/de\/wp-json\/wp\/v2\/comments?post=23448"}],"wp:featuredmedia":[{"embeddable":true,"href":"https:\/\/e-adams.pl\/de\/wp-json\/wp\/v2\/media\/23618"}],"wp:attachment":[{"href":"https:\/\/e-adams.pl\/de\/wp-json\/wp\/v2\/media?parent=23448"}],"wp:term":[{"taxonomy":"product_cat","embeddable":true,"href":"https:\/\/e-adams.pl\/de\/wp-json\/wp\/v2\/product_cat?post=23448"},{"taxonomy":"product_tag","embeddable":true,"href":"https:\/\/e-adams.pl\/de\/wp-json\/wp\/v2\/product_tag?post=23448"}],"curies":[{"name":"wp","href":"https:\/\/api.w.org\/{rel}","templated":true}]}}