{"id":23452,"date":"2023-12-06T10:01:21","date_gmt":"2023-12-06T09:01:21","guid":{"rendered":"https:\/\/e-adams.pl\/produkt\/szlifierka-katowa-230mm-3000w-ag230q-stalco-perfect-s-98210\/"},"modified":"2024-07-15T11:31:23","modified_gmt":"2024-07-15T09:31:23","slug":"szlifierka-katowa-stalco-perfect-ag230q-230mm-3000w","status":"publish","type":"product","link":"https:\/\/e-adams.pl\/de\/produkt\/szlifierka-katowa-stalco-perfect-ag230q-230mm-3000w\/","title":{"rendered":"Szlifierka k\u0105towa STALCO PERFECT AG230Q 230mm 3000W"},"content":{"rendered":"<h3>OPIS:<\/h3>\n<p>Szlifierka k\u0105towa STALCO PERFECT AG230Q to profesjonalne narz\u0119dzie dedykowane najci\u0119\u017cszym pracom budowlanym i wyburzeniowym. Dzi\u0119ki jej wszechstronno\u015bci mo\u017cna efektywnie ci\u0105\u0107 i szlifowa\u0107 r\u00f3\u017cnorodne materia\u0142y budowlane, nawet o znacznej g\u0119sto\u015bci. Wyposa\u017cona w wrzeciono zako\u0144czone gwintem M14, umo\u017cliwia monta\u017c tarcz szlifierskich i tn\u0105cych o \u015brednicy 230 mm i grubo\u015bci do 8 mm. Funkcjonalno\u015b\u0107 narz\u0119dzia u\u0142atwia blokada wrzeciona, umo\u017cliwiaj\u0105ca szybk\u0105 wymian\u0119 tarczy.<\/p>\n<p>Szlifierka K\u0105towa STALCO z serii Perfect posiada szereg funkcji zwi\u0119kszaj\u0105cych komfort pracy operatora. Istotnym elementem jest system mi\u0119kkiego startu, eliminuj\u0105cy gwa\u0142towne szarpni\u0119cie przy uruchamianiu. Dodatkowo, mechanizm Anti-Restart zapobiega przypadkowemu ponownemu uruchomieniu narz\u0119dzia po przerwie w dostawie zasilania.<br \/>\nWarto r\u00f3wnie\u017c podkre\u015bli\u0107 zabezpieczenia chroni\u0105ce urz\u0105dzenie przed dostaniem si\u0119 kurzu do jego wn\u0119trza. Specjalne zabezpieczenie z \u017cywicy epoksydowej skutecznie os\u0142ania silnik przed zabrudzeniami, kt\u00f3re mog\u0105 wyst\u0105pi\u0107 w trakcie pracy.<\/p>\n<p><strong>WYPOSA\u017bENIE STANDARDOWE:<\/strong><br \/>\nUchwyt dodatkowy<br \/>\nOs\u0142ona zabezpieczaj\u0105ca<br \/>\nKlucz do ko\u0142nierza zewn\u0119trznego<br \/>\nKo\u0142nierz wewn\u0119trzny<br \/>\nKo\u0142nierz zewn\u0119trzny<br \/>\n1 x zestaw szczotek w\u0119glowych<\/p>\n<h3>DANE TECHNICZNE:<\/h3>\n<p>\u2022 \u015arednica tarczy [O mm]: 230<br \/>\n\u2022 Rodzaj gwintu: M14<br \/>\n\u2022 Napi\u0119cie znamionowe [V]: 230<br \/>\n\u2022 Cz\u0119stotliwo\u015b\u0107 znamionowa [Hz]: 50<br \/>\n\u2022 Znamionowa moc wej\u015bciowa [W]: 3000<br \/>\n\u2022 Pr\u0119dko\u015b\u0107 obrotowa [1\/min]: 6500<br \/>\n\u2022 Waga [kg]: 6,6<br \/>\n\u2022 D\u0142ugo\u015b\u0107 przewodu zasilaj\u0105cego [m]: 4<br \/>\n\u2022 Klasa ochronno\u015bci: II<br \/>\n\u2022 Indeks: S-98210<br \/>\n\u2022 Kod EAN: 5901466170816<\/p>\n","protected":false},"excerpt":{"rendered":"<p>Szlifierka k\u0105towa STALCO PERFECT AG230Q to profesjonalne narz\u0119dzie dedykowane najci\u0119\u017cszym pracom budowlanym i wyburzeniowym. Dzi\u0119ki jej wszechstronno\u015bci mo\u017cna efektywnie ci\u0105\u0107 i szlifowa\u0107 r\u00f3\u017cnorodne materia\u0142y budowlane, nawet o znacznej g\u0119sto\u015bci. Wyposa\u017cona w wrzeciono zako\u0144czone gwintem M14, umo\u017cliwia monta\u017c tarcz szlifierskich i tn\u0105cych o \u015brednicy 230 mm i grubo\u015bci do 8 mm.<\/p>\n","protected":false},"featured_media":23787,"comment_status":"open","ping_status":"closed","template":"","meta":{"_acf_changed":false,"inline_featured_image":false},"product_cat":[2895],"product_tag":[1505,2481],"class_list":{"0":"post-23452","1":"product","2":"type-product","3":"status-publish","4":"has-post-thumbnail","6":"product_cat-stalco","7":"product_tag-stalco","8":"product_tag-szlifierka-katowa","10":"first","11":"instock","12":"shipping-taxable","13":"purchasable","14":"product-type-simple"},"acf":[],"_links":{"self":[{"href":"https:\/\/e-adams.pl\/de\/wp-json\/wp\/v2\/product\/23452","targetHints":{"allow":["GET"]}}],"collection":[{"href":"https:\/\/e-adams.pl\/de\/wp-json\/wp\/v2\/product"}],"about":[{"href":"https:\/\/e-adams.pl\/de\/wp-json\/wp\/v2\/types\/product"}],"replies":[{"embeddable":true,"href":"https:\/\/e-adams.pl\/de\/wp-json\/wp\/v2\/comments?post=23452"}],"wp:featuredmedia":[{"embeddable":true,"href":"https:\/\/e-adams.pl\/de\/wp-json\/wp\/v2\/media\/23787"}],"wp:attachment":[{"href":"https:\/\/e-adams.pl\/de\/wp-json\/wp\/v2\/media?parent=23452"}],"wp:term":[{"taxonomy":"product_cat","embeddable":true,"href":"https:\/\/e-adams.pl\/de\/wp-json\/wp\/v2\/product_cat?post=23452"},{"taxonomy":"product_tag","embeddable":true,"href":"https:\/\/e-adams.pl\/de\/wp-json\/wp\/v2\/product_tag?post=23452"}],"curies":[{"name":"wp","href":"https:\/\/api.w.org\/{rel}","templated":true}]}}