{"id":23453,"date":"2023-12-06T10:01:22","date_gmt":"2023-12-06T09:01:22","guid":{"rendered":"https:\/\/e-adams.pl\/produkt\/szlifierka-katowa-ags20-125bl-aku-2x4ah-s-97301\/"},"modified":"2024-07-15T11:31:22","modified_gmt":"2024-07-15T09:31:22","slug":"szlifierka-katowa-stalco-ags20-125bl-aku-2x4ah","status":"publish","type":"product","link":"https:\/\/e-adams.pl\/de\/produkt\/szlifierka-katowa-stalco-ags20-125bl-aku-2x4ah\/","title":{"rendered":"Szlifierka k\u0105towa STALCO AGS20-125BL AKU 2x4Ah"},"content":{"rendered":"<h3>OPIS:<\/h3>\n<p>Szlifierka k\u0105towa STALCO AGS20-125BL AKU to jedno z najbardziej wszechstronnych narz\u0119dzi warsztatowych i budowlanych. Wyposa\u017cona w mechanizm obrotowy z wrzecionem M14, umo\u017cliwia monta\u017c tarcz o r\u00f3\u017cnym zastosowaniu, co sprawia, \u017ce jest idealna do szlifowania i ci\u0119cia twardych materia\u0142\u00f3w budowlanych. Wszystkie tarcze o \u015brednicy 125 mm s\u0105 kompatybilne z tym urz\u0105dzeniem.<\/p>\n<p>Innowacyjna konstrukcja wylot\u00f3w wentylacyjnych umo\u017cliwia skuteczne odprowadzanie nadmiaru ciep\u0142a, jednocze\u015bnie zabezpieczaj\u0105c przed dostaniem si\u0119 do wn\u0119trza py\u0142\u00f3w, kurzu i innych zanieczyszcze\u0144. Dla zwi\u0119kszenia bezpiecze\u0144stwa i komfortu pracy wprowadzono system p\u0142ynnego rozruchu, hamulec elektryczny oraz zabezpieczenie przed odbiciem tarczy.<\/p>\n<p>Najwa\u017cniejsze cechy narz\u0119dzia obejmuj\u0105 optymalne obroty, umo\u017cliwiaj\u0105ce prac\u0119 z pr\u0119dko\u015bci\u0105 do 8 000 obrot\u00f3w na minut\u0119. Dzi\u0119ki temu szlifierka precyzyjnie i szybko radzi sobie nawet z twardymi materia\u0142ami, pozostaj\u0105c jednocze\u015bnie odporne na obci\u0105\u017cenia. Unikalny system regulacji os\u0142ony tarczy umo\u017cliwia \u0142atwe dostosowanie jej ustawienia do konkretnych potrzeb prowadzonej pracy.<\/p>\n<p>Por\u0119czna konstrukcja szlifierki, o masie poni\u017cej dw\u00f3ch kilogram\u00f3w, ergonomicznym kszta\u0142cie i dodatkowym uchwycie, sprawia, \u017ce prace z jej u\u017cyciem s\u0105 niezwykle komfortowe nawet przy d\u0142ugotrwa\u0142ym u\u017cytkowaniu.<\/p>\n<p>Zasilana akumulatorem o pojemno\u015bci 4 Ah, szlifierka generuje wystarczaj\u0105c\u0105 ilo\u015b\u0107 energii do wygodnej pracy przez d\u0142u\u017cszy czas. Stan na\u0142adowania akumulatora mo\u017cna monitorowa\u0107 dzi\u0119ki diodom umieszczonym na obudowie, co dodatkowo u\u0142atwia planowanie prac. To narz\u0119dzie, kt\u00f3re \u0142\u0105czy wydajno\u015b\u0107, komfort i bezpiecze\u0144stwo, sprawiaj\u0105c, \u017ce prace warsztatowe staj\u0105 si\u0119 jeszcze bardziej efektywne.<\/p>\n<p>&nbsp;<\/p>\n<p>Informacje dodatkowe akumulator w zestawie, \u0142agodny rozruch, regulacja obrot\u00f3w, walizka transportowa w zestawie, zabezpieczenie w\u0142\u0105czenia<\/p>\n<h3>DANE TECHNICZNE:<\/h3>\n<p>\u2022 Rodzaj zasilania: akumulatorowa<br \/>\n\u2022 Pojemno\u015b\u0107 akumulatora: 4 Ah<br \/>\n\u2022 Pr\u0119dko\u015b\u0107 obrotowa bez obci\u0105\u017cenia: [obr\/min] 8000 obr\/ min<br \/>\n\u2022 \u015arednica tarczy: 125 mm<br \/>\n\u2022 Waga urz\u0105dzenia: 1.9 kg<br \/>\n\u2022 Waga produktu z opakowaniem jednostkowym 2.5 kg<br \/>\n\u2022 Kod producenta S-97301<br \/>\n\u2022 Kod EAN: 5904012115354<\/p>\n","protected":false},"excerpt":{"rendered":"<p>Szlifierka k\u0105towa STALCO AGS20-125BL AKU to jedno z najbardziej wszechstronnych narz\u0119dzi warsztatowych i budowlanych. Wyposa\u017cona w mechanizm obrotowy z wrzecionem M14, umo\u017cliwia monta\u017c tarcz o r\u00f3\u017cnym zastosowaniu, co sprawia, \u017ce jest idealna do szlifowania i ci\u0119cia twardych materia\u0142\u00f3w budowlanych. Wszystkie tarcze o \u015brednicy 125 mm s\u0105 kompatybilne z tym urz\u0105dzeniem.<\/p>\n","protected":false},"featured_media":23514,"comment_status":"open","ping_status":"closed","template":"","meta":{"_acf_changed":false,"inline_featured_image":false},"product_cat":[2895],"product_tag":[2482,1505,2481],"class_list":{"0":"post-23453","1":"product","2":"type-product","3":"status-publish","4":"has-post-thumbnail","6":"product_cat-stalco","7":"product_tag-ags20-125bl","8":"product_tag-stalco","9":"product_tag-szlifierka-katowa","11":"first","12":"outofstock","13":"shipping-taxable","14":"purchasable","15":"product-type-simple"},"acf":[],"_links":{"self":[{"href":"https:\/\/e-adams.pl\/de\/wp-json\/wp\/v2\/product\/23453","targetHints":{"allow":["GET"]}}],"collection":[{"href":"https:\/\/e-adams.pl\/de\/wp-json\/wp\/v2\/product"}],"about":[{"href":"https:\/\/e-adams.pl\/de\/wp-json\/wp\/v2\/types\/product"}],"replies":[{"embeddable":true,"href":"https:\/\/e-adams.pl\/de\/wp-json\/wp\/v2\/comments?post=23453"}],"wp:featuredmedia":[{"embeddable":true,"href":"https:\/\/e-adams.pl\/de\/wp-json\/wp\/v2\/media\/23514"}],"wp:attachment":[{"href":"https:\/\/e-adams.pl\/de\/wp-json\/wp\/v2\/media?parent=23453"}],"wp:term":[{"taxonomy":"product_cat","embeddable":true,"href":"https:\/\/e-adams.pl\/de\/wp-json\/wp\/v2\/product_cat?post=23453"},{"taxonomy":"product_tag","embeddable":true,"href":"https:\/\/e-adams.pl\/de\/wp-json\/wp\/v2\/product_tag?post=23453"}],"curies":[{"name":"wp","href":"https:\/\/api.w.org\/{rel}","templated":true}]}}