{"id":23455,"date":"2023-12-06T10:01:23","date_gmt":"2023-12-06T09:01:23","guid":{"rendered":"https:\/\/e-adams.pl\/produkt\/szlifierka-mimosrodowa-150mm-450w-ess150vs-stalco-premium-s-97262\/"},"modified":"2024-05-23T08:41:49","modified_gmt":"2024-05-23T06:41:49","slug":"szlifierka-mimosrodowa-stalco-premium-ess150vs-150mm-450w","status":"publish","type":"product","link":"https:\/\/e-adams.pl\/de\/produkt\/szlifierka-mimosrodowa-stalco-premium-ess150vs-150mm-450w\/","title":{"rendered":"Szlifierka mimo\u015brodowa STALCO PREMIUM ESS150VS 150MM 450W"},"content":{"rendered":"<h3>OPIS:<\/h3>\n<p>Szlifierka mimo\u015brodowa STALCO PREMIUM ESS150VS stanowi niezawodne narz\u0119dzie do szlifowania i polerowania powierzchni r\u00f3\u017cnorodnych materia\u0142\u00f3w budowlanych. Przeznaczona g\u0142\u00f3wnie dla bran\u017cy stolarskiej i remontowej, sprawdza si\u0119 r\u00f3wnie\u017c doskonale w dziedzinie lakiernictwa.<\/p>\n<p>Obs\u0142uguje wszystkie tarcze szlifierskie i polerskie o \u015brednicy 150 mm wyposa\u017cone w rzep, umo\u017cliwiaj\u0105c przeprowadzanie r\u00f3\u017cnych prac w zale\u017cno\u015bci od ich wyko\u0144czenia.<\/p>\n<p>Zasilany pr\u0105dem sieciowym silnik o mocy 450 W u\u0142atwia efektywn\u0105 prac\u0119 nawet z trudnymi materia\u0142ami. Szlifierka ESS150VS posiada pokr\u0119t\u0142o do regulacji pr\u0119dko\u015bci pracy w zakresie od 4 do 13 tysi\u0119cy obrot\u00f3w na minut\u0119, co umo\u017cliwia dostosowanie narz\u0119dzia do konkretnych potrzeb. Dodatkowo istnieje opcja zablokowania w\u0142\u0105cznika na wybranych parametrach, co pozwala skoncentrowa\u0107 si\u0119 na wykonywanej pracy.<\/p>\n<p><strong>Najwa\u017cniejsze cechy:<\/strong><\/p>\n<p>**Dobre parametry robocze:** Pr\u0119dko\u015b\u0107 obrot\u00f3w tarczy si\u0119ga 13 000 obrot\u00f3w na minut\u0119, a oscylacja jest dwukrotnie szybsza, co przek\u0142ada si\u0119 na szybkie i wydajne wykonywanie prac.<\/p>\n<p>**Dodatkowy uchwyt:** Obecno\u015b\u0107 dodatkowej drugiej r\u0105czki w przedniej cz\u0119\u015bci u\u0142atwia utrzymanie urz\u0105dzenia w wymuszonej pozycji oraz zapewnia mocniejsze doci\u015bni\u0119cie go do pod\u0142o\u017ca.<\/p>\n<p>**Worek na py\u0142:** W czasie pracy py\u0142 i wi\u00f3ry s\u0105 zbierane bezpo\u015brednio do niewielkiego worka, co sprawia, \u017ce miejsce pracy pozostaje czyste i porz\u0105dkowane.<\/p>\n<h3>DANE TECHNICZNE:<\/h3>\n<ul>\n<li>Moc znamionowa [W] 450<\/li>\n<li>Napi\u0119cie znamionowe [V] 220-240<\/li>\n<li>Cz\u0119stotliwo\u015b\u0107 znamionowa [Hz] 50\/60<\/li>\n<li>Nat\u0119\u017cenie pr\u0105du [A] 1,9 A<\/li>\n<li>Pr\u0119dko\u015b\u0107 obrotowa<\/li>\n<li>bez obci\u0105\u017cenia [obr\/min] 4000-13000<\/li>\n<li>Cz\u0119stotliwo\u015b\u0107 oscylacji bez<\/li>\n<li>obci\u0105\u017cenia [min-1] 8000-26000<\/li>\n<li>Mimo\u015brodowo\u015b\u0107 [mm] 2<\/li>\n<li>\u015arednica talerza [mm] 150<\/li>\n<li>Waga [kg] 2,4<\/li>\n<li>Klasa ochronno\u015bci II<\/li>\n<li>D\u0142ugo\u015b\u0107 przewodu [m] 2 m<\/li>\n<li>Indeks: S-97262<\/li>\n<li>Kod EAN: 5904012115637<\/li>\n<\/ul>\n","protected":false},"excerpt":{"rendered":"<p>Szlifierka mimo\u015brodowa STALCO PREMIUM ESS150VS stanowi niezawodne narz\u0119dzie do szlifowania i polerowania powierzchni r\u00f3\u017cnorodnych materia\u0142\u00f3w budowlanych. Przeznaczona g\u0142\u00f3wnie dla bran\u017cy stolarskiej i remontowej, sprawdza si\u0119 r\u00f3wnie\u017c doskonale w dziedzinie lakiernictwa.<\/p>\n","protected":false},"featured_media":23789,"comment_status":"open","ping_status":"closed","template":"","meta":{"_acf_changed":false,"inline_featured_image":false},"product_cat":[2895],"product_tag":[1505,2664],"class_list":{"0":"post-23455","1":"product","2":"type-product","3":"status-publish","4":"has-post-thumbnail","6":"product_cat-stalco","7":"product_tag-stalco","8":"product_tag-szlifierka-mimosrodowa","10":"first","11":"instock","12":"shipping-taxable","13":"purchasable","14":"product-type-simple"},"acf":[],"_links":{"self":[{"href":"https:\/\/e-adams.pl\/de\/wp-json\/wp\/v2\/product\/23455","targetHints":{"allow":["GET"]}}],"collection":[{"href":"https:\/\/e-adams.pl\/de\/wp-json\/wp\/v2\/product"}],"about":[{"href":"https:\/\/e-adams.pl\/de\/wp-json\/wp\/v2\/types\/product"}],"replies":[{"embeddable":true,"href":"https:\/\/e-adams.pl\/de\/wp-json\/wp\/v2\/comments?post=23455"}],"wp:featuredmedia":[{"embeddable":true,"href":"https:\/\/e-adams.pl\/de\/wp-json\/wp\/v2\/media\/23789"}],"wp:attachment":[{"href":"https:\/\/e-adams.pl\/de\/wp-json\/wp\/v2\/media?parent=23455"}],"wp:term":[{"taxonomy":"product_cat","embeddable":true,"href":"https:\/\/e-adams.pl\/de\/wp-json\/wp\/v2\/product_cat?post=23455"},{"taxonomy":"product_tag","embeddable":true,"href":"https:\/\/e-adams.pl\/de\/wp-json\/wp\/v2\/product_tag?post=23455"}],"curies":[{"name":"wp","href":"https:\/\/api.w.org\/{rel}","templated":true}]}}