{"id":23456,"date":"2023-12-06T10:01:24","date_gmt":"2023-12-06T09:01:24","guid":{"rendered":"https:\/\/e-adams.pl\/produkt\/sznurowadla-do-butow-laces-100cm-stalco-perfect-s-76446\/"},"modified":"2024-02-15T11:49:47","modified_gmt":"2024-02-15T10:49:47","slug":"sznurowadla-do-butow-stalco-perfect-laces-100cm-czarne","status":"publish","type":"product","link":"https:\/\/e-adams.pl\/de\/produkt\/sznurowadla-do-butow-stalco-perfect-laces-100cm-czarne\/","title":{"rendered":"Sznurowad\u0142a do but\u00f3w STALCO PERFECT LACES 100CM czarne"},"content":{"rendered":"<h3>OPIS:<\/h3>\n<p>Sznurowad\u0142a do but\u00f3w STALCO PERFECT LACES\u00a0 to okr\u0105g\u0142e sznurowad\u0142a kt\u00f3re wykonane zosta\u0142y z wysokiej jako\u015bci w\u0142\u00f3kien poliestrowych o \u015brednicy 5 mm. Posiadaj\u0105 wzmocnienie solidnym rdzeniem, kt\u00f3ry zwi\u0119ksza ich wytrzyma\u0142o\u015b\u0107 na zerwanie i przecieranie. LACES to znakomite sznur\u00f3wki do but\u00f3w roboczych, ale \u015bwietnie sprawdz\u0105 si\u0119 tak\u017ce w obuwiu innego rodzaju.<\/p>\n<p>Charakteryzuj\u0105 si\u0119 du\u017c\u0105 trwa\u0142o\u015bci\u0105 wybarwienia.<\/p>\n<p><strong>Cechy:<\/strong><br \/>\n&#8211; specjalnie wyselekcjonowane w\u0142\u00f3kna poliestrowe,<br \/>\n&#8211; odporne na wilgo\u0107 i ci\u0119\u017ckie warunki,<br \/>\n&#8211; wzmocnione rdzeniem odpornym na zrywanie,<br \/>\n&#8211; bardzo d\u0142uga \u017cywotno\u015b\u0107.<\/p>\n<h3>DANE TECHNICZNE:<\/h3>\n<p>\u2022 Indeks: S-76446<br \/>\n\u2022 Kod EAN: 5904012184121<\/p>\n","protected":false},"excerpt":{"rendered":"<p>Sznurowad\u0142a do but\u00f3w STALCO PERFECT LACES\u00a0 to okr\u0105g\u0142e sznurowad\u0142a kt\u00f3re wykonane zosta\u0142y z wysokiej jako\u015bci w\u0142\u00f3kien poliestrowych o \u015brednicy 5 mm. Posiadaj\u0105 wzmocnienie solidnym rdzeniem, kt\u00f3ry zwi\u0119ksza ich wytrzyma\u0142o\u015b\u0107 na zerwanie i przecieranie. LACES to znakomite sznur\u00f3wki do but\u00f3w roboczych, ale \u015bwietnie sprawdz\u0105 si\u0119 tak\u017ce w obuwiu innego rodzaju.<\/p>\n","protected":false},"featured_media":23616,"comment_status":"open","ping_status":"closed","template":"","meta":{"_acf_changed":false,"inline_featured_image":false},"product_cat":[2551],"product_tag":[2563,1505,2562],"class_list":{"0":"post-23456","1":"product","2":"type-product","3":"status-publish","4":"has-post-thumbnail","6":"product_cat-akcesoria","7":"product_tag-laces","8":"product_tag-stalco","9":"product_tag-sznurowadla","11":"first","12":"instock","13":"shipping-taxable","14":"purchasable","15":"product-type-simple"},"acf":[],"_links":{"self":[{"href":"https:\/\/e-adams.pl\/de\/wp-json\/wp\/v2\/product\/23456","targetHints":{"allow":["GET"]}}],"collection":[{"href":"https:\/\/e-adams.pl\/de\/wp-json\/wp\/v2\/product"}],"about":[{"href":"https:\/\/e-adams.pl\/de\/wp-json\/wp\/v2\/types\/product"}],"replies":[{"embeddable":true,"href":"https:\/\/e-adams.pl\/de\/wp-json\/wp\/v2\/comments?post=23456"}],"wp:featuredmedia":[{"embeddable":true,"href":"https:\/\/e-adams.pl\/de\/wp-json\/wp\/v2\/media\/23616"}],"wp:attachment":[{"href":"https:\/\/e-adams.pl\/de\/wp-json\/wp\/v2\/media?parent=23456"}],"wp:term":[{"taxonomy":"product_cat","embeddable":true,"href":"https:\/\/e-adams.pl\/de\/wp-json\/wp\/v2\/product_cat?post=23456"},{"taxonomy":"product_tag","embeddable":true,"href":"https:\/\/e-adams.pl\/de\/wp-json\/wp\/v2\/product_tag?post=23456"}],"curies":[{"name":"wp","href":"https:\/\/api.w.org\/{rel}","templated":true}]}}