{"id":23474,"date":"2023-12-06T10:01:56","date_gmt":"2023-12-06T09:01:56","guid":{"rendered":"https:\/\/e-adams.pl\/produkt\/trzewik-skorzany-stalker-roz-45-powermax-s-78935\/"},"modified":"2024-07-15T11:31:23","modified_gmt":"2024-07-15T09:31:23","slug":"trzewiki-robocze-skorzane-stalco-powermax-stalker-r-45","status":"publish","type":"product","link":"https:\/\/e-adams.pl\/de\/produkt\/trzewiki-robocze-skorzane-stalco-powermax-stalker-r-45\/","title":{"rendered":"Trzewiki robocze sk\u00f3rzane STALCO POWERMAX STALKER r.45"},"content":{"rendered":"<h3>OPIS:<\/h3>\n<p>Trzewiki robocze sk\u00f3rzane STALCO POWERMAX STALKER to wyj\u0105tkowe obuwie, w kt\u00f3rym wykorzystano niezwykle trwa\u0142\u0105 sk\u00f3r\u0119 naturaln\u0105 typu &#8222;crazy horse&#8220;. Ta specjalna sk\u00f3ra zapewnia nie tylko solidno\u015b\u0107, ale r\u00f3wnie\u017c unikalny wygl\u0105d, kt\u00f3ry nadaje butom charakteru. Podeszwa wykonana jest z innowacyjnego tworzywa EVA, co gwarantuje lekko\u015b\u0107 but\u00f3w oraz doskona\u0142e w\u0142a\u015bciwo\u015bci amortyzacyjne.<\/p>\n<p>Podnosek buta zosta\u0142 wykonany z kompozytu, co sprawia, \u017ce nie zawiera metalu. Dzi\u0119ki temu obuwie jest nie tylko lekkie, ale r\u00f3wnie\u017c bezpieczne, eliminuj\u0105c potencjalne ryzyko wyst\u0105pienia problem\u00f3w zwi\u0105zanych z przewodnictwem elektrycznym.<\/p>\n<p>Dodatkowym atutem jest wodoodporna konstrukcja buta, co pozwala na skuteczn\u0105 ochron\u0119 st\u00f3p przed wilgoci\u0105 i niekorzystnymi warunkami atmosferycznymi. Podeszwa antyprzebiciowa zapewnia dodatkow\u0105 ochron\u0119, chroni\u0105c stop\u0119 przed potencjalnymi zagro\u017ceniami zwi\u0105zanymi z ostrymi przedmiotami.<\/p>\n<p>System antishock, zastosowany w tych butach, znacz\u0105co redukuje wp\u0142yw wstrz\u0105s\u00f3w na stopy, co przyczynia si\u0119 do zwi\u0119kszenia komfortu noszenia nawet podczas d\u0142ugotrwa\u0142ego u\u017cytkowania.<\/p>\n<p>Dodatkowe w\u0142a\u015bciwo\u015bci, takie jak olejoodporno\u015b\u0107, antystatyczno\u015b\u0107 i antypo\u015blizgowo\u015b\u0107, czyni\u0105 z but\u00f3w Stalco Stalker nie tylko solidne obuwie ochronne, ale tak\u017ce doskonale dostosowane do pracy w r\u00f3\u017cnorodnych warunkach. Te elementy sprawiaj\u0105, \u017ce buty te s\u0105 niezb\u0119dnym wyborem dla profesjonalist\u00f3w, kt\u00f3rzy ceni\u0105 sobie nie tylko trwa\u0142o\u015b\u0107, ale tak\u017ce kompleksow\u0105 ochron\u0119 st\u00f3p.<\/p>\n<h3>W\u0142a\u015bciwo\u015bci:<\/h3>\n<ul>\n<li>wyj\u0105tkowo trwa\u0142a sk\u00f3ra naturalna typu &#8222;crazy horse&#8220;<\/li>\n<li>podeszwa z innowacyjnego tworzywa EVA<\/li>\n<li>kompozytowy podnosek<\/li>\n<li>nie zawiera metalu<\/li>\n<li>wodoodporne<\/li>\n<li>podeszwa antyprzebiciowa<\/li>\n<li>system antishock<\/li>\n<li>w\u0142a\u015bciwo\u015bci: olejoodporne, antystatyczne, antypo\u015blizgowe<\/li>\n<li>elementy odblaskowe<\/li>\n<\/ul>\n<h3>DANE TECHNICZNE:<\/h3>\n<p>\u2022 Symbol: S-78935<br \/>\n\u2022 Materia\u0142 wykonania: Sk\u00f3ra Naturalna<br \/>\n\u2022 Wk\u0142adka: Pianka Eva\/Guma<br \/>\n\u2022 Wewn\u0119trzna cze\u015b\u0107 z pianki Eva<br \/>\n\u2022 Zewn\u0119trzna cz\u0119\u015b\u0107 z Gumy<br \/>\n\u2022 Kolor dominuj\u0105cy: br\u0105z<br \/>\n\u2022 Zastosowanie: Budowa, przemys\u0142 wydobywczy<br \/>\n\u2022 Kod EAN: 5901466133309<\/p>\n","protected":false},"excerpt":{"rendered":"<p>Trzewiki robocze sk\u00f3rzane STALCO POWERMAX STALKER to wyj\u0105tkowe obuwie, w kt\u00f3rym wykorzystano niezwykle trwa\u0142\u0105 sk\u00f3r\u0119 naturaln\u0105 typu &#8222;crazy horse&#8220;. Ta specjalna sk\u00f3ra zapewnia nie tylko solidno\u015b\u0107, ale r\u00f3wnie\u017c unikalny wygl\u0105d, kt\u00f3ry nadaje butom charakteru. Podeszwa wykonana jest z innowacyjnego tworzywa EVA, co gwarantuje lekko\u015b\u0107 but\u00f3w oraz doskona\u0142e w\u0142a\u015bciwo\u015bci amortyzacyjne.<\/p>\n","protected":false},"featured_media":23510,"comment_status":"open","ping_status":"closed","template":"","meta":{"_acf_changed":false,"inline_featured_image":false},"product_cat":[2549],"product_tag":[2477,1505,2478,2468],"class_list":{"0":"post-23474","1":"product","2":"type-product","3":"status-publish","4":"has-post-thumbnail","6":"product_cat-obuwie-bhp","7":"product_tag-powermax","8":"product_tag-stalco","9":"product_tag-stalker","10":"product_tag-trzewiki-robocze","11":"pa_rozmiar-2465","13":"first","14":"instock","15":"shipping-taxable","16":"purchasable","17":"product-type-simple"},"acf":[],"_links":{"self":[{"href":"https:\/\/e-adams.pl\/de\/wp-json\/wp\/v2\/product\/23474","targetHints":{"allow":["GET"]}}],"collection":[{"href":"https:\/\/e-adams.pl\/de\/wp-json\/wp\/v2\/product"}],"about":[{"href":"https:\/\/e-adams.pl\/de\/wp-json\/wp\/v2\/types\/product"}],"replies":[{"embeddable":true,"href":"https:\/\/e-adams.pl\/de\/wp-json\/wp\/v2\/comments?post=23474"}],"wp:featuredmedia":[{"embeddable":true,"href":"https:\/\/e-adams.pl\/de\/wp-json\/wp\/v2\/media\/23510"}],"wp:attachment":[{"href":"https:\/\/e-adams.pl\/de\/wp-json\/wp\/v2\/media?parent=23474"}],"wp:term":[{"taxonomy":"product_cat","embeddable":true,"href":"https:\/\/e-adams.pl\/de\/wp-json\/wp\/v2\/product_cat?post=23474"},{"taxonomy":"product_tag","embeddable":true,"href":"https:\/\/e-adams.pl\/de\/wp-json\/wp\/v2\/product_tag?post=23474"}],"curies":[{"name":"wp","href":"https:\/\/api.w.org\/{rel}","templated":true}]}}