{"id":23481,"date":"2023-12-06T10:02:02","date_gmt":"2023-12-06T09:02:02","guid":{"rendered":"https:\/\/e-adams.pl\/produkt\/t-shirt-bono-szary-m-stalco-s-44614\/"},"modified":"2024-07-15T11:31:14","modified_gmt":"2024-07-15T09:31:14","slug":"koszulka-t-shirt-bono-stalco-m-szara","status":"publish","type":"product","link":"https:\/\/e-adams.pl\/de\/produkt\/koszulka-t-shirt-bono-stalco-m-szara\/","title":{"rendered":"Koszulka T-shirt BONO STALCO M szara"},"content":{"rendered":"<h3>OPIS:<\/h3>\n<p>Koszulka T-shirt BONO STALCO L to klasyczna bawe\u0142niana koszulka idealna na lato, jest wytrzyma\u0142a i dobrze uk\u0142ada si\u0119 na ciele. Naturalna i przewiewna bawe\u0142na eliminuje ryzyko zapocenia i nie podra\u017cnia rozgrzanej sk\u00f3ry ani nie wywo\u0142uje uczule\u0144 czy odparze\u0144. Nadaje si\u0119 do pracy, na letni wypoczynek czy do uprawiania sportu. Niezast\u0105piona jako baza do wielu stylizacji.<\/p>\n<h3>DANE TECHNICZNE:<\/h3>\n<ul>\n<li>Materia\u0142: 100% bawe\u0142na<\/li>\n<li>Gramatura: 150g\/m2<\/li>\n<li>Indeks: S-44614<\/li>\n<li>Kod EAN: 5901466119020<\/li>\n<\/ul>\n","protected":false},"excerpt":{"rendered":"<p>Koszulka T-shirt BONO STALCO L to klasyczna bawe\u0142niana koszulka idealna na lato, jest wytrzyma\u0142a i dobrze uk\u0142ada si\u0119 na ciele. Naturalna i przewiewna bawe\u0142na eliminuje ryzyko zapocenia i nie podra\u017cnia rozgrzanej sk\u00f3ry ani nie wywo\u0142uje uczule\u0144 czy odparze\u0144. Nadaje si\u0119 do pracy, na letni wypoczynek czy do uprawiania sportu.<\/p>\n","protected":false},"featured_media":23613,"comment_status":"open","ping_status":"closed","template":"","meta":{"_acf_changed":false,"inline_featured_image":false},"product_cat":[2555],"product_tag":[2561,2559,1505,2560],"class_list":{"0":"post-23481","1":"product","2":"type-product","3":"status-publish","4":"has-post-thumbnail","6":"product_cat-koszule-i-koszulki","7":"product_tag-bono","8":"product_tag-koszulka","9":"product_tag-stalco","10":"product_tag-t-shirt","12":"first","13":"instock","14":"shipping-taxable","15":"purchasable","16":"product-type-simple"},"acf":[],"_links":{"self":[{"href":"https:\/\/e-adams.pl\/de\/wp-json\/wp\/v2\/product\/23481","targetHints":{"allow":["GET"]}}],"collection":[{"href":"https:\/\/e-adams.pl\/de\/wp-json\/wp\/v2\/product"}],"about":[{"href":"https:\/\/e-adams.pl\/de\/wp-json\/wp\/v2\/types\/product"}],"replies":[{"embeddable":true,"href":"https:\/\/e-adams.pl\/de\/wp-json\/wp\/v2\/comments?post=23481"}],"wp:featuredmedia":[{"embeddable":true,"href":"https:\/\/e-adams.pl\/de\/wp-json\/wp\/v2\/media\/23613"}],"wp:attachment":[{"href":"https:\/\/e-adams.pl\/de\/wp-json\/wp\/v2\/media?parent=23481"}],"wp:term":[{"taxonomy":"product_cat","embeddable":true,"href":"https:\/\/e-adams.pl\/de\/wp-json\/wp\/v2\/product_cat?post=23481"},{"taxonomy":"product_tag","embeddable":true,"href":"https:\/\/e-adams.pl\/de\/wp-json\/wp\/v2\/product_tag?post=23481"}],"curies":[{"name":"wp","href":"https:\/\/api.w.org\/{rel}","templated":true}]}}