{"id":23486,"date":"2023-12-06T10:02:10","date_gmt":"2023-12-06T09:02:10","guid":{"rendered":"https:\/\/e-adams.pl\/produkt\/wiertarka-udarowa-550w-uchw-kluczyk-stalco-s-97145\/"},"modified":"2024-05-23T08:41:32","modified_gmt":"2024-05-23T06:41:32","slug":"wiertarka-udarowa-stalco-550w-uchw-kluczyk","status":"publish","type":"product","link":"https:\/\/e-adams.pl\/de\/produkt\/wiertarka-udarowa-stalco-550w-uchw-kluczyk\/","title":{"rendered":"Wiertarka udarowa STALCO 550W Uchw. kluczyk"},"content":{"rendered":"<h3>OPIS:<\/h3>\n<p>Wiertarka udarowa STALCO 550W posiada wysokiej jako\u015bci uchwyt wiertarski kt\u00f3ry zapewnia bardzo dobre mocowanie osprz\u0119tu zapewniaj\u0105c wi\u0119ksz\u0105 stabilno\u015b\u0107. W urz\u0105dzeniu zastosowano wszystkie \u0142o\u017cyska kulkowe dla zapewnienia wysokiej wytrzyma\u0142o\u015bci. Dodatkowym atutem jest regulowana r\u0119koje\u015b\u0107 boczna.<br \/>\nWyposa\u017cenie standardowe: r\u0119koje\u015b\u0107 boczna, kluczyk do uchwytu wiertarskiego, ogranicznik<\/p>\n<h3>DANE TECHNICZNE:<\/h3>\n<ul>\n<li>Uchwyt wiertarski: kluczykowy<\/li>\n<li>Napi\u0119cie elektryczne [V]: 230<\/li>\n<li>Moc [W]: 550<\/li>\n<li>Liczba udar\u00f3w [obr\/min]: 0-25000<\/li>\n<li>Max moment obrotowy [Nm]: 1,8<\/li>\n<li>Pr\u0119dko\u015b\u0107 obrotowa [obr\/min]: 0-2800<\/li>\n<li>Liczba udar\u00f3w [1\/min]: 25070<\/li>\n<li>Max. \u015arednica wiercenia w betonie [o mm]: 13<\/li>\n<li>Max. \u015arednica wiercenia w drewnie [o mm]: 25<\/li>\n<li>Max. \u015arednica wiercenia w stali [o mm]: 10<\/li>\n<li>Max. \u015arednica uchwytu wiert\u0142a [o mm]: 13<\/li>\n<li>P\u0142ynna regulacja obrot\u00f3w: TAK<\/li>\n<li>Waga [kg]: 1,7<\/li>\n<li>Indeks: S-97145<\/li>\n<li>Kod EAN: 5901466143315<\/li>\n<\/ul>\n","protected":false},"excerpt":{"rendered":"<p>Wiertarka udarowa STALCO 550W posiada wysokiej jako\u015bci uchwyt wiertarski kt\u00f3ry zapewnia bardzo dobre mocowanie osprz\u0119tu zapewniaj\u0105c wi\u0119ksz\u0105 stabilno\u015b\u0107. W urz\u0105dzeniu zastosowano wszystkie \u0142o\u017cyska kulkowe dla zapewnienia wysokiej wytrzyma\u0142o\u015bci. Dodatkowym atutem jest regulowana r\u0119koje\u015b\u0107 boczna.<\/p>\n","protected":false},"featured_media":23599,"comment_status":"open","ping_status":"closed","template":"","meta":{"_acf_changed":false,"inline_featured_image":false},"product_cat":[2895],"product_tag":[1505,2547],"class_list":{"0":"post-23486","1":"product","2":"type-product","3":"status-publish","4":"has-post-thumbnail","6":"product_cat-stalco","7":"product_tag-stalco","8":"product_tag-wiertarka-udarowa","10":"first","11":"outofstock","12":"shipping-taxable","13":"purchasable","14":"product-type-simple"},"acf":[],"_links":{"self":[{"href":"https:\/\/e-adams.pl\/de\/wp-json\/wp\/v2\/product\/23486","targetHints":{"allow":["GET"]}}],"collection":[{"href":"https:\/\/e-adams.pl\/de\/wp-json\/wp\/v2\/product"}],"about":[{"href":"https:\/\/e-adams.pl\/de\/wp-json\/wp\/v2\/types\/product"}],"replies":[{"embeddable":true,"href":"https:\/\/e-adams.pl\/de\/wp-json\/wp\/v2\/comments?post=23486"}],"wp:featuredmedia":[{"embeddable":true,"href":"https:\/\/e-adams.pl\/de\/wp-json\/wp\/v2\/media\/23599"}],"wp:attachment":[{"href":"https:\/\/e-adams.pl\/de\/wp-json\/wp\/v2\/media?parent=23486"}],"wp:term":[{"taxonomy":"product_cat","embeddable":true,"href":"https:\/\/e-adams.pl\/de\/wp-json\/wp\/v2\/product_cat?post=23486"},{"taxonomy":"product_tag","embeddable":true,"href":"https:\/\/e-adams.pl\/de\/wp-json\/wp\/v2\/product_tag?post=23486"}],"curies":[{"name":"wp","href":"https:\/\/api.w.org\/{rel}","templated":true}]}}