{"id":23487,"date":"2023-12-06T10:02:11","date_gmt":"2023-12-06T09:02:11","guid":{"rendered":"https:\/\/e-adams.pl\/produkt\/wiertarka-udarowa-810w-ids16kvs-stalco-premium-s-97217\/"},"modified":"2024-07-15T11:31:21","modified_gmt":"2024-07-15T09:31:21","slug":"wiertarka-udarowa-stalco-premium-810w-ids16kvs","status":"publish","type":"product","link":"https:\/\/e-adams.pl\/de\/produkt\/wiertarka-udarowa-stalco-premium-810w-ids16kvs\/","title":{"rendered":"Wiertarka udarowa STALCO PREMIUM 810W IDS16KVS"},"content":{"rendered":"<h3>OPIS:<\/h3>\n<p>Wiertarka udarowa STALCO PREMIUM 810W IDS16KVS to funkcjonalne narz\u0119dzie niezwykle przydatne podczas prac remontowych i budowlanych. Dedykowane jest do wiercenia w r\u00f3\u017cnych materia\u0142ach budowlanych, a przy pracach z drewnem radzi sobie z wiert\u0142ami o \u015brednicy nawet do 30 mm. Wyposa\u017cona jest w silnik o mocy 810 W, co zapewnia znaczne mo\u017cliwo\u015bci zar\u00f3wno przy wierceniu, jak i monta\u017cu wkr\u0119t\u00f3w.<\/p>\n<p>Uchwyt wiertarski gwarantuje pewne trzymanie akcesori\u00f3w, obs\u0142uguj\u0105c uchwyty o \u015brednicy od 1,5 do 13 mm. Pr\u0119dko\u015b\u0107 obrotowa wynosz\u0105ca 2800 obr\/min umo\u017cliwia szybkie i precyzyjne wykonywanie otwor\u00f3w.<\/p>\n<p>Lekka, a jednocze\u015bnie wytrzyma\u0142a obudowa narz\u0119dzia odpowiada za trwa\u0142o\u015b\u0107 w warunkach placu budowy, co sprawia, \u017ce wiertarka udarowa IDS16KVS STALCO to solidne narz\u0119dzie, gotowe sprosta\u0107 r\u00f3\u017cnorodnym zadaniom podczas prac budowlanych i remontowych.<\/p>\n<h3>DANE TECHNICZNE:<\/h3>\n<ul>\n<li>Moc znamionowa [W] 810<\/li>\n<li>Napi\u0119cie znamionowe [V] 220-230<\/li>\n<li>Cz\u0119stotliwo\u015b\u0107 znamionowa [Hz] 50\/60<\/li>\n<li>Nat\u0119\u017cenie pr\u0105du [A] 3,9<\/li>\n<li>Pr\u0119dko\u015b\u0107 obrotowa bez obci\u0105\u017cenia[obr\/min] 0-2800<\/li>\n<li>Cz\u0119stotliwo\u015b\u0107 udaru [ud\/min] 0-44800<\/li>\n<li>Zakres rozwarcia szcz\u0119k [mm] 1,5-13<\/li>\n<li>Wydajno\u015b\u0107 wiercenia [mm] Beton 16 , Stal 13 , Drewno 30<\/li>\n<li>Waga [kg] 2<\/li>\n<li>3 Klasa ochronno\u015bci II<\/li>\n<li>D\u0142ugo\u015b\u0107 przewodu [m] 2,5<\/li>\n<li>Indeks: S-97217<\/li>\n<li>Kod EAN: 5904012115552<\/li>\n<\/ul>\n","protected":false},"excerpt":{"rendered":"<p>Wiertarka udarowa STALCO PREMIUM 810W IDS16KVS to funkcjonalne narz\u0119dzie niezwykle przydatne podczas prac remontowych i budowlanych. Dedykowane jest do wiercenia w r\u00f3\u017cnych materia\u0142ach budowlanych, a przy pracach z drewnem radzi sobie z wiert\u0142ami o \u015brednicy nawet do 30 mm. Wyposa\u017cona jest w silnik o mocy 810 W, co zapewnia znaczne mo\u017cliwo\u015bci zar\u00f3wno przy wierceniu, jak i monta\u017cu wkr\u0119t\u00f3w.<\/p>\n","protected":false},"featured_media":23597,"comment_status":"open","ping_status":"closed","template":"","meta":{"_acf_changed":false,"inline_featured_image":false},"product_cat":[2895],"product_tag":[2546,1505,2547],"class_list":{"0":"post-23487","1":"product","2":"type-product","3":"status-publish","4":"has-post-thumbnail","6":"product_cat-stalco","7":"product_tag-ids16kvs","8":"product_tag-stalco","9":"product_tag-wiertarka-udarowa","11":"first","12":"instock","13":"shipping-taxable","14":"purchasable","15":"product-type-simple"},"acf":[],"_links":{"self":[{"href":"https:\/\/e-adams.pl\/de\/wp-json\/wp\/v2\/product\/23487","targetHints":{"allow":["GET"]}}],"collection":[{"href":"https:\/\/e-adams.pl\/de\/wp-json\/wp\/v2\/product"}],"about":[{"href":"https:\/\/e-adams.pl\/de\/wp-json\/wp\/v2\/types\/product"}],"replies":[{"embeddable":true,"href":"https:\/\/e-adams.pl\/de\/wp-json\/wp\/v2\/comments?post=23487"}],"wp:featuredmedia":[{"embeddable":true,"href":"https:\/\/e-adams.pl\/de\/wp-json\/wp\/v2\/media\/23597"}],"wp:attachment":[{"href":"https:\/\/e-adams.pl\/de\/wp-json\/wp\/v2\/media?parent=23487"}],"wp:term":[{"taxonomy":"product_cat","embeddable":true,"href":"https:\/\/e-adams.pl\/de\/wp-json\/wp\/v2\/product_cat?post=23487"},{"taxonomy":"product_tag","embeddable":true,"href":"https:\/\/e-adams.pl\/de\/wp-json\/wp\/v2\/product_tag?post=23487"}],"curies":[{"name":"wp","href":"https:\/\/api.w.org\/{rel}","templated":true}]}}