{"id":23488,"date":"2023-12-06T10:02:12","date_gmt":"2023-12-06T09:02:12","guid":{"rendered":"https:\/\/e-adams.pl\/produkt\/wiertarko-wkretarka-udarowa-ids20-75bl-body-stalco-s-97316\/"},"modified":"2024-05-23T08:37:26","modified_gmt":"2024-05-23T06:37:26","slug":"wiertarko-wkretarka-udarowa-stalco-ids20-75bl-body","status":"publish","type":"product","link":"https:\/\/e-adams.pl\/de\/produkt\/wiertarko-wkretarka-udarowa-stalco-ids20-75bl-body\/","title":{"rendered":"Wiertarko-wkr\u0119tarka udarowa STALCO IDS20-75BL BODY"},"content":{"rendered":"<h3>OPIS:<\/h3>\n<p>Wiertarko-wkr\u0119tarka udarowa STALCO IDS20-75BL BODY to niezwykle wszechstronne narz\u0119dzie przeznaczone do r\u00f3\u017cnorodnych prac budowlanych. Dzi\u0119ki temu urz\u0105dzeniu mo\u017cliwe jest wykonywanie otwor\u00f3w w wielu materia\u0142ach, takich jak pod\u0142o\u017ca drewniane o \u015brednicy do 40 mm oraz stal do \u015brednicy 16 mm.<\/p>\n<p>Funkcja wy\u0142\u0105cznika udaru u\u0142atwia wiercenie w betonie, a dodatkowy uchwyt na drug\u0105 r\u0119k\u0119 wspomaga komfort pracy.<\/p>\n<p>G\u0142owica obrotowa jest wyposa\u017cona w szcz\u0119ki na akcesoria r\u00f3\u017cnego typu, co umo\u017cliwia zar\u00f3wno wiercenie, jak i szlifowanie. Dodatkowo, urz\u0105dzenie zosta\u0142o wyposa\u017cone w silnik bezszczotkowy, co nie tylko zwi\u0119ksza efektywno\u015b\u0107, ale tak\u017ce wyd\u0142u\u017ca \u017cywotno\u015b\u0107 narz\u0119dzia.<\/p>\n<p>Wiertarko-Wkr\u0119tarka udarowa Stalco IDS20-75BL to kompleksowe narz\u0119dzie, kt\u00f3re spe\u0142ni oczekiwania podczas r\u00f3\u017cnorodnych zada\u0144 budowlanych, zapewniaj\u0105c precyzj\u0119, wydajno\u015b\u0107 i trwa\u0142o\u015b\u0107.<\/p>\n<h3>DANE TECHNICZNE:<\/h3>\n<ul>\n<li>Napi\u0119cie znamionowe:\u00a020 V<\/li>\n<li>Typ akumulatora:\u00a0Li-Ion S-Volt<\/li>\n<li>Pr\u0119dko\u015b\u0107 obrotowa bez obci\u0105\u017cenia:\u00a01 bieg 0-500, 2 bieg 0-2000 obr\/min<\/li>\n<li>Cz\u0119stotliwo\u015b\u0107 udaru:\u00a01 bieg: 0-7500, 2 bieg: 0-30000 ud\/min<\/li>\n<li>Maks. moment obrotowy mi\u0119kki\/twardy:\u00a050\/75 Nm<\/li>\n<li>Zakres rozwarcia szcz\u0119k uchwytu:\u00a01,5-13 mm<\/li>\n<li>Wydajno\u015b\u0107 wiercenia:\u00a0Beton 13 mm, Stal 16 mm, Drewno 40 mm<\/li>\n<li>Waga:\u00a01,62 kg<\/li>\n<li>Czas \u0142adowania akumulatora:\u00a0ok. 60 min<\/li>\n<li>Indeks: S-97316<\/li>\n<li>Kod EAN: 5904012115477<\/li>\n<\/ul>\n","protected":false},"excerpt":{"rendered":"<p>Wiertarko-wkr\u0119tarka udarowa STALCO IDS20-75BL BODY to niezwykle wszechstronne narz\u0119dzie przeznaczone do r\u00f3\u017cnorodnych prac budowlanych. Dzi\u0119ki temu urz\u0105dzeniu mo\u017cliwe jest wykonywanie otwor\u00f3w w wielu materia\u0142ach, takich jak pod\u0142o\u017ca drewniane o \u015brednicy do 40 mm oraz stal do \u015brednicy 16 mm.<\/p>\n","protected":false},"featured_media":23595,"comment_status":"open","ping_status":"closed","template":"","meta":{"_acf_changed":false,"inline_featured_image":false},"product_cat":[2895],"product_tag":[2544,1505,2545],"class_list":{"0":"post-23488","1":"product","2":"type-product","3":"status-publish","4":"has-post-thumbnail","6":"product_cat-stalco","7":"product_tag-ids20-75bl","8":"product_tag-stalco","9":"product_tag-wiertarko-wkretarka-udarowa","11":"first","12":"outofstock","13":"shipping-taxable","14":"purchasable","15":"product-type-simple"},"acf":[],"_links":{"self":[{"href":"https:\/\/e-adams.pl\/de\/wp-json\/wp\/v2\/product\/23488","targetHints":{"allow":["GET"]}}],"collection":[{"href":"https:\/\/e-adams.pl\/de\/wp-json\/wp\/v2\/product"}],"about":[{"href":"https:\/\/e-adams.pl\/de\/wp-json\/wp\/v2\/types\/product"}],"replies":[{"embeddable":true,"href":"https:\/\/e-adams.pl\/de\/wp-json\/wp\/v2\/comments?post=23488"}],"wp:featuredmedia":[{"embeddable":true,"href":"https:\/\/e-adams.pl\/de\/wp-json\/wp\/v2\/media\/23595"}],"wp:attachment":[{"href":"https:\/\/e-adams.pl\/de\/wp-json\/wp\/v2\/media?parent=23488"}],"wp:term":[{"taxonomy":"product_cat","embeddable":true,"href":"https:\/\/e-adams.pl\/de\/wp-json\/wp\/v2\/product_cat?post=23488"},{"taxonomy":"product_tag","embeddable":true,"href":"https:\/\/e-adams.pl\/de\/wp-json\/wp\/v2\/product_tag?post=23488"}],"curies":[{"name":"wp","href":"https:\/\/api.w.org\/{rel}","templated":true}]}}