{"id":23490,"date":"2023-12-06T10:02:13","date_gmt":"2023-12-06T09:02:13","guid":{"rendered":"https:\/\/e-adams.pl\/produkt\/wiertarko-wkretarka-wieloglowicowa-ds20-60q-body-stalco-s-97318\/"},"modified":"2024-07-15T11:31:21","modified_gmt":"2024-07-15T09:31:21","slug":"wiertarko-wkretarka-wieloglowicowa-stalco-ds20-60q-body","status":"publish","type":"product","link":"https:\/\/e-adams.pl\/de\/produkt\/wiertarko-wkretarka-wieloglowicowa-stalco-ds20-60q-body\/","title":{"rendered":"Wiertarko-wkr\u0119tarka wielog\u0142owicowa STALCO DS20-60Q BODY"},"content":{"rendered":"<h3>OPIS:<\/h3>\n<p>Wiertarko-wkr\u0119tarka wielog\u0142owicowa STALCO DS20-60Q BODY stanowi niezwykle uniwersalne narz\u0119dzie niezb\u0119dne do prowadzenia prac remontowych i budowlanych. Jej charakterystyczn\u0105 cech\u0105 s\u0105 trzy wymienne g\u0142owice, kt\u00f3re umo\u017cliwiaj\u0105 wiercenie oraz ci\u0119cie r\u00f3\u017cnych materia\u0142\u00f3w budowlanych.<\/p>\n<p>To narz\u0119dzie oka\u017ce si\u0119 niezast\u0105pione zar\u00f3wno przy pracach stolarskich, jak i podczas remont\u00f3w czy precyzyjnych monta\u017cy. Dodatkow\u0105 zalet\u0105 jest wbudowana lampka LED, kt\u00f3ra doskonale o\u015bwietla przestrze\u0144 robocz\u0105, u\u0142atwiaj\u0105c prowadzenie prac.<\/p>\n<p>Wiertarko-wkr\u0119tarka dysponuje silnikiem umo\u017cliwiaj\u0105cym osi\u0105gni\u0119cie pr\u0119dko\u015bci obrotowej na poziomie 1400 obrot\u00f3w na minut\u0119. Dodatkowo silnik ten jest odporny na przeci\u0105\u017cenia i charakteryzuje si\u0119 trwa\u0142o\u015bci\u0105, co gwarantuje d\u0142ug\u0105 \u017cywotno\u015b\u0107 narz\u0119dzia.<\/p>\n<p>Urz\u0105dzenie jest kompatybilne z systemem S-Volt, co sprawia, \u017ce \u0142atwo integruje si\u0119 z innymi narz\u0119dziami tego systemu.<\/p>\n<p>To kompleksowe narz\u0119dzie, kt\u00f3re sprawdzi si\u0119 doskonale w r\u00f3\u017cnych warunkach pracy, dostarczaj\u0105c niezb\u0119dnej wszechstronno\u015bci i efektywno\u015bci przy r\u00f3\u017cnorodnych zadaniach remontowo-budowlanych.<\/p>\n<h3>DANE TECHNICZNE:<\/h3>\n<ul>\n<li>Napi\u0119cie znamionowe [V] 20<\/li>\n<li>Typ akumulatora Li-Ion S-Volt<\/li>\n<li>Pr\u0119dko\u015b\u0107 obrotowa bez obci\u0105\u017cenia [obr\/min] 1 bieg 0-400, 2 bieg 0-1500<\/li>\n<li>Maks. moment obrotowy mi\u0119kki\/twardy [Nm] 40\/60<\/li>\n<li>Typ uchwytu narz\u0119dziowego HEX 1\/4\u201d<\/li>\n<li>Zakres rozwarcia szcz\u0119k uchwytu [mm] 1,5-13<\/li>\n<li>Wydajno\u015b\u0107 wiercenia [mm] Stal 13<\/li>\n<li>Drewno 40<\/li>\n<li>Waga [kg] 1,4<\/li>\n<li>Ilo\u015b\u0107 pozycji regulacji sprz\u0119g\u0142a 21<\/li>\n<li>Indeks: S-97318<\/li>\n<li>Kod EAN: 5904012115460<\/li>\n<\/ul>\n","protected":false},"excerpt":{"rendered":"<p>Wiertarko-wkr\u0119tarka wielog\u0142owicowa STALCO DS20-60Q BODY stanowi niezwykle uniwersalne narz\u0119dzie niezb\u0119dne do prowadzenia prac remontowych i budowlanych. Jej charakterystyczn\u0105 cech\u0105 s\u0105 trzy wymienne g\u0142owice, kt\u00f3re umo\u017cliwiaj\u0105 wiercenie oraz ci\u0119cie r\u00f3\u017cnych materia\u0142\u00f3w budowlanych.<\/p>\n","protected":false},"featured_media":23591,"comment_status":"open","ping_status":"closed","template":"","meta":{"_acf_changed":false,"inline_featured_image":false},"product_cat":[2895],"product_tag":[2543,1505,2542,2541],"class_list":{"0":"post-23490","1":"product","2":"type-product","3":"status-publish","4":"has-post-thumbnail","6":"product_cat-stalco","7":"product_tag-ds20-60q","8":"product_tag-stalco","9":"product_tag-wieloglowicowa","10":"product_tag-wiertarko-wkretarka","12":"first","13":"outofstock","14":"shipping-taxable","15":"purchasable","16":"product-type-simple"},"acf":[],"_links":{"self":[{"href":"https:\/\/e-adams.pl\/de\/wp-json\/wp\/v2\/product\/23490","targetHints":{"allow":["GET"]}}],"collection":[{"href":"https:\/\/e-adams.pl\/de\/wp-json\/wp\/v2\/product"}],"about":[{"href":"https:\/\/e-adams.pl\/de\/wp-json\/wp\/v2\/types\/product"}],"replies":[{"embeddable":true,"href":"https:\/\/e-adams.pl\/de\/wp-json\/wp\/v2\/comments?post=23490"}],"wp:featuredmedia":[{"embeddable":true,"href":"https:\/\/e-adams.pl\/de\/wp-json\/wp\/v2\/media\/23591"}],"wp:attachment":[{"href":"https:\/\/e-adams.pl\/de\/wp-json\/wp\/v2\/media?parent=23490"}],"wp:term":[{"taxonomy":"product_cat","embeddable":true,"href":"https:\/\/e-adams.pl\/de\/wp-json\/wp\/v2\/product_cat?post=23490"},{"taxonomy":"product_tag","embeddable":true,"href":"https:\/\/e-adams.pl\/de\/wp-json\/wp\/v2\/product_tag?post=23490"}],"curies":[{"name":"wp","href":"https:\/\/api.w.org\/{rel}","templated":true}]}}