{"id":23491,"date":"2023-12-06T10:02:14","date_gmt":"2023-12-06T09:02:14","guid":{"rendered":"https:\/\/e-adams.pl\/produkt\/wiertnica-diamentowa-do-pracy-na-sucho-i-mokro-ddp202-stalco-perfect-s-98600\/"},"modified":"2024-05-23T08:29:28","modified_gmt":"2024-05-23T06:29:28","slug":"wiertnica-diamentowa-na-sucho-i-mokro-stalco-perfect-ddp202","status":"publish","type":"product","link":"https:\/\/e-adams.pl\/de\/produkt\/wiertnica-diamentowa-na-sucho-i-mokro-stalco-perfect-ddp202\/","title":{"rendered":"Wiertnica diamentowa na sucho i mokro STALCO PERFECT DDP202"},"content":{"rendered":"<h3>OPIS:<\/h3>\n<p>Wiertnica diamentowa na sucho i mokro STALCO PERFECT DDP202 oka\u017ce si\u0119 niezb\u0119dna w\u00a0 przypadku specjalistycznych prac budowlanych i remontowych, kt\u00f3re wymagaj\u0105 przewiert\u00f3w o du\u017cych \u015brednicach. To profesjonalne narz\u0119dzie budowlane, charakteryzuj\u0105ce si\u0119 imponuj\u0105c\u0105 moc\u0105 2200 W i osi\u0105gaj\u0105c\u0105 maksymaln\u0105 pr\u0119dko\u015b\u0107 obrotow\u0105 na poziomie 2600 obr\/min.<\/p>\n<p>Dzi\u0119ki tym parametrom, narz\u0119dzie umo\u017cliwia efektywn\u0105 prac\u0119 z otwornicami diamentowymi o \u015brednicy nawet do 202 mm.<\/p>\n<p>Wiertnica Diamentowa DDP202 wyposa\u017cona zosta\u0142a w wrzeciono z podw\u00f3jnym gwintem (1-1\/4 cala oraz 1\/2 cala), co zapewnia pewne i bezpieczne mocowanie otwornic diamentowych lub innych akcesori\u00f3w o r\u00f3\u017cnych typach uchwyt\u00f3w. Bezpiecze\u0144stwo pracy zabezpiecza wy\u0142\u0105cznik przeciwpora\u017ceniowy oraz system elektronicznej stabilizacji.<\/p>\n<p>Dodatkow\u0105 zalet\u0105 narz\u0119dzia jest mo\u017cliwo\u015b\u0107 pracy zar\u00f3wno na mokro, jak i na sucho, a tak\u017ce zawarte przy\u0142\u0105cze do odkurzacza, co przyczynia si\u0119 do utrzymania czysto\u015bci w miejscu pracy. Wiertnica Diamentowa DDP202 to kompleksowe narz\u0119dzie, spe\u0142niaj\u0105ce wymagania profesjonalist\u00f3w wykonuj\u0105cych zaawansowane prace budowlane i remontowe.<\/p>\n<h3>DANE TECHNICZNE:<\/h3>\n<ul>\n<li>Moc znamionowa 2200 W<\/li>\n<li>Napi\u0119cie znamionowe 220-230 V<\/li>\n<li>Cz\u0119stotliwo\u015b\u0107 znamionowa 50\/60 Hz<\/li>\n<li>Nat\u0119\u017cenie pr\u0105du 10 A<\/li>\n<li>Maks. \u015brednica wiercenia (przeno\u015bna) 162 mm<\/li>\n<li>Maks. \u015brednica wiercenia z u\u017cyciem statywu 202 mm<\/li>\n<li>Pr\u0119dko\u015b\u0107 obrotowa bez obci\u0105\u017cenia na biegach 1\/2\/3 650\/1300\/2600 obr\/min<\/li>\n<li>Rozmiar gwintu wrzeciona 1-1\/4\u201dUNC &amp; G1\/2\u201d<\/li>\n<li>\u015arednica wiercenia (przeno\u015bna) na biegach 1\/2\/3 162\/82\/42<\/li>\n<li>\u015arednica wiercenia u\u017cywaj\u0105c statywu na biegu 1\/2\/3 202\/102\/62<\/li>\n<li>Kompatybilny statyw DRP202<\/li>\n<li>Stopie\u0144 ochrony IP32<\/li>\n<li>Klasa ochronno\u015bci I<\/li>\n<li>Waga ok. 7,8 kg<\/li>\n<li>D\u0142ugo\u015b\u0107 przewodu zasilaj\u0105cego 3 m<\/li>\n<li>Indeks: S-98600<\/li>\n<li>Kod EAN: 5904012117716<\/li>\n<\/ul>\n","protected":false},"excerpt":{"rendered":"<p>Wiertnica diamentowa na sucho i mokro STALCO PERFECT DDP202 oka\u017ce si\u0119 niezb\u0119dna w\u00a0 przypadku specjalistycznych prac budowlanych i remontowych, kt\u00f3re wymagaj\u0105 przewiert\u00f3w o du\u017cych \u015brednicach. To profesjonalne narz\u0119dzie budowlane, charakteryzuj\u0105ce si\u0119 imponuj\u0105c\u0105 moc\u0105 2200 W i osi\u0105gaj\u0105c\u0105 maksymaln\u0105 pr\u0119dko\u015b\u0107 obrotow\u0105 na poziomie 2600 obr\/min.<\/p>\n","protected":false},"featured_media":23589,"comment_status":"open","ping_status":"closed","template":"","meta":{"_acf_changed":false,"inline_featured_image":false},"product_cat":[2895],"product_tag":[2539,1505,2540],"class_list":{"0":"post-23491","1":"product","2":"type-product","3":"status-publish","4":"has-post-thumbnail","6":"product_cat-stalco","7":"product_tag-ddp202","8":"product_tag-stalco","9":"product_tag-wiertnica-diamentowa","11":"first","12":"outofstock","13":"shipping-taxable","14":"purchasable","15":"product-type-simple"},"acf":[],"_links":{"self":[{"href":"https:\/\/e-adams.pl\/de\/wp-json\/wp\/v2\/product\/23491","targetHints":{"allow":["GET"]}}],"collection":[{"href":"https:\/\/e-adams.pl\/de\/wp-json\/wp\/v2\/product"}],"about":[{"href":"https:\/\/e-adams.pl\/de\/wp-json\/wp\/v2\/types\/product"}],"replies":[{"embeddable":true,"href":"https:\/\/e-adams.pl\/de\/wp-json\/wp\/v2\/comments?post=23491"}],"wp:featuredmedia":[{"embeddable":true,"href":"https:\/\/e-adams.pl\/de\/wp-json\/wp\/v2\/media\/23589"}],"wp:attachment":[{"href":"https:\/\/e-adams.pl\/de\/wp-json\/wp\/v2\/media?parent=23491"}],"wp:term":[{"taxonomy":"product_cat","embeddable":true,"href":"https:\/\/e-adams.pl\/de\/wp-json\/wp\/v2\/product_cat?post=23491"},{"taxonomy":"product_tag","embeddable":true,"href":"https:\/\/e-adams.pl\/de\/wp-json\/wp\/v2\/product_tag?post=23491"}],"curies":[{"name":"wp","href":"https:\/\/api.w.org\/{rel}","templated":true}]}}