{"id":23493,"date":"2023-12-06T10:02:15","date_gmt":"2023-12-06T09:02:15","guid":{"rendered":"https:\/\/e-adams.pl\/produkt\/wkretarka-sieciowa-570w-6000obr-min-stalco-s-97150\/"},"modified":"2024-05-23T08:29:16","modified_gmt":"2024-05-23T06:29:16","slug":"wkretarka-sieciowa-stalco-570w-6000obr-min","status":"publish","type":"product","link":"https:\/\/e-adams.pl\/de\/produkt\/wkretarka-sieciowa-stalco-570w-6000obr-min\/","title":{"rendered":"Wkr\u0119tarka sieciowa STALCO 570W 6000obr\/min"},"content":{"rendered":"<h3>OPIS:<\/h3>\n<p>Wkr\u0119tarka sieciowa STALCO 570W 6000obr\/min wykorzystuje ciche i zsynchronizowane sprz\u0119g\u0142o sworzniowe dla zmniejszenia zu\u017cycia i cichej pracy. Dodatkowo posiada wysuwany zacisk z klipsem do mocowania do pasa narz\u0119dziowego, a dodatkowym udogodnieniem jest regulowana g\u0142\u0119boko\u015b\u0107 osadzenia bita.<br \/>\nWyposa\u017cenie standardowe: bit Ph2x25mm, uchwyt magnetyczny\u00a0HEX 1\/4&#8243;<\/p>\n<h3>DANE TECHNICZNE:<\/h3>\n<ul>\n<li>Napi\u0119cie elektryczne [V]: 230<\/li>\n<li>Moc [W]: 570<\/li>\n<li>Pr\u0119dko\u015b\u0107 obrotowa [obr\/min]: 0-6000<\/li>\n<li>P\u0142ynna regulacja obrot\u00f3w: TAK<\/li>\n<li>Waga [kg]: 1,4<\/li>\n<li>Indeks: S-97150<\/li>\n<li>Kod EAN: 5901466143322<\/li>\n<\/ul>\n","protected":false},"excerpt":{"rendered":"<p>Wkr\u0119tarka sieciowa STALCO 570W 6000obr\/min wykorzystuje ciche i zsynchronizowane sprz\u0119g\u0142o sworzniowe dla zmniejszenia zu\u017cycia i cichej pracy. Dodatkowo posiada wysuwany zacisk z klipsem do mocowania do pasa narz\u0119dziowego, a dodatkowym udogodnieniem jest regulowana g\u0142\u0119boko\u015b\u0107 osadzenia bita.<\/p>\n","protected":false},"featured_media":23585,"comment_status":"open","ping_status":"closed","template":"","meta":{"_acf_changed":false,"inline_featured_image":false},"product_cat":[2895],"product_tag":[1505,2536],"class_list":{"0":"post-23493","1":"product","2":"type-product","3":"status-publish","4":"has-post-thumbnail","6":"product_cat-stalco","7":"product_tag-stalco","8":"product_tag-wkretarka-sieciowa","10":"first","11":"instock","12":"shipping-taxable","13":"purchasable","14":"product-type-simple"},"acf":[],"_links":{"self":[{"href":"https:\/\/e-adams.pl\/de\/wp-json\/wp\/v2\/product\/23493","targetHints":{"allow":["GET"]}}],"collection":[{"href":"https:\/\/e-adams.pl\/de\/wp-json\/wp\/v2\/product"}],"about":[{"href":"https:\/\/e-adams.pl\/de\/wp-json\/wp\/v2\/types\/product"}],"replies":[{"embeddable":true,"href":"https:\/\/e-adams.pl\/de\/wp-json\/wp\/v2\/comments?post=23493"}],"wp:featuredmedia":[{"embeddable":true,"href":"https:\/\/e-adams.pl\/de\/wp-json\/wp\/v2\/media\/23585"}],"wp:attachment":[{"href":"https:\/\/e-adams.pl\/de\/wp-json\/wp\/v2\/media?parent=23493"}],"wp:term":[{"taxonomy":"product_cat","embeddable":true,"href":"https:\/\/e-adams.pl\/de\/wp-json\/wp\/v2\/product_cat?post=23493"},{"taxonomy":"product_tag","embeddable":true,"href":"https:\/\/e-adams.pl\/de\/wp-json\/wp\/v2\/product_tag?post=23493"}],"curies":[{"name":"wp","href":"https:\/\/api.w.org\/{rel}","templated":true}]}}