{"id":23494,"date":"2023-12-06T10:02:16","date_gmt":"2023-12-06T09:02:16","guid":{"rendered":"https:\/\/e-adams.pl\/produkt\/wyrzynarka-550w-jss65vs-stalco-s-97230\/"},"modified":"2024-05-23T08:29:07","modified_gmt":"2024-05-23T06:29:07","slug":"wyrzynarka-550w-jss65vs-stalco-s-97230","status":"publish","type":"product","link":"https:\/\/e-adams.pl\/de\/produkt\/wyrzynarka-550w-jss65vs-stalco-s-97230\/","title":{"rendered":"Wyrzynarka STALCO 550W JSS65VS"},"content":{"rendered":"<h3>OPIS:<\/h3>\n<p>Wyrzynarka STALCO JSS65VS to cenione narz\u0119dzie przeznaczone do precyzyjnego ci\u0119cia linii krzywych w r\u00f3\u017cnych materia\u0142ach. W zale\u017cno\u015bci od rodzaju brzeszczotu, mo\u017ce by\u0107 u\u017cywana zar\u00f3wno do zgrubnego, jak i precyzyjnego ci\u0119cia drewna i p\u0142yt drewnopochodnych o grubo\u015bci do 65 mm, a tak\u017ce blachy, tworzywa sztucznego i innych materia\u0142\u00f3w budowlanych.<br \/>\nNarz\u0119dzie wyposa\u017cono w silnik o mocy 550 W, kt\u00f3ry potrafi porusza\u0107 brzeszczotem nawet do 3000 razy na minut\u0119. Pr\u0119dko\u015b\u0107 skoku mo\u017cna \u0142atwo regulowa\u0107 za pomoc\u0105 prze\u0142\u0105cznika, umo\u017cliwiaj\u0105c wyb\u00f3r jednego z czterech tryb\u00f3w suwu wahad\u0142owego.<\/p>\n<p>Dodatkowo, konstrukcj\u0119 wzbogacaj\u0105 praktyczne rozwi\u0105zania, takie jak gniazdo adaptera, kt\u00f3re pozwala na podpi\u0119cie odkurzacza.<br \/>\nWyrzynarka JSS65VS sprawdza si\u0119 doskonale w warsztatach stolarskich, rzemie\u015blniczych oraz przy wielu pracach budowlanych. Jej imponuj\u0105ce parametry techniczne, w po\u0142\u0105czeniu z niewielk\u0105 wag\u0105, czyni\u0105 j\u0105 idealnym narz\u0119dziem nawet do prac budowlanych na wysoko\u015bci.<\/p>\n<p>To narz\u0119dzie, kt\u00f3re nie tylko oferuje wszechstronno\u015b\u0107 zastosowa\u0144, ale tak\u017ce \u0142\u0105czy wydajno\u015b\u0107 z praktycznymi rozwi\u0105zaniami, zaspokajaj\u0105c potrzeby zar\u00f3wno profesjonalist\u00f3w, jak i majsterkowicz\u00f3w.<\/p>\n<h3>DANE TECHNICZNE:<\/h3>\n<ul>\n<li>Moc znamionowa [W] 550<\/li>\n<li>Napi\u0119cie znamionowe [V] 220-230<\/li>\n<li>Cz\u0119stotliwo\u015b\u0107 znamionowa [Hz] 50\/60<\/li>\n<li>Nat\u0119\u017cenie pr\u0105du [A] 2,4<\/li>\n<li>Cz\u0119stotliwo\u015b\u0107 skokow na bieguja\u0142owym [min-1] 700-3000<\/li>\n<li>Skok roboczy brzeszczotu [mm] 18<\/li>\n<li>Maksymalny k\u0105t pochylenia korpusu (lewo\/prawo) 45\/45\u00b0<\/li>\n<li>Maksymalna g\u0142\u0119boko\u015b\u0107 ci\u0119cia[mm]<\/li>\n<li>Drewno 65Alu 10Stal 6<\/li>\n<li>Waga [kg] 2<\/li>\n<li>Klasa ochronno\u015bci II<\/li>\n<li>D\u0142ugo\u015b\u0107 przewodu [m] 2<\/li>\n<li>Indeks: S-97230<\/li>\n<li>Kod EAN: 5904012115576<\/li>\n<\/ul>\n","protected":false},"excerpt":{"rendered":"<p>Wyrzynarka STALCO JSS65VS to cenione narz\u0119dzie przeznaczone do precyzyjnego ci\u0119cia linii krzywych w r\u00f3\u017cnych materia\u0142ach. W zale\u017cno\u015bci od rodzaju brzeszczotu, mo\u017ce by\u0107 u\u017cywana zar\u00f3wno do zgrubnego, jak i precyzyjnego ci\u0119cia drewna i p\u0142yt drewnopochodnych o grubo\u015bci do 65 mm, a tak\u017ce blachy, tworzywa sztucznego i innych materia\u0142\u00f3w budowlanych.<\/p>\n","protected":false},"featured_media":23583,"comment_status":"open","ping_status":"closed","template":"","meta":{"_acf_changed":false,"inline_featured_image":false},"product_cat":[2895],"product_tag":[2535,1505,2531],"class_list":{"0":"post-23494","1":"product","2":"type-product","3":"status-publish","4":"has-post-thumbnail","6":"product_cat-stalco","7":"product_tag-jss65vs","8":"product_tag-stalco","9":"product_tag-wyrzynarka","11":"first","12":"outofstock","13":"shipping-taxable","14":"purchasable","15":"product-type-simple"},"acf":[],"_links":{"self":[{"href":"https:\/\/e-adams.pl\/de\/wp-json\/wp\/v2\/product\/23494","targetHints":{"allow":["GET"]}}],"collection":[{"href":"https:\/\/e-adams.pl\/de\/wp-json\/wp\/v2\/product"}],"about":[{"href":"https:\/\/e-adams.pl\/de\/wp-json\/wp\/v2\/types\/product"}],"replies":[{"embeddable":true,"href":"https:\/\/e-adams.pl\/de\/wp-json\/wp\/v2\/comments?post=23494"}],"wp:featuredmedia":[{"embeddable":true,"href":"https:\/\/e-adams.pl\/de\/wp-json\/wp\/v2\/media\/23583"}],"wp:attachment":[{"href":"https:\/\/e-adams.pl\/de\/wp-json\/wp\/v2\/media?parent=23494"}],"wp:term":[{"taxonomy":"product_cat","embeddable":true,"href":"https:\/\/e-adams.pl\/de\/wp-json\/wp\/v2\/product_cat?post=23494"},{"taxonomy":"product_tag","embeddable":true,"href":"https:\/\/e-adams.pl\/de\/wp-json\/wp\/v2\/product_tag?post=23494"}],"curies":[{"name":"wp","href":"https:\/\/api.w.org\/{rel}","templated":true}]}}