{"id":23495,"date":"2023-12-06T10:02:17","date_gmt":"2023-12-06T09:02:17","guid":{"rendered":"https:\/\/e-adams.pl\/produkt\/wyrzynarka-710w-jss85vs-stalco-premium-s-97232\/"},"modified":"2024-05-23T08:28:58","modified_gmt":"2024-05-23T06:28:58","slug":"wyrzynarka-stalco-premium-710w-jss85vs","status":"publish","type":"product","link":"https:\/\/e-adams.pl\/de\/produkt\/wyrzynarka-stalco-premium-710w-jss85vs\/","title":{"rendered":"Wyrzynarka STALCO PREMIUM 710W JSS85VS"},"content":{"rendered":"<h3>OPIS:<\/h3>\n<p>Wyrzynarka STALCO PREMIUM JSS85VS to funkcjonalne narz\u0119dzie dedykowane do precyzyjnego ci\u0119cia r\u00f3\u017cnorodnych materia\u0142\u00f3w, umo\u017cliwiaj\u0105ce prowadzenie brzeszczotu po linii krzywej. Cho\u0107 szczeg\u00f3lnie przydatna w pracach budowlanych i stolarskich, to uniwersalne narz\u0119dzie pozwala tak\u017ce na wykonywanie r\u00f3\u017cnorodnych zada\u0144.<br \/>\nWyposa\u017cona w uchwyt typu T, wyrzynarka JSS85VS zapewnia \u0142atw\u0105 i szybk\u0105 wymian\u0119 akcesori\u00f3w tn\u0105cych. Narz\u0119dzie potrafi ci\u0105\u0107 drewno o grubo\u015bci nawet 85 mm, aluminium o grubo\u015bci 20 mm, czy blachy stalowe do 10 mm, przy skoku roboczym brzeszczotu wynosz\u0105cym 26 mm.<\/p>\n<p>Dodatkowo, wyrzynarka umo\u017cliwia ci\u0119cie materia\u0142\u00f3w pod k\u0105tem dzi\u0119ki regulacji k\u0105ta nachylenia stopki. Aby utrzyma\u0107 czysto\u015b\u0107 w miejscu pracy, zastosowano praktyczny uchwyt z adapterem na odkurzacz.<br \/>\nTo narz\u0119dzie, kt\u00f3re nie tylko oferuje szeroki zakres zastosowa\u0144, ale tak\u017ce zapewnia \u0142atwo\u015b\u0107 obs\u0142ugi i precyzj\u0119 ci\u0119cia, co sprawia, \u017ce stanowi niezast\u0105pione wsparcie zar\u00f3wno dla profesjonalist\u00f3w, jak i majsterkowicz\u00f3w.<\/p>\n<h3>DANE TECHNICZNE:<\/h3>\n<p>\u2022 Moc znamionowa [W ] 770<br \/>\n\u2022 Napi\u0119cie znamionowe [V] 220-230<br \/>\n\u2022 Cz\u0119stotliwo\u015b\u0107 znamionowa [Hz] 50\/60<br \/>\n\u2022 Nat\u0119\u017cenie pr\u0105du [A] 3,7<br \/>\n\u2022 Cz\u0119stotliwo\u015b\u0107 skok\u00f3w na biegu ja\u0142owym [min\u00b71] 700-3000<br \/>\n\u2022 Skok roboczy brzeszczotu [mm] 26<br \/>\n\u2022 Maksymalny k\u0105t pochylenia korpusu (lewo:prawo) 45\/45\u00b0<br \/>\n\u2022 Maksymalna G\u0142\u0119boko\u015b\u0107 ci\u0119cia [mm] : Drewno 85, Alu 20, Stal 70,<br \/>\n\u2022 Waga [kg] 2,9<br \/>\n\u2022 Klasa ochronno\u015bci<br \/>\n\u2022 D\u0142ugo\u015b\u0107 przewodu [m] 2,5<br \/>\n\u2022 Index: S-97232<br \/>\n\u2022 Kod EAN: 5904012115583<\/p>\n","protected":false},"excerpt":{"rendered":"<p>Wyrzynarka STALCO PREMIUM JSS85VS to funkcjonalne narz\u0119dzie dedykowane do precyzyjnego ci\u0119cia r\u00f3\u017cnorodnych materia\u0142\u00f3w, umo\u017cliwiaj\u0105ce prowadzenie brzeszczotu po linii krzywej. Cho\u0107 szczeg\u00f3lnie przydatna w pracach budowlanych i stolarskich, to uniwersalne narz\u0119dzie pozwala tak\u017ce na wykonywanie r\u00f3\u017cnorodnych zada\u0144.<\/p>\n","protected":false},"featured_media":23579,"comment_status":"open","ping_status":"closed","template":"","meta":{"_acf_changed":false,"inline_featured_image":false},"product_cat":[2895],"product_tag":[2534,2322,1505,2531],"class_list":{"0":"post-23495","1":"product","2":"type-product","3":"status-publish","4":"has-post-thumbnail","6":"product_cat-stalco","7":"product_tag-jss85vs","8":"product_tag-premium","9":"product_tag-stalco","10":"product_tag-wyrzynarka","12":"first","13":"instock","14":"shipping-taxable","15":"purchasable","16":"product-type-simple"},"acf":[],"_links":{"self":[{"href":"https:\/\/e-adams.pl\/de\/wp-json\/wp\/v2\/product\/23495","targetHints":{"allow":["GET"]}}],"collection":[{"href":"https:\/\/e-adams.pl\/de\/wp-json\/wp\/v2\/product"}],"about":[{"href":"https:\/\/e-adams.pl\/de\/wp-json\/wp\/v2\/types\/product"}],"replies":[{"embeddable":true,"href":"https:\/\/e-adams.pl\/de\/wp-json\/wp\/v2\/comments?post=23495"}],"wp:featuredmedia":[{"embeddable":true,"href":"https:\/\/e-adams.pl\/de\/wp-json\/wp\/v2\/media\/23579"}],"wp:attachment":[{"href":"https:\/\/e-adams.pl\/de\/wp-json\/wp\/v2\/media?parent=23495"}],"wp:term":[{"taxonomy":"product_cat","embeddable":true,"href":"https:\/\/e-adams.pl\/de\/wp-json\/wp\/v2\/product_cat?post=23495"},{"taxonomy":"product_tag","embeddable":true,"href":"https:\/\/e-adams.pl\/de\/wp-json\/wp\/v2\/product_tag?post=23495"}],"curies":[{"name":"wp","href":"https:\/\/api.w.org\/{rel}","templated":true}]}}