{"id":23496,"date":"2023-12-06T10:02:18","date_gmt":"2023-12-06T09:02:18","guid":{"rendered":"https:\/\/e-adams.pl\/produkt\/wyrzynarka-jss20-85blvs-body-stalco-s-97331\/"},"modified":"2025-06-23T12:53:07","modified_gmt":"2025-06-23T10:53:07","slug":"wyrzynarka-jss20-85blvs-body-stalco-s-97331","status":"publish","type":"product","link":"https:\/\/e-adams.pl\/de\/produkt\/wyrzynarka-jss20-85blvs-body-stalco-s-97331\/","title":{"rendered":"Wyrzynarka STALCO JSS20-85BLVS BODY"},"content":{"rendered":"<h3>OPIS:<\/h3>\n<p>Wyrzynarka STALCO JSS20-85BLVS BODY to doskona\u0142e narz\u0119dzie, kt\u00f3re z pewno\u015bci\u0105 u\u0142atwi prowadzenie prac stolarskich i warsztatowych. Urz\u0105dzenie zosta\u0142o zaprojektowane z my\u015bl\u0105 o ci\u0119ciu r\u00f3\u017cnorodnych materia\u0142\u00f3w, takich jak drewno, aluminium i inne, umo\u017cliwiaj\u0105c precyzyjne ci\u0119cie po linii krzywej.<\/p>\n<p>Dzi\u0119ki wygodnemu uchwytowi i podk\u0142adce pod stop\u0119, korzystanie z wyrzynarki jest nie tylko skuteczne, ale tak\u017ce bezpieczne. Brzeszczot pracuje na najwy\u017cszym biegu z imponuj\u0105c\u0105 pr\u0119dko\u015bci\u0105 do 3000 skok\u00f3w na minut\u0119, a skok o wysoko\u015bci 26 mm pozwala na efektywne przecinanie materia\u0142\u00f3w.<\/p>\n<p>Wyrzynarka wyr\u00f3\u017cnia si\u0119 nie tylko wydajno\u015bci\u0105, ale tak\u017ce lekko\u015bci\u0105 konstrukcji. Prze\u0142\u0105czniki pr\u0119dko\u015bci i posuwu znajduj\u0105 si\u0119 w dogodnym miejscu w pobli\u017cu uchwytu, co umo\u017cliwia \u0142atw\u0105 obs\u0142ug\u0119. Dodatkowo, zminimalizowano drgania urz\u0105dzenia dzi\u0119ki zastosowaniu przeciwwagi, co przek\u0142ada si\u0119 na komfort pracy. System powolnego startu eliminuje szarpni\u0119cia przy rozruchu, co dodatkowo zwi\u0119ksza precyzj\u0119 ci\u0119cia.<\/p>\n<p>Niezwykle praktycznym rozwi\u0105zaniem jest umieszczenie akumulatora w tylnej cz\u0119\u015bci narz\u0119dzia. Dzi\u0119ki temu mo\u017cliwa jest praca nawet z dala od \u017ar\u00f3de\u0142 pr\u0105du i w trudnych warunkach. To narz\u0119dzie, kt\u00f3re nie tylko spe\u0142nia oczekiwania pod wzgl\u0119dem wydajno\u015bci, ale tak\u017ce dostarcza u\u017cytkownikowi wygod\u0119 i bezpiecze\u0144stwo podczas ka\u017cdej pracy.<\/p>\n<h3>DANE TECHNICZNE:<\/h3>\n<p>\u2022 Napi\u0119cie znamionowe [V] 20<br \/>\n\u2022 Typ akumulatora Li-Ion S-Volt<br \/>\n\u2022 Cz\u0119stotliwo\u015b\u0107 skok\u00f3w na biegu ja\u0142owym [min-1] 700-3000<br \/>\n\u2022 Skok roboczy brzeszczotu [mm] 26<br \/>\n\u2022 Suw wahad\u0142owy Tak<br \/>\n\u2022 Waga [kg] 2,2<br \/>\n\u2022 Indeks: S-97331<br \/>\n\u2022 Kod EAN: 5904012115415<\/p>\n<p>Maksymalna G\u0142\u0119boko\u015b\u0107 ci\u0119cia [mm]<br \/>\n&#8211; Drewno &#8211; 85 mm<br \/>\n&#8211; Aluminium &#8211; 20 mm<br \/>\n&#8211; Stal &#8211; 10 mm<\/p>\n","protected":false},"excerpt":{"rendered":"<p>Wyrzynarka STALCO JSS20-85BLVS BODY to doskona\u0142e narz\u0119dzie, kt\u00f3re z pewno\u015bci\u0105 u\u0142atwi prowadzenie prac stolarskich i warsztatowych. Urz\u0105dzenie zosta\u0142o zaprojektowane z my\u015bl\u0105 o ci\u0119ciu r\u00f3\u017cnorodnych materia\u0142\u00f3w, takich jak drewno, aluminium i inne, umo\u017cliwiaj\u0105c precyzyjne ci\u0119cie po linii krzywej.<\/p>\n","protected":false},"featured_media":23570,"comment_status":"open","ping_status":"closed","template":"","meta":{"_acf_changed":false,"inline_featured_image":false},"product_cat":[2895],"product_tag":[2532,1505,2531],"class_list":{"0":"post-23496","1":"product","2":"type-product","3":"status-publish","4":"has-post-thumbnail","6":"product_cat-stalco","7":"product_tag-jss20-85blvs","8":"product_tag-stalco","9":"product_tag-wyrzynarka","11":"first","12":"outofstock","13":"shipping-taxable","14":"product-type-simple"},"acf":[],"_links":{"self":[{"href":"https:\/\/e-adams.pl\/de\/wp-json\/wp\/v2\/product\/23496","targetHints":{"allow":["GET"]}}],"collection":[{"href":"https:\/\/e-adams.pl\/de\/wp-json\/wp\/v2\/product"}],"about":[{"href":"https:\/\/e-adams.pl\/de\/wp-json\/wp\/v2\/types\/product"}],"replies":[{"embeddable":true,"href":"https:\/\/e-adams.pl\/de\/wp-json\/wp\/v2\/comments?post=23496"}],"wp:featuredmedia":[{"embeddable":true,"href":"https:\/\/e-adams.pl\/de\/wp-json\/wp\/v2\/media\/23570"}],"wp:attachment":[{"href":"https:\/\/e-adams.pl\/de\/wp-json\/wp\/v2\/media?parent=23496"}],"wp:term":[{"taxonomy":"product_cat","embeddable":true,"href":"https:\/\/e-adams.pl\/de\/wp-json\/wp\/v2\/product_cat?post=23496"},{"taxonomy":"product_tag","embeddable":true,"href":"https:\/\/e-adams.pl\/de\/wp-json\/wp\/v2\/product_tag?post=23496"}],"curies":[{"name":"wp","href":"https:\/\/api.w.org\/{rel}","templated":true}]}}