{"id":23497,"date":"2023-12-06T10:02:19","date_gmt":"2023-12-06T09:02:19","guid":{"rendered":"https:\/\/e-adams.pl\/produkt\/zakretarka-udarowa-iss20-300bl-body-stalco-s-97341\/"},"modified":"2024-07-15T11:31:21","modified_gmt":"2024-07-15T09:31:21","slug":"zakretarka-udarowa-stalco-iss20-300bl-body","status":"publish","type":"product","link":"https:\/\/e-adams.pl\/de\/produkt\/zakretarka-udarowa-stalco-iss20-300bl-body\/","title":{"rendered":"Zakr\u0119tarka udarowa STALCO ISS20-300BL BODY"},"content":{"rendered":"<h3>OPIS:<\/h3>\n<p>Zakr\u0119tarka udarowa STALCO ISS20-300BL to niezawodne narz\u0119dzie, idealne do wykonywania precyzyjnych prac monterskich. Jest nieoceniona przy obs\u0142udze po\u0142\u0105cze\u0144 \u015brubowych oraz wierceniu. Silnik charakteryzuje si\u0119 wysokim momentem obrotowym, a jego czterostopniowa regulacja umo\u017cliwia dostosowanie do r\u00f3\u017cnych rodzaj\u00f3w prac.<br \/>\nNarz\u0119dzie wyposa\u017cono w \u0107wier\u0107calowy uchwyt narz\u0119dziowy typu HEX, umo\u017cliwiaj\u0105cy obs\u0142ug\u0119 g\u0142owic roboczych, nasadek farmerskich i innych akcesori\u00f3w. To szczeg\u00f3lnie przydatne przy precyzyjnych pracach warsztatowych czy robotach dekarskich. Przy pracy na wysoko\u015bci zyskujesz dodatkowo por\u0119czny uchwyt i lekk\u0105 konstrukcj\u0119 narz\u0119dzia.<\/p>\n<p>Zasilane akumulatorem litowo-jonowym, narz\u0119dzie zachwyca d\u0142ugim czasem pracy dzi\u0119ki bezszczotkowej konstrukcji silnika. Najwa\u017cniejsze cechy tego narz\u0119dzia obejmuj\u0105 imponuj\u0105ce parametry robocze &#8211; zakr\u0119tarka osi\u0105ga pr\u0119dko\u015b\u0107 do 2100 obrot\u00f3w na minut\u0119 i cz\u0119stotliwo\u015b\u0107 udaru do 3200 uderze\u0144, co w po\u0142\u0105czeniu z momentem obrotowym na poziomie 300 NM gwarantuje bardzo wydajn\u0105 prac\u0119.<br \/>\nUniwersalne zastosowanie narz\u0119dzia, umo\u017cliwiaj\u0105ce monta\u017c r\u00f3\u017cnorodnych akcesori\u00f3w, sprawia, \u017ce nadaje si\u0119 do r\u00f3\u017cnych prac budowlanych, w\u0142\u0105czaj\u0105c w to wiercenie i osadzanie blachowkr\u0119t\u00f3w.<\/p>\n<p>Dodatkowe o\u015bwietlenie to kolejna zalet\u0105 tego narz\u0119dzia, wyposa\u017conego w trzy diody, kt\u00f3re o\u015bwietlaj\u0105 miejsce pracy, u\u0142atwiaj\u0105c prac\u0119 w trudno dost\u0119pnych przestrzeniach. Nowoczesny uk\u0142ad zabezpieczaj\u0105cy zapewnia ochron\u0119 przed przegrzaniem, automatycznie wy\u0142\u0105czaj\u0105c narz\u0119dzie w przypadku osi\u0105gni\u0119cia krytycznej temperatury, co przyczynia si\u0119 do przed\u0142u\u017cenia \u017cywotno\u015bci silnika.<br \/>\nTo narz\u0119dzie, kt\u00f3re nie tylko oferuje imponuj\u0105ce parametry, ale tak\u017ce zapewnia u\u017cytkownikowi wygod\u0119, bezpiecze\u0144stwo i wszechstronno\u015b\u0107 w r\u00f3\u017cnych warunkach pracy.<\/p>\n<h3>DANE TECHNICZNE:<\/h3>\n<p>\u2022 Napi\u0119cie znamionowe [V] 20<br \/>\n\u2022 Typ akumulatora Li-Ion S-Volt<br \/>\n\u2022 Pr\u0119dko\u015b\u0107 obrotowa<br \/>\n\u2022 bez obci\u0105\u017cenia [obr\/min] 0-2100<br \/>\n\u2022 Cz\u0119stotliwo\u015b\u0107 udaru [ud\/min-1] 0-3200<br \/>\n\u2022 Maks. moment obrotowy [Nm] 300<br \/>\n\u2022 Typ uchwytu narz\u0119dziowego HEX 1\/4\u201d<br \/>\n\u2022 Min-Max gwintu gwintowanych element\u00f3w mocuj\u0105cych: M12-M22<br \/>\n\u2022 Waga [kg] 1,2 kg<br \/>\n\u2022 Index S-97341<br \/>\n\u2022 Kod EAN: 5904012115439<\/p>\n","protected":false},"excerpt":{"rendered":"<p>Zakr\u0119tarka udarowa STALCO ISS20-300BL to niezawodne narz\u0119dzie, idealne do wykonywania precyzyjnych prac monterskich. Jest nieoceniona przy obs\u0142udze po\u0142\u0105cze\u0144 \u015brubowych oraz wierceniu. Silnik charakteryzuje si\u0119 wysokim momentem obrotowym, a jego czterostopniowa regulacja umo\u017cliwia dostosowanie do r\u00f3\u017cnych rodzaj\u00f3w prac.<\/p>\n","protected":false},"featured_media":23572,"comment_status":"open","ping_status":"closed","template":"","meta":{"_acf_changed":false,"inline_featured_image":false},"product_cat":[2895],"product_tag":[1505,2533],"class_list":{"0":"post-23497","1":"product","2":"type-product","3":"status-publish","4":"has-post-thumbnail","6":"product_cat-stalco","7":"product_tag-stalco","8":"product_tag-zakretarka-udarowa","10":"first","11":"outofstock","12":"shipping-taxable","13":"purchasable","14":"product-type-simple"},"acf":[],"_links":{"self":[{"href":"https:\/\/e-adams.pl\/de\/wp-json\/wp\/v2\/product\/23497","targetHints":{"allow":["GET"]}}],"collection":[{"href":"https:\/\/e-adams.pl\/de\/wp-json\/wp\/v2\/product"}],"about":[{"href":"https:\/\/e-adams.pl\/de\/wp-json\/wp\/v2\/types\/product"}],"replies":[{"embeddable":true,"href":"https:\/\/e-adams.pl\/de\/wp-json\/wp\/v2\/comments?post=23497"}],"wp:featuredmedia":[{"embeddable":true,"href":"https:\/\/e-adams.pl\/de\/wp-json\/wp\/v2\/media\/23572"}],"wp:attachment":[{"href":"https:\/\/e-adams.pl\/de\/wp-json\/wp\/v2\/media?parent=23497"}],"wp:term":[{"taxonomy":"product_cat","embeddable":true,"href":"https:\/\/e-adams.pl\/de\/wp-json\/wp\/v2\/product_cat?post=23497"},{"taxonomy":"product_tag","embeddable":true,"href":"https:\/\/e-adams.pl\/de\/wp-json\/wp\/v2\/product_tag?post=23497"}],"curies":[{"name":"wp","href":"https:\/\/api.w.org\/{rel}","templated":true}]}}