{"id":24249,"date":"2024-02-02T10:41:43","date_gmt":"2024-02-02T09:41:43","guid":{"rendered":"https:\/\/e-adams.pl\/produkt\/panele-podlogowe-classen\/"},"modified":"2024-04-19T08:21:42","modified_gmt":"2024-04-19T06:21:42","slug":"panele-podlogowe-classen","status":"publish","type":"product","link":"https:\/\/e-adams.pl\/de\/produkt\/panele-podlogowe-classen\/","title":{"rendered":"CLASSEN Fu\u00dfbodenpaneele"},"content":{"rendered":"<h2>Classen: Innovation und Qualit\u00e4t bei Laminatb\u00f6den<\/h2>\n<p>Classen ist einer der f\u00fchrenden weltweiten Hersteller von Laminatpaneelen, die f\u00fcr h\u00f6chste Qualit\u00e4t, Innovation und Design stehen. Unser Unternehmen symbolisiert deutsche Ingenieurspr\u00e4zision und nachhaltige Entwicklung, was uns zum Marktf\u00fchrer in der Bodenbelagsbranche macht. Durch den Einsatz fortschrittlicher Produktionstechnologie bietet Classen eine breite Palette von Designs und Farben von Laminatpaneelen, die Holz, Stein und andere nat\u00fcrliche Materialien perfekt imitieren. Unsere Paneele sind mit einem Klicksystem ausgestattet, das die Installation vereinfacht und eine langanhaltende Haltbarkeit gew\u00e4hrleistet. Wir sind Vorreiter in nachhaltiger Produktion, und unsere Produkte sind mit Umweltzertifikaten versehen, die ihren geringen Umwelteinfluss best\u00e4tigen.<\/p>\n<h2>Adams \u017bary Einkaufszentrum<\/h2>\n<p>Das gr\u00f6\u00dfte Bodenbelagszentrum in der Umgebung, mit einer gro\u00dfen Auswahl an Bodenbel\u00e4gen, Bodenpaneelen und Zubeh\u00f6r. Bei uns finden Sie nur Produkte von h\u00f6chster Qualit\u00e4t des renommierten Herstellers Classen. In unserem Sortiment finden Sie laminatb\u00f6den, die sowohl eine hohe Abriebfestigkeit als auch Wasserbest\u00e4ndigkeit aufweisen, wodurch sie sich ideal f\u00fcr Bereiche mit erh\u00f6hten Anforderungen eignen. Wir bieten auch alle erforderlichen Accessoires und Werkzeuge, da unser Ziel darin besteht, umfassende L\u00f6sungen anzubieten. Unsere langj\u00e4hrige Erfahrung im Handel mit solchen Produkten hat uns sensibel f\u00fcr die Bed\u00fcrfnisse der Kunden gemacht, weshalb wir in den Regionen \u017bary, Lipinki \u0141u\u017cyckie, Lubsko, Nowogr\u00f3d Bobrz., Szprotawa, Nowa S\u00f3l, Sieniawa \u017barska, Zielona G\u00f3ra, \u0141\u0119knica, Przew\u00f3z und \u017baga\u0144 f\u00fchrend sind.<\/p>\n","protected":false},"excerpt":{"rendered":"<p>Classen: Innovation und Qualit\u00e4t bei Laminatb\u00f6den Classen ist einer der f\u00fchrenden weltweiten Hersteller von Laminatpaneelen, die f\u00fcr h\u00f6chste Qualit\u00e4t, Innovation und Design stehen. Unser Unternehmen symbolisiert deutsche Ingenieurspr\u00e4zision und nachhaltige Entwicklung, was uns zum Marktf\u00fchrer&#8230;<\/p>\n<div class=\"text-center\"><a class=\"button-link\" href=\"https:\/\/e-adams.pl\/de\/produkt\/panele-podlogowe-classen\/\">Czytaj wi\u0119cej<\/a><\/div>\n","protected":false},"featured_media":24234,"comment_status":"closed","ping_status":"closed","template":"","meta":{"_acf_changed":false,"inline_featured_image":false},"product_cat":[2743],"product_tag":[2764,2763,2767,2766,2762,2765],"class_list":{"0":"post-24249","1":"product","2":"type-product","3":"status-publish","4":"has-post-thumbnail","6":"product_cat-bodenpaneele","7":"product_tag-boden","8":"product_tag-bodenplatten","9":"product_tag-classen-de","10":"product_tag-fussbodenpaneele","11":"product_tag-laminatplatten","12":"product_tag-paneele","14":"first","15":"instock","16":"shipping-taxable","17":"product-type-simple"},"acf":[],"_links":{"self":[{"href":"https:\/\/e-adams.pl\/de\/wp-json\/wp\/v2\/product\/24249","targetHints":{"allow":["GET"]}}],"collection":[{"href":"https:\/\/e-adams.pl\/de\/wp-json\/wp\/v2\/product"}],"about":[{"href":"https:\/\/e-adams.pl\/de\/wp-json\/wp\/v2\/types\/product"}],"replies":[{"embeddable":true,"href":"https:\/\/e-adams.pl\/de\/wp-json\/wp\/v2\/comments?post=24249"}],"wp:featuredmedia":[{"embeddable":true,"href":"https:\/\/e-adams.pl\/de\/wp-json\/wp\/v2\/media\/24234"}],"wp:attachment":[{"href":"https:\/\/e-adams.pl\/de\/wp-json\/wp\/v2\/media?parent=24249"}],"wp:term":[{"taxonomy":"product_cat","embeddable":true,"href":"https:\/\/e-adams.pl\/de\/wp-json\/wp\/v2\/product_cat?post=24249"},{"taxonomy":"product_tag","embeddable":true,"href":"https:\/\/e-adams.pl\/de\/wp-json\/wp\/v2\/product_tag?post=24249"}],"curies":[{"name":"wp","href":"https:\/\/api.w.org\/{rel}","templated":true}]}}