{"id":24251,"date":"2024-02-02T09:27:13","date_gmt":"2024-02-02T08:27:13","guid":{"rendered":"https:\/\/e-adams.pl\/produkt\/panele-podlogowe-vox\/"},"modified":"2024-04-19T08:23:11","modified_gmt":"2024-04-19T06:23:11","slug":"vox-fussbodenpaneele","status":"publish","type":"product","link":"https:\/\/e-adams.pl\/de\/produkt\/vox-fussbodenpaneele\/","title":{"rendered":"VOX Fu\u00dfbodenpaneele"},"content":{"rendered":"<h2>Durchdacht und gut gestaltet<\/h2>\n<p>VOX ist eine Marke, die seit 1989 auf dem Markt pr\u00e4sent ist und sich auf die Herstellung von Bodenpaneelen spezialisiert hat, w\u00e4hrend sie gleichzeitig eine breite Palette von Produkten zur Innenraumgestaltung anbietet. Ihre Mission besteht darin, bei der Schaffung pers\u00f6nlicher R\u00e4ume zu helfen, die die individuellen Bed\u00fcrfnisse und den Lebensstil der Bewohner widerspiegeln. Durch die Zusammenarbeit mit herausragenden polnischen Designern schafft das Unternehmen originelle und funktionale Kollektionen, die B\u00f6den, T\u00fcren, dekorative W\u00e4nde, M\u00f6bel und Accessoires umfassen und so eine stilistische Koh\u00e4renz gew\u00e4hrleisten. Sie zeichnen sich nicht nur durch eine innovative Innenraumdesign-Plattform aus, sondern auch durch die Verf\u00fcgbarkeit von Beratern in den Gesch\u00e4ften, die den Kunden bei der Umsetzung ihrer Vision vom perfekten Zuhause helfen. Die Betonung von Qualit\u00e4t und Haltbarkeit der angebotenen Produkte unterstreicht das Bestreben der Marke sicherzustellen, dass ihre Produkte den Benutzern viele Jahre dienen und Teil ihres t\u00e4glichen Lebens werden, ihr Selbstwertgef\u00fchl, Gl\u00fcck und Freiheit beeinflussen.<\/p>\n<h2>Adams \u017bary Einkaufszentrum<\/h2>\n<p>Es ist das gr\u00f6\u00dfte Zentrum f\u00fcr B\u00f6den, Bodenpaneele und Zubeh\u00f6r in der Umgebung. Bei uns finden Sie nur Produkte von h\u00f6chster Qualit\u00e4t des bekannten Herstellers VOX. In unserem Angebot finden Sie laminatbasierte Paneele, die sich durch hohe Abriebfestigkeit und Wasserdichtigkeit auszeichnen und somit in Bereichen mit erh\u00f6hten Anforderungen Anwendung finden. Alle erforderlichen Accessoires und Werkzeuge stehen zur Verf\u00fcgung, da unser Ziel darin besteht, umfassende L\u00f6sungen anzubieten. Unsere langj\u00e4hrige Erfahrung im Handel mit solchen Produkten hat uns f\u00fcr die Bed\u00fcrfnisse der Kunden sensibilisiert, daher sind wir f\u00fchrend im Bereich der Bodenbel\u00e4ge in den Regionen \u017bary, Lipinki \u0141u\u017cyckie, Lubsko, Nowogr\u00f3d Bobrz., Szprotawa, Nowa S\u00f3l, Sieniawa \u017barska, Zielona G\u00f3ra, \u0141\u0119knica, Przew\u00f3z und \u017baga\u0144.<\/p>\n","protected":false},"excerpt":{"rendered":"<p>Durchdacht und gut gestaltet VOX ist eine Marke, die seit 1989 auf dem Markt pr\u00e4sent ist und sich auf die Herstellung von Bodenpaneelen spezialisiert hat, w\u00e4hrend sie gleichzeitig eine breite Palette von Produkten zur Innenraumgestaltung&#8230;<\/p>\n<div class=\"text-center\"><a class=\"button-link\" href=\"https:\/\/e-adams.pl\/de\/produkt\/vox-fussbodenpaneele\/\">Czytaj wi\u0119cej<\/a><\/div>\n","protected":false},"featured_media":24232,"comment_status":"closed","ping_status":"closed","template":"","meta":{"_acf_changed":false,"inline_featured_image":false},"product_cat":[2743],"product_tag":[2764,2763,2766,2762,2765,2768],"class_list":{"0":"post-24251","1":"product","2":"type-product","3":"status-publish","4":"has-post-thumbnail","6":"product_cat-bodenpaneele","7":"product_tag-boden","8":"product_tag-bodenplatten","9":"product_tag-fussbodenpaneele","10":"product_tag-laminatplatten","11":"product_tag-paneele","12":"product_tag-vox-de","14":"first","15":"instock","16":"shipping-taxable","17":"product-type-simple"},"acf":[],"_links":{"self":[{"href":"https:\/\/e-adams.pl\/de\/wp-json\/wp\/v2\/product\/24251","targetHints":{"allow":["GET"]}}],"collection":[{"href":"https:\/\/e-adams.pl\/de\/wp-json\/wp\/v2\/product"}],"about":[{"href":"https:\/\/e-adams.pl\/de\/wp-json\/wp\/v2\/types\/product"}],"replies":[{"embeddable":true,"href":"https:\/\/e-adams.pl\/de\/wp-json\/wp\/v2\/comments?post=24251"}],"wp:featuredmedia":[{"embeddable":true,"href":"https:\/\/e-adams.pl\/de\/wp-json\/wp\/v2\/media\/24232"}],"wp:attachment":[{"href":"https:\/\/e-adams.pl\/de\/wp-json\/wp\/v2\/media?parent=24251"}],"wp:term":[{"taxonomy":"product_cat","embeddable":true,"href":"https:\/\/e-adams.pl\/de\/wp-json\/wp\/v2\/product_cat?post=24251"},{"taxonomy":"product_tag","embeddable":true,"href":"https:\/\/e-adams.pl\/de\/wp-json\/wp\/v2\/product_tag?post=24251"}],"curies":[{"name":"wp","href":"https:\/\/api.w.org\/{rel}","templated":true}]}}