{"id":24252,"date":"2024-04-10T12:10:57","date_gmt":"2024-04-10T10:10:57","guid":{"rendered":"https:\/\/e-adams.pl\/produkt\/panele-podlogowe-ter-huerne\/"},"modified":"2024-04-19T08:23:37","modified_gmt":"2024-04-19T06:23:37","slug":"panele-podlogowe-ter-huerne","status":"publish","type":"product","link":"https:\/\/e-adams.pl\/de\/produkt\/panele-podlogowe-ter-huerne\/","title":{"rendered":"TER H\u00dcRNE Fu\u00dfbodenpaneele"},"content":{"rendered":"<h2>Fu\u00dfboden Eco mit einer Seele aus Holz<\/h2>\n<p>Der laminatboden von Ter H\u00fcrne ist eine umweltfreundliche Wahl, fast vollst\u00e4ndig aus Holz aus nachhaltigen W\u00e4ldern hergestellt, ohne sch\u00e4dliche Substanzen. Mit Zertifikaten des Blauen Engels und des eco-Instituts garantieren wir ein gesundes Raumklima. Mit 60 Jahren Erfahrung in der Branche bieten wir B\u00f6den mit nat\u00fcrlichen Mustern und Strukturen an, die echtes Holz perfekt imitieren. Ter H\u00fcrne hat sechzig Jahre Erfahrung in der Herstellung von Parkettb\u00f6den, was es uns erm\u00f6glicht, laminatb\u00f6den mit tiefem Wissen \u00fcber Holz zu entwerfen. Das Ergebnis dieses Wissens sind Muster, Oberfl\u00e4chenstrukturen und Formate unserer B\u00f6den, die echtem Holz t\u00e4uschend \u00e4hnlich sehen und \u00c4sthetik mit Umweltverantwortung verbinden.<\/p>\n<h2>Einkaufszentrum Adams \u017bary<\/h2>\n<p>Es ist das gr\u00f6\u00dfte Zentrum f\u00fcr Fu\u00dfb\u00f6den, Laminatb\u00f6den und Zubeh\u00f6r in der Gegend. Bei uns finden Sie nur Produkte von h\u00f6chster Qualit\u00e4t des renommierten Herstellers Ter H\u00fcrne. In unserem Sortiment finden Sie laminatb\u00f6den, die dank ihrer hohen Abriebfestigkeit und Wasserbest\u00e4ndigkeit in Bereichen mit erh\u00f6hten Anforderungen eingesetzt werden k\u00f6nnen. Alle notwendigen Accessoires und Werkzeuge stehen zur Verf\u00fcgung, denn unser Ziel ist es, umfassende L\u00f6sungen anzubieten. Unsere langj\u00e4hrige Erfahrung im Handel mit solchen Produkten hat uns sensibel f\u00fcr die Bed\u00fcrfnisse unserer Kunden gemacht, weshalb wir f\u00fchrend im Bereich Fu\u00dfb\u00f6den in den Regionen \u017bary, Lipinki \u0141u\u017cyckie, Lubsko, Nowogr\u00f3d Bobrz., Szprotawa, Nowa S\u00f3l, Sieniawa \u017barska, Zielona G\u00f3ra, \u0141\u0119knica, Przew\u00f3z und \u017baga\u0144 sind.<\/p>\n<p>&nbsp;<\/p>\n","protected":false},"excerpt":{"rendered":"<p>Fu\u00dfboden Eco mit einer Seele aus Holz Der laminatboden von Ter H\u00fcrne ist eine umweltfreundliche Wahl, fast vollst\u00e4ndig aus Holz aus nachhaltigen W\u00e4ldern hergestellt, ohne sch\u00e4dliche Substanzen. Mit Zertifikaten des Blauen Engels und des eco-Instituts&#8230;<\/p>\n<div class=\"text-center\"><a class=\"button-link\" href=\"https:\/\/e-adams.pl\/de\/produkt\/panele-podlogowe-ter-huerne\/\">Czytaj wi\u0119cej<\/a><\/div>\n","protected":false},"featured_media":24233,"comment_status":"closed","ping_status":"closed","template":"","meta":{"_acf_changed":false,"inline_featured_image":false},"product_cat":[2743],"product_tag":[2764,2763,2766,2762,2765,2769],"class_list":{"0":"post-24252","1":"product","2":"type-product","3":"status-publish","4":"has-post-thumbnail","6":"product_cat-bodenpaneele","7":"product_tag-boden","8":"product_tag-bodenplatten","9":"product_tag-fussbodenpaneele","10":"product_tag-laminatplatten","11":"product_tag-paneele","12":"product_tag-ter-huerne","14":"first","15":"instock","16":"shipping-taxable","17":"product-type-simple"},"acf":[],"_links":{"self":[{"href":"https:\/\/e-adams.pl\/de\/wp-json\/wp\/v2\/product\/24252","targetHints":{"allow":["GET"]}}],"collection":[{"href":"https:\/\/e-adams.pl\/de\/wp-json\/wp\/v2\/product"}],"about":[{"href":"https:\/\/e-adams.pl\/de\/wp-json\/wp\/v2\/types\/product"}],"replies":[{"embeddable":true,"href":"https:\/\/e-adams.pl\/de\/wp-json\/wp\/v2\/comments?post=24252"}],"wp:featuredmedia":[{"embeddable":true,"href":"https:\/\/e-adams.pl\/de\/wp-json\/wp\/v2\/media\/24233"}],"wp:attachment":[{"href":"https:\/\/e-adams.pl\/de\/wp-json\/wp\/v2\/media?parent=24252"}],"wp:term":[{"taxonomy":"product_cat","embeddable":true,"href":"https:\/\/e-adams.pl\/de\/wp-json\/wp\/v2\/product_cat?post=24252"},{"taxonomy":"product_tag","embeddable":true,"href":"https:\/\/e-adams.pl\/de\/wp-json\/wp\/v2\/product_tag?post=24252"}],"curies":[{"name":"wp","href":"https:\/\/api.w.org\/{rel}","templated":true}]}}